{"id":62284,"date":"2026-02-19T01:36:19","date_gmt":"2026-02-18T17:36:19","guid":{"rendered":"https:\/\/www.saferide.ph\/politique-des-cookies\/"},"modified":"2026-04-20T17:20:52","modified_gmt":"2026-04-20T09:20:52","slug":"politique-des-cookies","status":"publish","type":"page","link":"https:\/\/www.saferide.ph\/fr\/politique-des-cookies\/","title":{"rendered":"Politique des cookies"},"content":{"rendered":"<div class=\"et_pb_section_0 et_pb_section et_section_regular et_block_section preset--module--divi-section--cc6fcb23-cf2c-4494-aa1b-c58750f9b12e\">\n<div class=\"et_pb_row_0 et_pb_row et_block_row et_animated preset--module--divi-row--default\">\n<div class=\"et_pb_column_0 et_pb_column et_pb_column_4_4 et-last-child et_block_column et_pb_css_mix_blend_mode_passthrough preset--module--divi-column--default\">\n<div class=\"et_pb_text_0 et_pb_text et_pb_bg_layout_light et_pb_module et_block_module preset--module--divi-text--default\"><div class=\"et_pb_text_inner\"><p>Cette page fournit des informations compl\u00e8tes sur la mani\u00e8re dont nous utilisons les cookies sur notre site web pour am\u00e9liorer votre exp\u00e9rience de navigation, am\u00e9liorer les performances du site et proposer du contenu personnalis\u00e9. Les cookies sont de petits fichiers texte stock\u00e9s sur votre appareil lorsque vous visitez notre site. Ils nous aident \u00e0 comprendre comment les visiteurs interagissent avec notre site web, nous permettant d\u2019offrir une exp\u00e9rience utilisateur plus fluide et plus efficace. Dans le tableau ci-dessous, vous trouverez des informations d\u00e9taill\u00e9es sur chaque type de cookie que nous utilisons, leur utilit\u00e9 et la dur\u00e9e pendant laquelle ils restent sur votre appareil. Nous nous engageons \u00e0 respecter votre vie priv\u00e9e et \u00e0 fournir de la transparence sur les donn\u00e9es que nous collectons via les cookies. Pour plus d\u2019informations sur la mani\u00e8re dont nous traitons vos donn\u00e9es personnelles, veuillez consulter notre <a href=\"https:\/\/www.saferide.ph\/fr\/conditions-dutilisation\/\">Politique de confidentialit\u00e9.<\/a>     <\/p>\n<div class=\"wpconsent-cookie-policy\"><h2 class=\"wpconsent-cookie-category-name\">Essential<\/h2><p class=\"wpconsent-cookie-category-description\">Essential cookies enable basic functions and are necessary for the proper function of the website.<\/p><table class=\"wpconsent-cookie-policy-table\"><tr><th>Name<\/th><th>Description<\/th><th>Duration<\/th><\/tr><tr><td>wpconsent_preferences<\/td><td>This cookie is used to store the user&#039;s cookie consent preferences.<\/td><td>30 days<\/td><\/tr><\/table><h2 class=\"wpconsent-cookie-category-name\">Statistics<\/h2><p class=\"wpconsent-cookie-category-description\">Statistics cookies collect information anonymously. This information helps us understand how visitors use our website.<\/p><h3 class=\"wpconsent-cookie-service-name\">Google Analytics<\/h3><p class=\"wpconsent-cookie-service-description\">Google Analytics is a powerful tool that tracks and analyzes website traffic for informed marketing decisions.<\/p><a href=\"https:\/\/policies.google.com\/privacy\" target=\"_blank\" rel=\"noopener\">Learn more<\/a><table class=\"wpconsent-cookie-policy-table\"><tr><th>Name<\/th><th>Description<\/th><th>Duration<\/th><\/tr><tr><td>_gac_<\/td><td>Contains information related to marketing campaigns of the user. These are shared with Google AdWords \/ Google Ads when the Google Ads and Google Analytics accounts are linked together.<\/td><td>90 days<\/td><\/tr><tr><td>__utma<\/td><td>ID used to identify users and sessions<\/td><td>2 years after last activity<\/td><\/tr><tr><td>__utmt<\/td><td>Used to monitor number of Google Analytics server requests<\/td><td>10 minutes<\/td><\/tr><tr><td>__utmb<\/td><td>Used to distinguish new sessions and visits. This cookie is set when the GA.js javascript library is loaded and there is no existing __utmb cookie. The cookie is updated every time data is sent to the Google Analytics server.<\/td><td>30 minutes after last activity<\/td><\/tr><tr><td>__utmc<\/td><td>Used only with old Urchin versions of Google Analytics and not with GA.js. Was used to distinguish between new sessions and visits at the end of a session.<\/td><td>End of session (browser)<\/td><\/tr><tr><td>__utmz<\/td><td>Contains information about the traffic source or campaign that directed user to the website. The cookie is set when the GA.js javascript is loaded and updated when data is sent to the Google Anaytics server<\/td><td>6 months after last activity<\/td><\/tr><tr><td>__utmv<\/td><td>Contains custom information set by the web developer via the _setCustomVar method in Google Analytics. This cookie is updated every time new data is sent to the Google Analytics server.<\/td><td>2 years after last activity<\/td><\/tr><tr><td>__utmx<\/td><td>Used to determine whether a user is included in an A \/ B or Multivariate test.<\/td><td>18 months<\/td><\/tr><tr><td>_ga<\/td><td>ID used to identify users<\/td><td>2 years<\/td><\/tr><tr><td>_gali<\/td><td>Used by Google Analytics to determine which links on a page are being clicked<\/td><td>30 seconds<\/td><\/tr><tr><td>_ga_<\/td><td>ID used to identify users<\/td><td>2 years<\/td><\/tr><tr><td>_gid<\/td><td>ID used to identify users for 24 hours after last activity<\/td><td>24 hours<\/td><\/tr><tr><td>_gat<\/td><td>Used to monitor number of Google Analytics server requests when using Google Tag Manager<\/td><td>1 minute<\/td><\/tr><\/table><h3 class=\"wpconsent-cookie-service-name\">WooCommerce Sourcebuster<\/h3><p class=\"wpconsent-cookie-service-description\">SourceBuster is used by WooCommerce for order attribution based on user source.<\/p><table class=\"wpconsent-cookie-policy-table\"><tr><th>Name<\/th><th>Description<\/th><th>Duration<\/th><\/tr><tr><td>sbjs_session<\/td><td>The number of page views in this session and the current page path<\/td><td>30 minutes<\/td><\/tr><tr><td>sbjs_udata<\/td><td>Information about the visitor\u2019s user agent, such as IP, the browser, and the device type<\/td><td>session<\/td><\/tr><tr><td>sbjs_first<\/td><td>Traffic origin information for the visitor\u2019s first visit to your store (only applicable if the visitor returns before the session expires)<\/td><td>session<\/td><\/tr><tr><td>sbjs_current<\/td><td>Traffic origin information for the visitor\u2019s current visit to your store<\/td><td>session<\/td><\/tr><tr><td>sbjs_first_add<\/td><td>Timestamp, referring URL, and entry page for your visitor\u2019s first visit to your store (only applicable if the visitor returns before the session expires)<\/td><td>session<\/td><\/tr><tr><td>sbjs_current_add<\/td><td>Timestamp, referring URL, and entry page for your visitor\u2019s current visit to your store<\/td><td>session<\/td><\/tr><tr><td>sbjs_migrations<\/td><td>Technical data to help with migrations between different versions of the tracking feature<\/td><td>session<\/td><\/tr><\/table><\/div>\n<\/div><\/div>\n<\/div>\n<\/div>\n<\/div>","protected":false},"excerpt":{"rendered":"","protected":false},"author":1,"featured_media":0,"parent":0,"menu_order":0,"comment_status":"closed","ping_status":"closed","template":"","meta":{"footnotes":""},"class_list":["post-62284","page","type-page","status-publish","hentry"],"dsm_author":{"name":"saferide","avatar_url":"https:\/\/secure.gravatar.com\/avatar\/bb7957cad8306c80171926f5ebf6330cd52c16916d2da7f696b301abbe2569ff?s=96&d=mm&r=g","archive_link":"https:\/\/www.saferide.ph\/fr\/author\/saferide\/","biodata":""},"dsm_categories":[],"dsm_attachment_categories":[],"dsm_featured_image":null,"_links":{"self":[{"href":"https:\/\/www.saferide.ph\/fr\/wp-json\/wp\/v2\/pages\/62284","targetHints":{"allow":["GET"]}}],"collection":[{"href":"https:\/\/www.saferide.ph\/fr\/wp-json\/wp\/v2\/pages"}],"about":[{"href":"https:\/\/www.saferide.ph\/fr\/wp-json\/wp\/v2\/types\/page"}],"author":[{"embeddable":true,"href":"https:\/\/www.saferide.ph\/fr\/wp-json\/wp\/v2\/users\/1"}],"replies":[{"embeddable":true,"href":"https:\/\/www.saferide.ph\/fr\/wp-json\/wp\/v2\/comments?post=62284"}],"version-history":[{"count":2,"href":"https:\/\/www.saferide.ph\/fr\/wp-json\/wp\/v2\/pages\/62284\/revisions"}],"predecessor-version":[{"id":62288,"href":"https:\/\/www.saferide.ph\/fr\/wp-json\/wp\/v2\/pages\/62284\/revisions\/62288"}],"wp:attachment":[{"href":"https:\/\/www.saferide.ph\/fr\/wp-json\/wp\/v2\/media?parent=62284"}],"curies":[{"name":"wp","href":"https:\/\/api.w.org\/{rel}","templated":true}]}}