{"id":62277,"date":"2025-07-04T16:31:07","date_gmt":"2025-07-04T08:31:07","guid":{"rendered":"https:\/\/www.saferide.ph\/wagon\/"},"modified":"2026-04-20T17:20:47","modified_gmt":"2026-04-20T09:20:47","slug":"wagon","status":"publish","type":"page","link":"https:\/\/www.saferide.ph\/fr\/wagon\/","title":{"rendered":"Wagon"},"content":{"rendered":"<div class=\"et_pb_section_0 et_pb_section et_section_regular et_block_section section_has_divider et_pb_top_divider et_pb_bottom_divider preset--module--divi-section--default\"><div class=\"et_pb_top_inside_divider et-no-transition\"><\/div><div class=\"et_pb_row_0 et_pb_row et_block_row et_animated preset--module--divi-row--default\"><div class=\"et_pb_column_0 et_pb_column et_pb_column_4_4 et-last-child et_block_column et_pb_css_mix_blend_mode_passthrough preset--module--divi-column--default\"><div class=\"et_pb_post_title_0 et_pb_post_title et_pb_bg_layout_light et_pb_module et_flex_module\"><div class=\"et_pb_title_container\"><h1 class=\"entry-title\">Wagon<\/h1><\/div><\/div><div class=\"et_pb_wc_cart_notice_0 et_pb_wc_cart_notice et_pb_fields_layout_default et_pb_module\"><div class=\"et_pb_module_inner\">\n\t<div class=\"woocommerce-message\" role=\"alert\">\n\t\t&laquo;D\u00e9p\u00f4t de garantie remboursable&raquo; a \u00e9t\u00e9 ajout\u00e9 \u00e0 votre panier. <a href=\"https:\/\/www.saferide.ph\/fr\/boutique\/\" class=\"button wc-forward\">Poursuivre les achats<\/a>\t<\/div>\n<\/div><\/div><div class=\"et_pb_wc_cart_products_0 et_pb_wc_cart_products woocommerce-cart woocommerce et_pb_wc_cart_empty et_pb_row_layout_default et_pb_module\"><div class=\"et_pb_module_inner\">\n<form class=\"woocommerce-cart-form\" action=\"https:\/\/www.saferide.ph\/fr\/wagon\/\" method=\"post\">\n\t\n\t<table class=\"shop_table shop_table_responsive cart woocommerce-cart-form__contents\" cellspacing=\"0\">\n\t\t<thead>\n\t\t\t<tr>\n\t\t\t\t<th class=\"product-remove\">&nbsp;<\/th>\n\t\t\t\t<th class=\"product-thumbnail\">&nbsp;<\/th>\n\t\t\t\t<th class=\"product-name\">Produit<\/th>\n\t\t\t\t<th class=\"product-price\">Prix<\/th>\n\t\t\t\t<th class=\"product-quantity\">Quantit\u00e9<\/th>\n\t\t\t\t<th class=\"product-subtotal\">Sous-total<\/th>\n\t\t\t<\/tr>\n\t\t<\/thead>\n\t\t<tbody>\n\t\t\t\n\t\t\t\t\t\t\t\t<tr class=\"woocommerce-cart-form__cart-item cart_item\">\n\n\t\t\t\t\t\t<td class=\"product-remove\">\n\t\t\t\t\t\t\t<a href=\"https:\/\/www.saferide.ph\/fr\/wagon\/?remove_item=b706835de79a2b4e80506f582af3676a&#038;_wpnonce=c9fe3e61b5\" class=\"remove\" aria-label=\"Remove this item\" data-product_id=\"999\" data-product_sku=\"product-name\">&times;<\/a>\t\t\t\t\t\t<\/td>\n\n\t\t\t\t\t\t<td class=\"product-thumbnail\">\n\t\t\t\t\t\t<a href=\"#\"><img decoding=\"async\" src=\"data:image\/svg+xml;base64,PHN2ZyBpZD0ibXlTdmdFbGVtZW50IiB3aWR0aD0iNTQwIiBoZWlnaHQ9IjU0MCIgdmlld0JveD0iMCAwIDU0MCA1NDAiIHhtbG5zPSJodHRwOi8vd3d3LnczLm9yZy8yMDAwL3N2ZyI+Cgk8Zz4KCQk8cGF0aCBkPSJNMCwwaDU0MHY1NDBIMFYweiIgZmlsbD0iI0VCRUJFQiIvPgoJCTxwYXRoIGQ9Ik00NDUuNiw1NDBoLTk5bC0yMDItMjAyTDAsNDgyLjZ2LTk5bDExNi40LTExNi40YzE1LjYtMTUuNiw0MC45LTE1LjYsNTYuNiwwTDQ0NS42LDU0MEw0NDUuNiw1NDB6IiBmaWxsLW9wYWNpdHk9Ii4xIiBmaWxsPSIjMDAwIiBmaWxsLXJ1bGU9Im5vbnplcm8iLz4KCQk8Y2lyY2xlIGN4PSIzMzEiIGN5PSIxNDgiIHI9IjcwIiBmaWxsLW9wYWNpdHk9Ii4wNSIgZmlsbD0iIzAwMCIvPgoJCTxwb2x5Z29uIHBvaW50cz0iNTQwLDIxNS4yIDIxNS4yLDU0MCAzMjguMyw1NDAgNTQwLDMyOC4zIiBmaWxsLW9wYWNpdHk9Ii4yIiBmaWxsPSIjMDAwIiBmaWxsLXJ1bGU9Im5vbnplcm8iLz4KCTwvZz4KPC9zdmc+\" alt=\"Image du produit\" title=\"\"><\/a>\t\t\t\t\t\t<\/td>\n\n\t\t\t\t\t\t<td class=\"product-name\" data-title=\"Produit\">\n\t\t\t\t\t\t<a href=\"\"><\/a>\t\t\t\t\t\t<\/td>\n\n\t\t\t\t\t\t<td class=\"product-price\" data-title=\"Prix\">\n\t\t\t\t\t\t\t<span class=\"woocommerce-Price-amount amount\"><bdi><span class=\"woocommerce-Price-currencySymbol\">&#8369;<\/span>12<\/bdi><\/span>\t\t\t\t\t\t<\/td>\n\n\t\t\t\t\t\t<td class=\"product-quantity\" data-title=\"Quantit\u00e9\">\n\t\t\t\t\t\t\t<div class=\"quantity\">\n\t\t\t\t<label class=\"screen-reader-text\" for=\"quantity_69e63fa184eb7\">quantit\u00e9 de Produit 1<\/label>\n\t\t<input\n\t\t\ttype=\"number\"\n\t\t\tid=\"quantity_69e63fa184eb7\"\n\t\t\tclass=\"input-text qty text\"\n\t\t\tstep=\"1\"\n\t\t\tmin=\"0\"\n\t\t\tmax=\"50\"\n\t\t\tname=\"cart[b706835de79a2b4e80506f582af3676a][qty]\"\n\t\t\tvalue=\"3\"\n\t\t\ttitle=\"Qty\"\n\t\t\tsize=\"4\"\n\t\t\tplaceholder=\"\"\n\t\t\tinputmode=\"numeric\"\n\t\t\/>\n\t\t\t\t\t<\/div>\n\t\t\t\t\t\t\t<\/td>\n\n\t\t\t\t\t\t<td class=\"product-subtotal\" data-title=\"Sous-total\">\n\t\t\t\t\t\t\t<span class=\"woocommerce-Price-amount amount\"><bdi><span class=\"woocommerce-Price-currencySymbol\">&#8369;<\/span>36<\/bdi><\/span>\t\t\t\t\t\t<\/td>\n\t\t\t\t\t<\/tr>\n\t\t\t\t\t\t\t\t\t\t<tr class=\"woocommerce-cart-form__cart-item cart_item\">\n\n\t\t\t\t\t\t<td class=\"product-remove\">\n\t\t\t\t\t\t\t<a href=\"https:\/\/www.saferide.ph\/fr\/wagon\/?remove_item=a9b7ba70783b617e9998dc4dd82eb3c5&#038;_wpnonce=c9fe3e61b5\" class=\"remove\" aria-label=\"Remove this item\" data-product_id=\"1000\" data-product_sku=\"product-name\">&times;<\/a>\t\t\t\t\t\t<\/td>\n\n\t\t\t\t\t\t<td class=\"product-thumbnail\">\n\t\t\t\t\t\t<a href=\"#\"><img decoding=\"async\" src=\"data:image\/svg+xml;base64,PHN2ZyBpZD0ibXlTdmdFbGVtZW50IiB3aWR0aD0iNTQwIiBoZWlnaHQ9IjU0MCIgdmlld0JveD0iMCAwIDU0MCA1NDAiIHhtbG5zPSJodHRwOi8vd3d3LnczLm9yZy8yMDAwL3N2ZyI+Cgk8Zz4KCQk8cGF0aCBkPSJNMCwwaDU0MHY1NDBIMFYweiIgZmlsbD0iI0VCRUJFQiIvPgoJCTxwYXRoIGQ9Ik00NDUuNiw1NDBoLTk5bC0yMDItMjAyTDAsNDgyLjZ2LTk5bDExNi40LTExNi40YzE1LjYtMTUuNiw0MC45LTE1LjYsNTYuNiwwTDQ0NS42LDU0MEw0NDUuNiw1NDB6IiBmaWxsLW9wYWNpdHk9Ii4xIiBmaWxsPSIjMDAwIiBmaWxsLXJ1bGU9Im5vbnplcm8iLz4KCQk8Y2lyY2xlIGN4PSIzMzEiIGN5PSIxNDgiIHI9IjcwIiBmaWxsLW9wYWNpdHk9Ii4wNSIgZmlsbD0iIzAwMCIvPgoJCTxwb2x5Z29uIHBvaW50cz0iNTQwLDIxNS4yIDIxNS4yLDU0MCAzMjguMyw1NDAgNTQwLDMyOC4zIiBmaWxsLW9wYWNpdHk9Ii4yIiBmaWxsPSIjMDAwIiBmaWxsLXJ1bGU9Im5vbnplcm8iLz4KCTwvZz4KPC9zdmc+\" alt=\"Image du produit\" title=\"\"><\/a>\t\t\t\t\t\t<\/td>\n\n\t\t\t\t\t\t<td class=\"product-name\" data-title=\"Produit\">\n\t\t\t\t\t\t<a href=\"\"><\/a><dl class=\"variation\">\n\t\t\t<dt class=\"variation-Size\">Size:<\/dt>\n\t\t<dd class=\"variation-Size\"><p>Large<\/p>\n<\/dd>\n\t<\/dl>\n\t\t\t\t\t\t<\/td>\n\n\t\t\t\t\t\t<td class=\"product-price\" data-title=\"Prix\">\n\t\t\t\t\t\t\t<span class=\"woocommerce-Price-amount amount\"><bdi><span class=\"woocommerce-Price-currencySymbol\">&#8369;<\/span>75<\/bdi><\/span>\t\t\t\t\t\t<\/td>\n\n\t\t\t\t\t\t<td class=\"product-quantity\" data-title=\"Quantit\u00e9\">\n\t\t\t\t\t\t\t<div class=\"quantity\">\n\t\t\t\t<label class=\"screen-reader-text\" for=\"quantity_69e63fa186865\">quantit\u00e9 de Produit 2<\/label>\n\t\t<input\n\t\t\ttype=\"number\"\n\t\t\tid=\"quantity_69e63fa186865\"\n\t\t\tclass=\"input-text qty text\"\n\t\t\tstep=\"1\"\n\t\t\tmin=\"0\"\n\t\t\tmax=\"50\"\n\t\t\tname=\"cart[a9b7ba70783b617e9998dc4dd82eb3c5][qty]\"\n\t\t\tvalue=\"1\"\n\t\t\ttitle=\"Qty\"\n\t\t\tsize=\"4\"\n\t\t\tplaceholder=\"\"\n\t\t\tinputmode=\"numeric\"\n\t\t\/>\n\t\t\t\t\t<\/div>\n\t\t\t\t\t\t\t<\/td>\n\n\t\t\t\t\t\t<td class=\"product-subtotal\" data-title=\"Sous-total\">\n\t\t\t\t\t\t\t<span class=\"woocommerce-Price-amount amount\"><bdi><span class=\"woocommerce-Price-currencySymbol\">&#8369;<\/span>75<\/bdi><\/span>\t\t\t\t\t\t<\/td>\n\t\t\t\t\t<\/tr>\n\t\t\t\t\t\t\t\t\t\t<tr class=\"woocommerce-cart-form__cart-item cart_item\">\n\n\t\t\t\t\t\t<td class=\"product-remove\">\n\t\t\t\t\t\t\t<a href=\"https:\/\/www.saferide.ph\/fr\/wagon\/?remove_item=b8c37e33defde51cf91e1e03e51657da&#038;_wpnonce=c9fe3e61b5\" class=\"remove\" aria-label=\"Remove this item\" data-product_id=\"1001\" data-product_sku=\"product-name\">&times;<\/a>\t\t\t\t\t\t<\/td>\n\n\t\t\t\t\t\t<td class=\"product-thumbnail\">\n\t\t\t\t\t\t<a href=\"#\"><img decoding=\"async\" src=\"data:image\/svg+xml;base64,PHN2ZyBpZD0ibXlTdmdFbGVtZW50IiB3aWR0aD0iNTQwIiBoZWlnaHQ9IjU0MCIgdmlld0JveD0iMCAwIDU0MCA1NDAiIHhtbG5zPSJodHRwOi8vd3d3LnczLm9yZy8yMDAwL3N2ZyI+Cgk8Zz4KCQk8cGF0aCBkPSJNMCwwaDU0MHY1NDBIMFYweiIgZmlsbD0iI0VCRUJFQiIvPgoJCTxwYXRoIGQ9Ik00NDUuNiw1NDBoLTk5bC0yMDItMjAyTDAsNDgyLjZ2LTk5bDExNi40LTExNi40YzE1LjYtMTUuNiw0MC45LTE1LjYsNTYuNiwwTDQ0NS42LDU0MEw0NDUuNiw1NDB6IiBmaWxsLW9wYWNpdHk9Ii4xIiBmaWxsPSIjMDAwIiBmaWxsLXJ1bGU9Im5vbnplcm8iLz4KCQk8Y2lyY2xlIGN4PSIzMzEiIGN5PSIxNDgiIHI9IjcwIiBmaWxsLW9wYWNpdHk9Ii4wNSIgZmlsbD0iIzAwMCIvPgoJCTxwb2x5Z29uIHBvaW50cz0iNTQwLDIxNS4yIDIxNS4yLDU0MCAzMjguMyw1NDAgNTQwLDMyOC4zIiBmaWxsLW9wYWNpdHk9Ii4yIiBmaWxsPSIjMDAwIiBmaWxsLXJ1bGU9Im5vbnplcm8iLz4KCTwvZz4KPC9zdmc+\" alt=\"Image du produit\" title=\"\"><\/a>\t\t\t\t\t\t<\/td>\n\n\t\t\t\t\t\t<td class=\"product-name\" data-title=\"Produit\">\n\t\t\t\t\t\t<a href=\"\"><\/a><dl class=\"variation\">\n\t\t\t<dt class=\"variation-Color\">Color:<\/dt>\n\t\t<dd class=\"variation-Color\"><p>Black<\/p>\n<\/dd>\n\t<\/dl>\n\t\t\t\t\t\t<\/td>\n\n\t\t\t\t\t\t<td class=\"product-price\" data-title=\"Prix\">\n\t\t\t\t\t\t\t<span class=\"woocommerce-Price-amount amount\"><bdi><span class=\"woocommerce-Price-currencySymbol\">&#8369;<\/span>38<\/bdi><\/span>\t\t\t\t\t\t<\/td>\n\n\t\t\t\t\t\t<td class=\"product-quantity\" data-title=\"Quantit\u00e9\">\n\t\t\t\t\t\t\t<div class=\"quantity\">\n\t\t\t\t<label class=\"screen-reader-text\" for=\"quantity_69e63fa18869f\">quantit\u00e9 de Produit 3<\/label>\n\t\t<input\n\t\t\ttype=\"number\"\n\t\t\tid=\"quantity_69e63fa18869f\"\n\t\t\tclass=\"input-text qty text\"\n\t\t\tstep=\"1\"\n\t\t\tmin=\"0\"\n\t\t\tmax=\"50\"\n\t\t\tname=\"cart[b8c37e33defde51cf91e1e03e51657da][qty]\"\n\t\t\tvalue=\"2\"\n\t\t\ttitle=\"Qty\"\n\t\t\tsize=\"4\"\n\t\t\tplaceholder=\"\"\n\t\t\tinputmode=\"numeric\"\n\t\t\/>\n\t\t\t\t\t<\/div>\n\t\t\t\t\t\t\t<\/td>\n\n\t\t\t\t\t\t<td class=\"product-subtotal\" data-title=\"Sous-total\">\n\t\t\t\t\t\t\t<span class=\"woocommerce-Price-amount amount\"><bdi><span class=\"woocommerce-Price-currencySymbol\">&#8369;<\/span>76<\/bdi><\/span>\t\t\t\t\t\t<\/td>\n\t\t\t\t\t<\/tr>\n\t\t\t\t\t\n\t\t\t\n\t\t\t<tr>\n\t\t\t\t<td colspan=\"6\" class=\"actions\">\n\n\t\t\t\t\t\n\t\t\t\t\t<button type=\"submit\" class=\"button\" name=\"update_cart\" value=\"Mettre \u00e0 jour le panier\" disabled=\"disabled\">Mettre \u00e0 jour le panier<\/button>\n\n\t\t\t\t\t\n\t\t\t\t\t<input type=\"hidden\" id=\"woocommerce-cart-nonce\" name=\"woocommerce-cart-nonce\" value=\"c9fe3e61b5\" \/><input type=\"hidden\" name=\"_wp_http_referer\" value=\"\/fr\/wp-json\/wp\/v2\/pages\/62277\" \/>\t\t\t\t<\/td>\n\t\t\t<\/tr>\n\n\t\t\t\t\t<\/tbody>\n\t<\/table>\n\t<\/form>\n\n\n<div class=\"cart-collaterals\">\n\t<\/div>\n\n<\/div><\/div><\/div><\/div><div class=\"et_pb_row_1 et_pb_row et_block_row et_animated preset--module--divi-row--default\"><div class=\"et_pb_column_1 et_pb_column et_pb_column_1_2 et_block_column et_pb_css_mix_blend_mode_passthrough preset--module--divi-column--default\"><div class=\"et_pb_wc_cross_sells_0 et_pb_wc_cross_sells et_pb_module\"><div class=\"et_pb_module_inner\">\n\t<div class=\"cross-sells\">\n\t\t\t\t\t<h2>Vous serez peut-\u00eatre int\u00e9ress\u00e9 par&hellip;<\/h2>\n\t\t\n\t\t<ul class=\"products columns-2\">\n\n\t\t\n\t\t\t<li class=\"product type-product post-1003 status-publish first instock taxable shipping-taxable purchasable product-type-simple\">\n\n\t\t\t\n\t\t\t<img decoding=\"async\" src=\"data:image\/svg+xml;base64,PHN2ZyBpZD0ibXlTdmdFbGVtZW50IiB3aWR0aD0iNTQwIiBoZWlnaHQ9IjU0MCIgdmlld0JveD0iMCAwIDU0MCA1NDAiIHhtbG5zPSJodHRwOi8vd3d3LnczLm9yZy8yMDAwL3N2ZyI+Cgk8Zz4KCQk8cGF0aCBkPSJNMCwwaDU0MHY1NDBIMFYweiIgZmlsbD0iI0VCRUJFQiIvPgoJCTxwYXRoIGQ9Ik00NDUuNiw1NDBoLTk5bC0yMDItMjAyTDAsNDgyLjZ2LTk5bDExNi40LTExNi40YzE1LjYtMTUuNiw0MC45LTE1LjYsNTYuNiwwTDQ0NS42LDU0MEw0NDUuNiw1NDB6IiBmaWxsLW9wYWNpdHk9Ii4xIiBmaWxsPSIjMDAwIiBmaWxsLXJ1bGU9Im5vbnplcm8iLz4KCQk8Y2lyY2xlIGN4PSIzMzEiIGN5PSIxNDgiIHI9IjcwIiBmaWxsLW9wYWNpdHk9Ii4wNSIgZmlsbD0iIzAwMCIvPgoJCTxwb2x5Z29uIHBvaW50cz0iNTQwLDIxNS4yIDIxNS4yLDU0MCAzMjguMyw1NDAgNTQwLDMyOC4zIiBmaWxsLW9wYWNpdHk9Ii4yIiBmaWxsPSIjMDAwIiBmaWxsLXJ1bGU9Im5vbnplcm8iLz4KCTwvZz4KPC9zdmc+\" alt=\"Image du produit\" title=\"\">\n\t\t\t<h2 class=\"woocommerce-loop-product__title\">Produit 6<\/h2>\n\t\t\t\t\t\t\t<span class=\"price\"><span class=\"woocommerce-Price-amount amount\"><bdi><span class=\"woocommerce-Price-currencySymbol\">&#8369;<\/span>38<\/bdi><\/span><\/span> \n\t\t\t\n\t\t\t<\/a>\n\t\t\t<\/li>\n\n\t\t\n\t\t\t<li class=\"product type-product post-1001 status-publish last instock taxable shipping-taxable purchasable product-type-simple\">\n\n\t\t\t\n\t\t\t<img decoding=\"async\" src=\"data:image\/svg+xml;base64,PHN2ZyBpZD0ibXlTdmdFbGVtZW50IiB3aWR0aD0iNTQwIiBoZWlnaHQ9IjU0MCIgdmlld0JveD0iMCAwIDU0MCA1NDAiIHhtbG5zPSJodHRwOi8vd3d3LnczLm9yZy8yMDAwL3N2ZyI+Cgk8Zz4KCQk8cGF0aCBkPSJNMCwwaDU0MHY1NDBIMFYweiIgZmlsbD0iI0VCRUJFQiIvPgoJCTxwYXRoIGQ9Ik00NDUuNiw1NDBoLTk5bC0yMDItMjAyTDAsNDgyLjZ2LTk5bDExNi40LTExNi40YzE1LjYtMTUuNiw0MC45LTE1LjYsNTYuNiwwTDQ0NS42LDU0MEw0NDUuNiw1NDB6IiBmaWxsLW9wYWNpdHk9Ii4xIiBmaWxsPSIjMDAwIiBmaWxsLXJ1bGU9Im5vbnplcm8iLz4KCQk8Y2lyY2xlIGN4PSIzMzEiIGN5PSIxNDgiIHI9IjcwIiBmaWxsLW9wYWNpdHk9Ii4wNSIgZmlsbD0iIzAwMCIvPgoJCTxwb2x5Z29uIHBvaW50cz0iNTQwLDIxNS4yIDIxNS4yLDU0MCAzMjguMyw1NDAgNTQwLDMyOC4zIiBmaWxsLW9wYWNpdHk9Ii4yIiBmaWxsPSIjMDAwIiBmaWxsLXJ1bGU9Im5vbnplcm8iLz4KCTwvZz4KPC9zdmc+\" alt=\"Image du produit\" title=\"\">\n\t\t\t<h2 class=\"woocommerce-loop-product__title\">Produit 4<\/h2>\n\t\t\t\t\t\t\t<span class=\"price\"><span class=\"woocommerce-Price-amount amount\"><bdi><span class=\"woocommerce-Price-currencySymbol\">&#8369;<\/span>12<\/bdi><\/span><\/span> \n\t\t\t\n\t\t\t<\/a>\n\t\t\t<\/li>\n\n\t\t\n\t\t\t<li class=\"product type-product post-1002 status-publish first instock taxable shipping-taxable purchasable product-type-simple\">\n\n\t\t\t\n\t\t\t<img decoding=\"async\" src=\"data:image\/svg+xml;base64,PHN2ZyBpZD0ibXlTdmdFbGVtZW50IiB3aWR0aD0iNTQwIiBoZWlnaHQ9IjU0MCIgdmlld0JveD0iMCAwIDU0MCA1NDAiIHhtbG5zPSJodHRwOi8vd3d3LnczLm9yZy8yMDAwL3N2ZyI+Cgk8Zz4KCQk8cGF0aCBkPSJNMCwwaDU0MHY1NDBIMFYweiIgZmlsbD0iI0VCRUJFQiIvPgoJCTxwYXRoIGQ9Ik00NDUuNiw1NDBoLTk5bC0yMDItMjAyTDAsNDgyLjZ2LTk5bDExNi40LTExNi40YzE1LjYtMTUuNiw0MC45LTE1LjYsNTYuNiwwTDQ0NS42LDU0MEw0NDUuNiw1NDB6IiBmaWxsLW9wYWNpdHk9Ii4xIiBmaWxsPSIjMDAwIiBmaWxsLXJ1bGU9Im5vbnplcm8iLz4KCQk8Y2lyY2xlIGN4PSIzMzEiIGN5PSIxNDgiIHI9IjcwIiBmaWxsLW9wYWNpdHk9Ii4wNSIgZmlsbD0iIzAwMCIvPgoJCTxwb2x5Z29uIHBvaW50cz0iNTQwLDIxNS4yIDIxNS4yLDU0MCAzMjguMyw1NDAgNTQwLDMyOC4zIiBmaWxsLW9wYWNpdHk9Ii4yIiBmaWxsPSIjMDAwIiBmaWxsLXJ1bGU9Im5vbnplcm8iLz4KCTwvZz4KPC9zdmc+\" alt=\"Image du produit\" title=\"\">\n\t\t\t<h2 class=\"woocommerce-loop-product__title\">Produit 5<\/h2>\n\t\t\t\t\t\t\t<span class=\"price\"><span class=\"woocommerce-Price-amount amount\"><bdi><span class=\"woocommerce-Price-currencySymbol\">&#8369;<\/span>75<\/bdi><\/span><\/span> \n\t\t\t\n\t\t\t<\/a>\n\t\t\t<\/li>\n\n\t\t\n\t\t<\/ul>\n\n\t<\/div>\n<\/div><\/div><\/div><div class=\"et_pb_column_2 et_pb_column et_pb_column_1_2 et-last-child et_block_column et_pb_css_mix_blend_mode_passthrough preset--module--divi-column--default\"><div class=\"et_pb_wc_cart_totals_0 et_pb_wc_cart_totals woocommerce-cart et_pb_module\"><div class=\"et_pb_module_inner\"><div class=\"cart_totals \">\n\n\t\n\t<h2>Total panier<\/h2>\n\n\t<table cellspacing=\"0\" class=\"shop_table shop_table_responsive\">\n\n\t\t<tr class=\"cart-subtotal\">\n\t\t\t<th>Sous-total<\/th>\n\t\t\t<td data-title=\"Sous-total\"><span class=\"woocommerce-Price-amount amount\"><bdi><span class=\"woocommerce-Price-currencySymbol\">&#8369;<\/span>187<\/bdi><\/span><\/td>\n\t\t<\/tr>\n\n\t\t\n\t\t\t<tr class=\"shipping\">\n\t\t\t\t<th>Exp\u00e9dition<\/th>\n\t\t\t\t<td data-title=\"Exp\u00e9dition\">\n\t\t\t\t\tSaisissez votre adresse pour voir les options de livraison.\n<form class=\"woocommerce-shipping-calculator\" action=\"https:\/\/www.saferide.ph\/fr\/wagon\/\" method=\"post\">\n\n\t<a href=\"#\" class=\"shipping-calculator-button\" aria-expanded=\"false\" aria-controls=\"shipping-calculator-form\" role=\"button\">Calculer les frais d\u2019exp\u00e9dition<\/a>\n\t<section class=\"shipping-calculator-form\" id=\"shipping-calculator-form\" style=\"display:none;\">\n\n\t\t\t\t\t<p class=\"form-row form-row-wide\" id=\"calc_shipping_country_field\">\n\t\t\t\t<label for=\"calc_shipping_country\">Pays\u00a0\/ r\u00e9gion<\/label>\n\t\t\t\t<select name=\"calc_shipping_country\" id=\"calc_shipping_country\" class=\"country_to_state country_select\" rel=\"calc_shipping_state\">\n\t\t\t\t\t<option value=\"default\">S\u00e9lectionner un pays\/r\u00e9gion\u2026<\/option>\n\t\t\t\t\t\t\t\t\t<\/select>\n\t\t\t<\/p>\n\t\t\n\t\t\t\t\t<p class=\"form-row form-row-wide\" id=\"calc_shipping_state_field\">\n\t\t\t\t\t\t\t\t\t<label for=\"calc_shipping_state\">R\u00e9gion\u00a0\/\u00a0D\u00e9partement<\/label>\n\t\t\t\t\t<input type=\"text\" class=\"input-text\" value=\"\" name=\"calc_shipping_state\" id=\"calc_shipping_state\" \/>\n\t\t\t\t\t\t\t\t<\/p>\n\t\t\n\t\t\t\t\t<p class=\"form-row form-row-wide\" id=\"calc_shipping_city_field\">\n\t\t\t\t<label for=\"calc_shipping_city\">Ville\u00a0:<\/label>\n\t\t\t\t<input type=\"text\" class=\"input-text\" value=\"\" name=\"calc_shipping_city\" id=\"calc_shipping_city\" \/>\n\t\t\t<\/p>\n\t\t\n\t\t\t\t\t<p class=\"form-row form-row-wide\" id=\"calc_shipping_postcode_field\">\n\t\t\t\t<label for=\"calc_shipping_postcode\">Code postal<\/label>\n\t\t\t\t<input type=\"text\" class=\"input-text\" value=\"\" name=\"calc_shipping_postcode\" id=\"calc_shipping_postcode\" \/>\n\t\t\t<\/p>\n\t\t\n\t\t<p><button type=\"submit\" name=\"calc_shipping\" value=\"1\" class=\"button\">Mettre \u00e0 jour<\/button><\/p>\n\t\t<input type=\"hidden\" id=\"woocommerce-shipping-calculator-nonce\" name=\"woocommerce-shipping-calculator-nonce\" value=\"966180f1e6\" \/><input type=\"hidden\" name=\"_wp_http_referer\" value=\"\/fr\/wp-json\/wp\/v2\/pages\/62277\" \/>\t<\/section>\n<\/form>\n\n\t\t\t\t<\/td>\n\t\t\t<\/tr>\n\n\t\t\n\t\t\n\t\t\n\t\t<tr class=\"order-total\">\n\t\t\t<th>Total<\/th>\n\t\t\t<td data-title=\"Total\"><strong><span class=\"woocommerce-Price-amount amount\"><bdi><span class=\"woocommerce-Price-currencySymbol\">&#8369;<\/span>187<\/bdi><\/span><\/strong><\/td>\n\t\t<\/tr>\n\n\t\t\n\t<\/table>\n\n\t<div class=\"wc-proceed-to-checkout\">\n\t\t\n<a href=\"https:\/\/www.saferide.ph\/fr\/a-consulter\/\" class=\"checkout-button button alt wc-forward\">\n\tValider la commande<\/a>\n\t<\/div>\n\n\t\n<\/div>\n<\/div><\/div><\/div><\/div><div class=\"et_pb_bottom_inside_divider et-no-transition\"><\/div><\/div>","protected":false},"excerpt":{"rendered":"","protected":false},"author":1,"featured_media":0,"parent":0,"menu_order":0,"comment_status":"closed","ping_status":"closed","template":"","meta":{"footnotes":""},"class_list":["post-62277","page","type-page","status-publish","hentry"],"dsm_author":{"name":"saferide","avatar_url":"https:\/\/secure.gravatar.com\/avatar\/bb7957cad8306c80171926f5ebf6330cd52c16916d2da7f696b301abbe2569ff?s=96&d=mm&r=g","archive_link":"https:\/\/www.saferide.ph\/fr\/author\/saferide\/","biodata":""},"dsm_categories":[],"dsm_attachment_categories":[],"dsm_featured_image":null,"_links":{"self":[{"href":"https:\/\/www.saferide.ph\/fr\/wp-json\/wp\/v2\/pages\/62277","targetHints":{"allow":["GET"]}}],"collection":[{"href":"https:\/\/www.saferide.ph\/fr\/wp-json\/wp\/v2\/pages"}],"about":[{"href":"https:\/\/www.saferide.ph\/fr\/wp-json\/wp\/v2\/types\/page"}],"author":[{"embeddable":true,"href":"https:\/\/www.saferide.ph\/fr\/wp-json\/wp\/v2\/users\/1"}],"replies":[{"embeddable":true,"href":"https:\/\/www.saferide.ph\/fr\/wp-json\/wp\/v2\/comments?post=62277"}],"version-history":[{"count":1,"href":"https:\/\/www.saferide.ph\/fr\/wp-json\/wp\/v2\/pages\/62277\/revisions"}],"predecessor-version":[{"id":62281,"href":"https:\/\/www.saferide.ph\/fr\/wp-json\/wp\/v2\/pages\/62277\/revisions\/62281"}],"wp:attachment":[{"href":"https:\/\/www.saferide.ph\/fr\/wp-json\/wp\/v2\/media?parent=62277"}],"curies":[{"name":"wp","href":"https:\/\/api.w.org\/{rel}","templated":true}]}}