{"id":62223,"date":"2024-05-28T14:55:27","date_gmt":"2024-05-28T06:55:27","guid":{"rendered":"https:\/\/www.saferide.ph\/guides-aeroportuaires\/"},"modified":"2026-04-20T17:20:22","modified_gmt":"2026-04-20T09:20:22","slug":"guides-aeroportuaires","status":"publish","type":"page","link":"https:\/\/www.saferide.ph\/fr\/guides-aeroportuaires\/","title":{"rendered":"Guides a\u00e9roportuaires"},"content":{"rendered":"<div class=\"et_pb_section_0 et_pb_section et_section_regular et_flex_section section_has_divider et_pb_bottom_divider preset--module--divi-section--5tgllyttr4\">\n<div class=\"et_pb_row_0 et_pb_row et_flex_row et_animated preset--module--divi-row--default\">\n<div class=\"et_pb_column_0 et_pb_column et-last-child et_flex_column et_pb_css_mix_blend_mode_passthrough et_flex_column_24_24 et_flex_column_24_24_tablet et_flex_column_24_24_phone preset--module--divi-column--default\">\n<div class=\"et_pb_text_0 et_pb_text et_pb_bg_layout_light et_pb_module et_flex_module preset--module--divi-text--default\"><div class=\"et_pb_text_inner\"><h1>Guide de l\u2019a\u00e9roport : Accueil des arriv\u00e9es et d\u00e9parts Salle d\u2019attente<\/h1>\n<p>Bienvenue chez Saferide Car Rental ! Pour votre commodit\u00e9, notre service de rencontre est disponible aux arriv\u00e9es et aux d\u00e9parts. Cherchez notre \u00e9quipe sympathique dans la salle d\u2019attente d\u00e9sign\u00e9e, pr\u00eate \u00e0 vous aider pour vos besoins de location de voiture. Nous sommes l\u00e0 pour garantir une exp\u00e9rience de voyage fluide et agr\u00e9able d\u00e8s votre d\u00e9part jusqu\u2019\u00e0 votre d\u00e9part. Bon voyage !    <\/p>\n<\/div><\/div>\n\n<div class=\"et_pb_accordion_0 et_pb_accordion et_pb_module et_flex_module preset--module--divi-accordion--default\">\n<div class=\"et_pb_accordion_item_0 et_pb_accordion_item et_pb_toggle et_pb_module et_pb_toggle_open et_block_module\"><h3 class=\"et_pb_toggle_title\">A\u00e9roport international de Mactan Cebu<\/h3><div class=\"et_pb_toggle_content\"><p><a href=\"https:\/\/saferide.ph\/wp-content\/uploads\/2023\/07\/MCIA-AIRPORT.pdf\" rel=\"attachment wp-att-46339 noopener\" target=\"_blank\">A\u00c9ROPORT MCIA<\/a><\/p>\n<\/div><\/div>\n\n<div class=\"et_pb_accordion_item_1 et_pb_accordion_item et_pb_toggle et_pb_module et_pb_toggle_close et_block_module\"><h3 class=\"et_pb_toggle_title\">A\u00e9roport de Dumaguete-Sibulan<\/h3><div class=\"et_pb_toggle_content\"><p><a href=\"https:\/\/saferide.ph\/wp-content\/uploads\/2023\/07\/DUMAGUETE-SIBULAN-AIRPORT.pdf\" rel=\"attachment wp-att-46340 noopener\" target=\"_blank\">A\u00c9ROPORT DE DUMAGUETE - SIBULAN<\/a><\/p>\n<\/div><\/div>\n\n<div class=\"et_pb_accordion_item_2 et_pb_accordion_item et_pb_toggle et_pb_module et_pb_toggle_close et_block_module\"><h3 class=\"et_pb_toggle_title\">A\u00e9roport international de Panglao-Bohol<\/h3><div class=\"et_pb_toggle_content\"><p><a href=\"https:\/\/saferide.ph\/wp-content\/uploads\/2023\/07\/BOHOL-PANGLAO-AIRPORT.pdf\" rel=\"attachment wp-att-46342 noopener\" target=\"_blank\">A\u00c9ROPORT DE BOHOL - PANGLAO<\/a><\/p>\n<\/div><\/div>\n\n<div class=\"et_pb_accordion_item_3 et_pb_accordion_item et_pb_toggle et_pb_module et_pb_toggle_close et_block_module\"><h3 class=\"et_pb_toggle_title\">A\u00e9roport international d\u2019Iloilo<\/h3><div class=\"et_pb_toggle_content\"><p><a href=\"https:\/\/saferide.ph\/wp-content\/uploads\/2023\/07\/ILOILO-AIRPORT.pdf\" rel=\"attachment wp-att-46341 noopener\" target=\"_blank\">A\u00c9ROPORT D\u2019ILOILO<\/a><\/p>\n<\/div><\/div>\n<\/div>\n<\/div>\n<\/div>\n<div class=\"et_pb_bottom_inside_divider et-no-transition\"><\/div><\/div>","protected":false},"excerpt":{"rendered":"","protected":false},"author":1,"featured_media":0,"parent":0,"menu_order":0,"comment_status":"closed","ping_status":"closed","template":"","meta":{"footnotes":""},"class_list":["post-62223","page","type-page","status-publish","hentry"],"dsm_author":{"name":"saferide","avatar_url":"https:\/\/secure.gravatar.com\/avatar\/bb7957cad8306c80171926f5ebf6330cd52c16916d2da7f696b301abbe2569ff?s=96&d=mm&r=g","archive_link":"https:\/\/www.saferide.ph\/fr\/author\/saferide\/","biodata":""},"dsm_categories":[],"dsm_attachment_categories":[],"dsm_featured_image":null,"_links":{"self":[{"href":"https:\/\/www.saferide.ph\/fr\/wp-json\/wp\/v2\/pages\/62223","targetHints":{"allow":["GET"]}}],"collection":[{"href":"https:\/\/www.saferide.ph\/fr\/wp-json\/wp\/v2\/pages"}],"about":[{"href":"https:\/\/www.saferide.ph\/fr\/wp-json\/wp\/v2\/types\/page"}],"author":[{"embeddable":true,"href":"https:\/\/www.saferide.ph\/fr\/wp-json\/wp\/v2\/users\/1"}],"replies":[{"embeddable":true,"href":"https:\/\/www.saferide.ph\/fr\/wp-json\/wp\/v2\/comments?post=62223"}],"version-history":[{"count":2,"href":"https:\/\/www.saferide.ph\/fr\/wp-json\/wp\/v2\/pages\/62223\/revisions"}],"predecessor-version":[{"id":62262,"href":"https:\/\/www.saferide.ph\/fr\/wp-json\/wp\/v2\/pages\/62223\/revisions\/62262"}],"wp:attachment":[{"href":"https:\/\/www.saferide.ph\/fr\/wp-json\/wp\/v2\/media?parent=62223"}],"curies":[{"name":"wp","href":"https:\/\/api.w.org\/{rel}","templated":true}]}}