{"id":62077,"date":"2024-02-16T13:54:21","date_gmt":"2024-02-16T05:54:21","guid":{"rendered":"https:\/\/www.saferide.ph\/location-de-voiture-avec-chauffeur\/"},"modified":"2026-04-20T17:19:47","modified_gmt":"2026-04-20T09:19:47","slug":"location-de-voiture-avec-chauffeur","status":"publish","type":"page","link":"https:\/\/www.saferide.ph\/fr\/location-de-voiture-avec-chauffeur\/","title":{"rendered":"Location de voiture avec chauffeur"},"content":{"rendered":"\r\n\r\n<div class=\"et_pb_section_0 et_pb_section et_section_regular et_flex_section section_has_divider et_pb_bottom_divider preset--module--divi-section--5tgllyttr4\">\r\n\r\n<div class=\"et_pb_row_0 et_pb_row et_flex_row preset--module--divi-row--0rvs0g41jp\">\r\n\r\n<div class=\"et_pb_column_0 et_pb_column et-last-child et_flex_column et_pb_css_mix_blend_mode_passthrough et_flex_column_24_24 et_flex_column_24_24_tablet et_flex_column_24_24_phone preset--module--divi-column--default\">\r\n\r\n<div class=\"et_pb_text_0 et_pb_text et_pb_bg_layout_light et_pb_module et_block_module preset--group--divi-text--divi-border--zohdle16bw preset--group--divi-text--divi-spacing--fbvpj2r7ha preset--module--divi-text--rd7g5y36xf\"><div class=\"et_pb_text_inner\"><h1 style=\"text-align: center;\">Location de <span style=\"color: #f99b1f;\">voiture premium avec chauffeur<\/span> aux Philippines<\/h1>\n<p style=\"text-align: center;\">Vivez un voyage s\u00fbr, sans stress et professionnel. Que vous ayez besoin d\u2019un service de chauffeur \u00e0 Cebu ou d\u2019une location de voiture priv\u00e9e \u00e0 Bohol, nos chauffeurs professionnels veillent \u00e0 ce que vous arriviez \u00e0 l\u2019heure et avec style. <\/p>\n<\/div><\/div>\r\n\r\n<div class=\"et_pb_module et_pb_button_module_wrapper et_pb_button_0_wrapper preset--module--divi-button--sdeoj66ad0_wrapper\"><a class=\"et_pb_button_0 et_pb_button et_pb_bg_layout_light et_pb_module et_flex_module preset--module--divi-button--sdeoj66ad0\" href=\"\" data-icon=\"\uf0c1\" data-interaction-trigger=\"t9ocx5z0vp\">Services s\u00e9lectionn\u00e9s<\/a><\/div>\r\n\r\n<div class=\"et_pb_code_0 et_pb_code et_pb_text_align_center-phone et_pb_module\"><div class=\"et_pb_code_inner\"><script defer async src='https:\/\/cdn.trustindex.io\/loader.js?e4eba8546b1a035315964f8b792'><\/script><\/div><\/div><\/div><\/div><div class=\"et_pb_bottom_inside_divider et-no-transition\"><\/div><\/div>\r\n\r\n<div class=\"et_pb_section_1 et_pb_section et_section_regular et_flex_section section_has_divider et_pb_top_divider et_pb_bottom_divider preset--module--divi-section--default\"><div class=\"et_pb_top_inside_divider et-no-transition\"><\/div>\r\n\r\n<div class=\"et_pb_row_1 et_pb_row et_flex_row et_animated preset--module--divi-row--default\">\r\n\r\n<div class=\"et_pb_column_1 et_pb_column et-last-child et_flex_column et_pb_css_mix_blend_mode_passthrough et_flex_column_24_24 et_flex_column_24_24_tablet et_flex_column_24_24_phone preset--module--divi-column--default\">\r\n\r\n<div class=\"dsm_text_divider_0 dsm_text_divider et_pb_module preset--module--dsm-text-divider--b21ae027-3fb0-4a34-88bb-91643bf80c92\"><div class=\"et_pb_module_inner\"><div class=\"dsm-text-divider-wrapper dsm-text-divider-align-center dsm-text-divider-vertical-align-center\">\n\t\t\t   <div class=\"dsm-text-divider-before dsm-divider\"><\/div>\n                <h3 class=\"dsm-text-divider-header et_pb_module_header\">Why Choose Us<\/h3>  \n\t\t\t   <div class=\"dsm-text-divider-after dsm-divider\"><\/div>\n\t\t\t<\/div><\/div><\/div>\r\n\r\n<div class=\"et_pb_row_2 et_pb_row et_pb_row_nested et_flex_row preset--module--divi-row--hvmzcnmj61\">\r\n\r\n<div class=\"et_pb_column_2 et_pb_column et-last-child et_grid_column et_pb_css_mix_blend_mode_passthrough et_flex_column_24_24 et_flex_column_24_24_tablet et_flex_column_24_24_phone preset--module--divi-column--default\">\r\n\r\n<div class=\"et_pb_group_0 et_pb_group et_pb_module et_flex_group et_pb_css_mix_blend_mode_passthrough preset--group--divi-group--divi-border--nested--hpky1fq4hp preset--group--divi-group--divi-spacing--nested--fbvpj2r7ha preset--module--divi-group--6bov343h9t\">\r\n\r\n<div class=\"et_pb_icon_0 et_pb_icon et_pb_module et_flex_module preset--module--divi-icon--default\"><span class=\"et_pb_icon_wrap\"><span class=\"et-pb-icon\">\uf4fc<\/span><\/span><\/div>\r\n\r\n<div class=\"et_pb_text_1 et_pb_text et_pb_bg_layout_light et_pb_module et_block_module preset--module--divi-text--default\"><div class=\"et_pb_text_inner\"><h3 style=\"text-align: center;\">Pilotes professionnels<\/h3>\n<p style=\"text-align: center;\">Nos conducteurs en uniforme sont rigoureusement form\u00e9s \u00e0 la conduite d\u00e9fensive et \u00e0 la navigation locale. Nous accordons la priorit\u00e9 \u00e0 votre s\u00e9curit\u00e9 et \u00e0 votre courtoisie. <\/p>\n<\/div><\/div><\/div>\r\n\r\n<div class=\"et_pb_group_1 et_pb_group et_pb_module et_flex_group et_pb_css_mix_blend_mode_passthrough preset--group--divi-group--divi-border--nested--hpky1fq4hp preset--group--divi-group--divi-spacing--nested--fbvpj2r7ha preset--module--divi-group--6bov343h9t\">\r\n\r\n<div class=\"et_pb_icon_1 et_pb_icon et_pb_module et_flex_module preset--module--divi-icon--default\"><span class=\"et_pb_icon_wrap\"><span class=\"et-pb-icon\">\uf1b9<\/span><\/span><\/div>\r\n\r\n<div class=\"et_pb_text_2 et_pb_text et_pb_bg_layout_light et_pb_module et_block_module preset--module--divi-text--default\"><div class=\"et_pb_text_inner\"><h3 style=\"text-align: center;\">V\u00e9hicules D\u00e9sinfect\u00e9s &amp; Propres<\/h3>\n<p style=\"text-align: center;\">Chaque unit\u00e9 suit un protocole de nettoyage strict avant l\u2019exp\u00e9dition. Voyagez confortablement avec notre flotte bien entretenue et sans fum\u00e9e. <\/p>\n<\/div><\/div><\/div>\r\n\r\n<div class=\"et_pb_group_2 et_pb_group et-last-child et_pb_module et_flex_group et_pb_css_mix_blend_mode_passthrough preset--group--divi-group--divi-border--nested--hpky1fq4hp preset--group--divi-group--divi-spacing--nested--fbvpj2r7ha preset--module--divi-group--6bov343h9t\">\r\n\r\n<div class=\"et_pb_icon_2 et_pb_icon et_pb_module et_flex_module preset--module--divi-icon--default\"><span class=\"et_pb_icon_wrap\"><span class=\"et-pb-icon\">}<\/span><\/span><\/div>\r\n\r\n<div class=\"et_pb_text_3 et_pb_text et_pb_bg_layout_light et_pb_module et_block_module preset--module--divi-text--default\"><div class=\"et_pb_text_inner\"><h3 style=\"text-align: center;\">Service ponctuel<\/h3>\n<p style=\"text-align: center;\">Nous appr\u00e9cions votre emploi du temps. Attendez-vous \u00e0 des arriv\u00e9es rapides pour les transferts a\u00e9roport, les r\u00e9unions d\u2019affaires et les visites de la ville. <\/p>\n<\/div><\/div><\/div><\/div><\/div><\/div><\/div>\r\n\r\n<div class=\"et_pb_row_3 et_pb_row et_flex_row et_animated et-interaction-target-vtdj8zerxi preset--module--divi-row--default\" data-interaction-target=\"vtdj8zerxi\" id=\"reservenow\">\r\n\r\n<div class=\"et_pb_column_3 et_pb_column et-last-child et_flex_column et_pb_css_mix_blend_mode_passthrough et_flex_column_24_24 et_flex_column_24_24_tablet et_flex_column_24_24_phone preset--module--divi-column--default\">\r\n\r\n<div class=\"dsm_text_divider_1 dsm_text_divider et_pb_module preset--module--dsm-text-divider--b21ae027-3fb0-4a34-88bb-91643bf80c92\"><div class=\"et_pb_module_inner\"><div class=\"dsm-text-divider-wrapper dsm-text-divider-align-center dsm-text-divider-vertical-align-center\">\n\t\t\t   <div class=\"dsm-text-divider-before dsm-divider\"><\/div>\n                <h2 class=\"dsm-text-divider-header et_pb_module_header\">Car Rental with Driver Services<\/h2>  \n\t\t\t   <div class=\"dsm-text-divider-after dsm-divider\"><\/div>\n\t\t\t<\/div><\/div><\/div>\r\n\r\n<div class=\"et_pb_text_4 et_pb_text et_pb_bg_layout_light et_pb_module et_block_module preset--module--divi-text--default\"><div class=\"et_pb_text_inner\"><p style=\"text-align: center;\">D\u00e9couvrez des services de location de voiture avec chauffeurs sans tracas \u00e0 travers les Philippines. Profitez d\u2019un transport fiable pour les affaires ou les loisirs, avec des chauffeurs professionnels pr\u00eats \u00e0 r\u00e9pondre \u00e0 vos besoins de d\u00e9placement. R\u00e9servez d\u00e8s maintenant pour des voyages sans encombre avec <a class=\"wpil_keyword_link\" href=\"https:\/\/saferide.ph\/\" target=\"_blank\" rel=\"noopener\" title=\"Location de voitures Saferide\" data-wpil-keyword-link=\"linked\" data-wpil-monitor-id=\"238\">Saferide Car Rental<\/a>.  <\/p>\n<\/div><\/div>\r\n\r\n<div class=\"et_pb_row_4 et_pb_row et_pb_row_nested et_flex_row preset--module--divi-row--hvmzcnmj61\">\r\n\r\n<div class=\"et_pb_column_4 et_pb_column et-last-child et_grid_column et_pb_css_mix_blend_mode_passthrough et_flex_column_24_24 et_flex_column_24_24_tablet et_flex_column_24_24_phone preset--module--divi-column--default\">\r\n\r\n<div class=\"et_pb_group_3 et_pb_group et_pb_module et_flex_group et_pb_css_mix_blend_mode_passthrough preset--group--divi-group--divi-border--hpky1fq4hp preset--group--divi-group--divi-spacing--fbvpj2r7ha\">\r\n\r\n<div class=\"et_pb_icon_3 et_pb_icon et_pb_module et_flex_module preset--module--divi-icon--default\"><span class=\"et_pb_icon_wrap\"><span class=\"et-pb-icon\">}<\/span><\/span><\/div>\r\n\r\n<div class=\"et_pb_text_5 et_pb_text et_pb_bg_layout_light et_pb_module et_block_module preset--module--divi-text--default\"><div class=\"et_pb_text_inner\"><h3 style=\"text-align: left;\">City Drive &amp; Tours<\/h3>\n<p style=\"text-align: left;\"><strong>Meilleur pour : <\/strong>R\u00e9unions, shopping ou d\u00eeners.<\/p>\n<p style=\"text-align: left;\">Louez une voiture avec un chauffeur pour vos t\u00e2ches quotidiennes. Parfait pour plusieurs arr\u00eats dans les limites de la ville sans se soucier du stationnement. <\/p>\n<\/div><\/div>\r\n\r\n<div class=\"et_pb_module et_pb_button_module_wrapper et_pb_button_1_wrapper preset--module--divi-button--sle1iq2ms8_wrapper\"><a class=\"et_pb_button_1 et_pb_button et_pb_bg_layout_light et_pb_module et_flex_module preset--module--divi-button--sle1iq2ms8\" href=\"https:\/\/www.saferide.ph\/fr\/location-de-voitures-city-drive-avec-chauffeur\/\" data-icon=\"\uf0c1\">Livre Horaire<\/a><\/div><\/div>\r\n\r\n<div class=\"et_pb_group_4 et_pb_group et_pb_module et_flex_group et_pb_css_mix_blend_mode_passthrough preset--group--divi-group--divi-border--hpky1fq4hp preset--group--divi-group--divi-spacing--fbvpj2r7ha\">\r\n\r\n<div class=\"et_pb_icon_4 et_pb_icon et_pb_module et_flex_module preset--module--divi-icon--default\"><span class=\"et_pb_icon_wrap\"><span class=\"et-pb-icon\">\uf018<\/span><\/span><\/div>\r\n\r\n<div class=\"et_pb_text_6 et_pb_text et_pb_bg_layout_light et_pb_module et_block_module preset--module--divi-text--default\"><div class=\"et_pb_text_inner\"><h3 style=\"text-align: left;\">Service journalier de 10 heures<\/h3>\n<p style=\"text-align: left;\"><b data-path-to-node=\"9,1,0\" data-index-in-node=\"0\">Id\u00e9al pour :<\/b> <b data-path-to-node=\"9,1,0\" data-index-in-node=\"10\">Voyages multi-destinations<\/b> hors de la ville (provincial).<\/p>\n<p style=\"text-align: left;\">Visiter la province ? Louez un v\u00e9hicule pendant 10 heures pour atteindre plusieurs destinations. Tu contr\u00f4les le planning.  <\/p>\n<p style=\"text-align: left;\"><strong>Note : Le carburant est sur le compte locataire.<\/strong><\/p>\n<\/div><\/div>\r\n\r\n<div class=\"et_pb_module et_pb_button_module_wrapper et_pb_button_2_wrapper preset--module--divi-button--sle1iq2ms8_wrapper\"><a class=\"et_pb_button_2 et_pb_button et_pb_bg_layout_light et_pb_module et_flex_module preset--module--divi-button--sle1iq2ms8\" href=\"https:\/\/www.saferide.ph\/fr\/location-de-voiture-exclusive-au-carburant-avec-le-conducteur\/\" data-icon=\"\uf0c1\">Tarif journalier de r\u00e9servation<\/a><\/div><\/div>\r\n\r\n<div class=\"et_pb_group_5 et_pb_group et-last-child et_pb_module et_flex_group et_pb_css_mix_blend_mode_passthrough preset--group--divi-group--divi-border--hpky1fq4hp preset--group--divi-group--divi-spacing--fbvpj2r7ha\">\r\n\r\n<div class=\"et_pb_icon_5 et_pb_icon et_pb_module et_flex_module preset--module--divi-icon--default\"><span class=\"et_pb_icon_wrap\"><span class=\"et-pb-icon\">\uf061<\/span><\/span><\/div>\r\n\r\n<div class=\"et_pb_text_7 et_pb_text et_pb_bg_layout_light et_pb_module et_block_module preset--module--divi-text--default\"><div class=\"et_pb_text_inner\"><h3>A\u00e9roport &amp; Correspondances<\/h3>\n<p><b data-path-to-node=\"11,1,0\" data-index-in-node=\"0\">Meilleur pour :<\/b> Arriv\u00e9es, d\u00e9parts ou trajets aller simple.<\/p>\n<p>Transfert direct vers l\u2019a\u00e9roport de Mactan (MCIA), les h\u00f4tels ou les quais. Pas de d\u00e9tours. <\/p>\n<\/div><\/div>\r\n\r\n<div class=\"et_pb_module et_pb_button_module_wrapper et_pb_button_3_wrapper preset--module--divi-button--sle1iq2ms8_wrapper\"><a class=\"et_pb_button_3 et_pb_button et_pb_bg_layout_light et_pb_module et_flex_module preset--module--divi-button--sle1iq2ms8\" href=\"https:\/\/www.saferide.ph\/fr\/transferts\/\" data-icon=\"\uf0c1\">Transfert de livres<\/a><\/div><\/div><\/div><\/div><\/div><\/div>\r\n\r\n<div class=\"et_pb_row_5 et_pb_row et_flex_row et_animated preset--module--divi-row--default\">\r\n\r\n<div class=\"et_pb_column_5 et_pb_column et-last-child et_flex_column et_pb_css_mix_blend_mode_passthrough et_flex_column_24_24 et_flex_column_24_24_tablet et_flex_column_24_24_phone preset--module--divi-column--default\">\r\n\r\n<div class=\"dsm_text_divider_2 dsm_text_divider et_pb_module preset--module--dsm-text-divider--b21ae027-3fb0-4a34-88bb-91643bf80c92\"><div class=\"et_pb_module_inner\"><div class=\"dsm-text-divider-wrapper dsm-text-divider-align-center dsm-text-divider-vertical-align-center\">\n\t\t\t   <div class=\"dsm-text-divider-before dsm-divider\"><\/div>\n                <h3 class=\"dsm-text-divider-header et_pb_module_header\">Frequently Asked Questions<\/h3>  \n\t\t\t   <div class=\"dsm-text-divider-after dsm-divider\"><\/div>\n\t\t\t<\/div><\/div><\/div>\r\n\r\n<div class=\"dsm_faq_0 dsm_faq et_pb_module preset--module--dsm-faq--default\"><div class=\"et_pb_module_inner\"><div class=\"dsm-faq-container dsm-front \" data-accordion=\"on\" data-open_first_item=\"on\">\r\n\r\n<div class=\"dsm_faq_child_0 dsm_faq_child dsm-faq-item-wrapper et_pb_module\"><div class=\"et_pb_module_inner\"><div class=\"dsm-title-wrapper\">\n\t\t\t\t <div class=\"dsm-title-inner-wrapper\">\n\t\t\t\t   \n\t\t\t\t   \n\t\t\t\t   \n\t\t\t\t   \n\t\t\t\t   <h5 class=\"dsm-faq-title\">Does the 10-hour car rental include gas?<\/h5>\n\t\t\t\t <\/div> \n\t\t\t\t <div class=\"dsm-faq-item-inner-wrapper\">\n\t\t\t\t   <div class=\"dsm_open_icon\"><\/div>\n\t\t\t\t   <div class=\"dsm_close_icon\"><\/div>\n\t\t\t\t   \n\t\t\t\t   \n\t\t\t\t <\/div>\n\t\t\t\t<\/div>\n\t\t\t\t<div class=\"dsm-faq-content\"><p>No, the 10-hour car rental with driver package is exclusive of fuel. The vehicle is provided with a full tank, and the renter must replenish the fuel used at the end of the trip. This ensures you only pay for what you consume.<\/p><\/div><\/div><\/div>\r\n\r\n<div class=\"dsm_faq_child_1 dsm_faq_child dsm-faq-item-wrapper et_pb_module\"><div class=\"et_pb_module_inner\"><div class=\"dsm-title-wrapper\">\n\t\t\t\t <div class=\"dsm-title-inner-wrapper\">\n\t\t\t\t   \n\t\t\t\t   \n\t\t\t\t   \n\t\t\t\t   \n\t\t\t\t   <h5 class=\"dsm-faq-title\">Do you offer airport pickups in Cebu and Dumaguete?<\/h5>\n\t\t\t\t <\/div> \n\t\t\t\t <div class=\"dsm-faq-item-inner-wrapper\">\n\t\t\t\t   <div class=\"dsm_open_icon\"><\/div>\n\t\t\t\t   <div class=\"dsm_close_icon\"><\/div>\n\t\t\t\t   \n\t\t\t\t   \n\t\t\t\t <\/div>\n\t\t\t\t<\/div>\n\t\t\t\t<div class=\"dsm-faq-content\"><p>Yes, we provide reliable airport ground transfers in both Cebu (Mactan-Cebu International Airport) and Dumaguete (Sibulan-Dumaguete Airport). Our driver will wait for you at the arrival bay with a welcome sign.<\/p><\/div><\/div><\/div>\r\n\r\n<div class=\"dsm_faq_child_2 dsm_faq_child dsm-faq-item-wrapper et_pb_module\"><div class=\"et_pb_module_inner\"><div class=\"dsm-title-wrapper\">\n\t\t\t\t <div class=\"dsm-title-inner-wrapper\">\n\t\t\t\t   \n\t\t\t\t   \n\t\t\t\t   \n\t\t\t\t   \n\t\t\t\t   <h5 class=\"dsm-faq-title\">Is this a safe car rental option for tourists in the Philippines?<\/h5>\n\t\t\t\t <\/div> \n\t\t\t\t <div class=\"dsm-faq-item-inner-wrapper\">\n\t\t\t\t   <div class=\"dsm_open_icon\"><\/div>\n\t\t\t\t   <div class=\"dsm_close_icon\"><\/div>\n\t\t\t\t   \n\t\t\t\t   \n\t\t\t\t <\/div>\n\t\t\t\t<\/div>\n\t\t\t\t<div class=\"dsm-faq-content\"><p>Absolutely. We are a premier safe car rental provider in the Philippines. All our vehicles are GPS-tracked, and our drivers are professionally vetted and trained to assist international and local travelers securely.<\/p><\/div><\/div><\/div><\/div><script type=\"application\/ld+json\">{\"@context\":\"https:\\\/\\\/schema.org\",\"@type\":\"FAQPage\",\"mainEntity\":[{\"@type\":\"Question\",\"name\":\"Does the 10-hour car rental include gas?\",\"acceptedAnswer\":{\"@type\":\"Answer\",\"text\":\"No, the 10-hour car rental with driver package is exclusive of fuel. The vehicle is provided with a full tank, and the renter must replenish the fuel used at the end of the trip. This ensures you only pay for what you consume.\"}},{\"@type\":\"Question\",\"name\":\"Do you offer airport pickups in Cebu and Dumaguete?\",\"acceptedAnswer\":{\"@type\":\"Answer\",\"text\":\"Yes, we provide reliable airport ground transfers in both Cebu (Mactan-Cebu International Airport) and Dumaguete (Sibulan-Dumaguete Airport). Our driver will wait for you at the arrival bay with a welcome sign.\"}},{\"@type\":\"Question\",\"name\":\"Is this a safe car rental option for tourists in the Philippines?\",\"acceptedAnswer\":{\"@type\":\"Answer\",\"text\":\"Absolutely. We are a premier safe car rental provider in the Philippines. All our vehicles are GPS-tracked, and our drivers are professionally vetted and trained to assist international and local travelers securely.\"}}]}<\/script><\/div><\/div><\/div><\/div><div class=\"et_pb_bottom_inside_divider et-no-transition\"><\/div><\/div>","protected":false},"excerpt":{"rendered":"","protected":false},"author":1,"featured_media":62078,"parent":0,"menu_order":0,"comment_status":"closed","ping_status":"closed","template":"","meta":{"footnotes":""},"class_list":["post-62077","page","type-page","status-publish","has-post-thumbnail","hentry"],"dsm_author":{"name":"saferide","avatar_url":"https:\/\/secure.gravatar.com\/avatar\/bb7957cad8306c80171926f5ebf6330cd52c16916d2da7f696b301abbe2569ff?s=96&d=mm&r=g","archive_link":"https:\/\/www.saferide.ph\/fr\/author\/saferide\/","biodata":""},"dsm_categories":[],"dsm_attachment_categories":[],"dsm_featured_image":{"thumbnail":"https:\/\/www.saferide.ph\/wp-content\/uploads\/2022\/09\/Saferide-With-Driver-150x150.jpg","medium":"https:\/\/www.saferide.ph\/wp-content\/uploads\/2022\/09\/Saferide-With-Driver-300x158.jpg","medium_large":"https:\/\/www.saferide.ph\/wp-content\/uploads\/2022\/09\/Saferide-With-Driver-768x403.jpg","large":"https:\/\/www.saferide.ph\/wp-content\/uploads\/2022\/09\/Saferide-With-Driver-1024x538.jpg","1536x1536":"https:\/\/www.saferide.ph\/wp-content\/uploads\/2022\/09\/Saferide-With-Driver.jpg","2048x2048":"https:\/\/www.saferide.ph\/wp-content\/uploads\/2022\/09\/Saferide-With-Driver.jpg","et-pb-post-main-image":"https:\/\/www.saferide.ph\/wp-content\/uploads\/2022\/09\/Saferide-With-Driver-400x250.jpg","et-pb-post-main-image-fullwidth":"https:\/\/www.saferide.ph\/wp-content\/uploads\/2022\/09\/Saferide-With-Driver-1080x630.jpg","et-pb-portfolio-image":"https:\/\/www.saferide.ph\/wp-content\/uploads\/2022\/09\/Saferide-With-Driver-400x284.jpg","et-pb-portfolio-module-image":"https:\/\/www.saferide.ph\/wp-content\/uploads\/2022\/09\/Saferide-With-Driver-510x382.jpg","et-pb-portfolio-image-single":"https:\/\/www.saferide.ph\/wp-content\/uploads\/2022\/09\/Saferide-With-Driver-1080x567.jpg","et-pb-gallery-module-image-portrait":"https:\/\/www.saferide.ph\/wp-content\/uploads\/2022\/09\/Saferide-With-Driver-400x516.jpg","et-pb-post-main-image-fullwidth-large":"https:\/\/www.saferide.ph\/wp-content\/uploads\/2022\/09\/Saferide-With-Driver.jpg","et-pb-image--responsive--desktop":"https:\/\/www.saferide.ph\/wp-content\/uploads\/2022\/09\/Saferide-With-Driver.jpg","et-pb-image--responsive--tablet":"https:\/\/www.saferide.ph\/wp-content\/uploads\/2022\/09\/Saferide-With-Driver-980x515.jpg","et-pb-image--responsive--phone":"https:\/\/www.saferide.ph\/wp-content\/uploads\/2022\/09\/Saferide-With-Driver-480x252.jpg","chbs_vehicle":"https:\/\/www.saferide.ph\/wp-content\/uploads\/2022\/09\/Saferide-With-Driver-460x242.jpg","chbs_vehicle_2":"https:\/\/www.saferide.ph\/wp-content\/uploads\/2022\/09\/Saferide-With-Driver-800x420.jpg","woocommerce_thumbnail":"https:\/\/www.saferide.ph\/wp-content\/uploads\/2022\/09\/Saferide-With-Driver-300x300.jpg","woocommerce_single":"https:\/\/www.saferide.ph\/wp-content\/uploads\/2022\/09\/Saferide-With-Driver.jpg","woocommerce_gallery_thumbnail":"https:\/\/www.saferide.ph\/wp-content\/uploads\/2022\/09\/Saferide-With-Driver-100x100.jpg","full":"https:\/\/www.saferide.ph\/wp-content\/uploads\/2022\/09\/Saferide-With-Driver.jpg"},"_links":{"self":[{"href":"https:\/\/www.saferide.ph\/fr\/wp-json\/wp\/v2\/pages\/62077","targetHints":{"allow":["GET"]}}],"collection":[{"href":"https:\/\/www.saferide.ph\/fr\/wp-json\/wp\/v2\/pages"}],"about":[{"href":"https:\/\/www.saferide.ph\/fr\/wp-json\/wp\/v2\/types\/page"}],"author":[{"embeddable":true,"href":"https:\/\/www.saferide.ph\/fr\/wp-json\/wp\/v2\/users\/1"}],"replies":[{"embeddable":true,"href":"https:\/\/www.saferide.ph\/fr\/wp-json\/wp\/v2\/comments?post=62077"}],"version-history":[{"count":1,"href":"https:\/\/www.saferide.ph\/fr\/wp-json\/wp\/v2\/pages\/62077\/revisions"}],"predecessor-version":[{"id":62080,"href":"https:\/\/www.saferide.ph\/fr\/wp-json\/wp\/v2\/pages\/62077\/revisions\/62080"}],"wp:featuredmedia":[{"embeddable":true,"href":"https:\/\/www.saferide.ph\/fr\/wp-json\/wp\/v2\/media\/62078"}],"wp:attachment":[{"href":"https:\/\/www.saferide.ph\/fr\/wp-json\/wp\/v2\/media?parent=62077"}],"curies":[{"name":"wp","href":"https:\/\/api.w.org\/{rel}","templated":true}]}}