{"id":62042,"date":"2024-02-16T13:53:45","date_gmt":"2024-02-16T05:53:45","guid":{"rendered":"https:\/\/www.saferide.ph\/options-de-paiement\/"},"modified":"2026-04-20T17:16:55","modified_gmt":"2026-04-20T09:16:55","slug":"options-de-paiement","status":"publish","type":"page","link":"https:\/\/www.saferide.ph\/fr\/options-de-paiement\/","title":{"rendered":"Options de paiement"},"content":{"rendered":"\r\n\r\n<div class=\"et_pb_section_0 et_pb_section et_section_regular et_flex_section section_has_divider et_pb_bottom_divider preset--module--divi-section--default\">\r\n\r\n<div class=\"et_pb_row_0 et_pb_row et_flex_row et_animated preset--module--divi-row--default\">\r\n\r\n<div class=\"et_pb_column_0 et_pb_column et-last-child et_flex_column et_pb_css_mix_blend_mode_passthrough et_flex_column_24_24 et_flex_column_24_24_tablet et_flex_column_24_24_phone preset--module--divi-column--default\">\r\n\r\n<div class=\"dsm_text_divider_0 dsm_text_divider et_pb_module preset--module--dsm-text-divider--b21ae027-3fb0-4a34-88bb-91643bf80c92\"><div class=\"et_pb_module_inner\"><div class=\"dsm-text-divider-wrapper dsm-text-divider-align-center dsm-text-divider-vertical-align-center\">\n\t\t\t   <div class=\"dsm-text-divider-before dsm-divider\"><\/div>\n                <h2 class=\"dsm-text-divider-header et_pb_module_header\">Booking Steps Enhancing the Booking Process<\/h2>  \n\t\t\t   <div class=\"dsm-text-divider-after dsm-divider\"><\/div>\n\t\t\t<\/div><\/div><\/div>\r\n\r\n<div class=\"et_pb_row_1 et_pb_row et_pb_row_nested et_grid_row preset--module--divi-row--hvmzcnmj61\">\r\n\r\n<div class=\"et_pb_column_1 et_pb_column et-last-child et_grid_column et_pb_css_mix_blend_mode_passthrough preset--module--divi-column--default\">\r\n\r\n<div class=\"dsm_step_flow_0 dsm_step_flow et_pb_module\"><div class=\"et_pb_module_inner\"><div class=\"dsm-step-flow-container\">\n\t\t\t    <div class=\"dsm-steps-image-icon-wrapper\">\n\t\t\t \t  \n\t\t\t\t  \n\t\t\t\t  \n\t\t\t\t  \n\t\t\t\t  <span class=\"dsm_icon\"><\/span>\n\t\t\t\t<\/div>\n\t\t\t\t<div class=\"dsm-step-badge dsm-badge-position-top_right\">Step 1<\/div>\n\t\t\t\t<h3 class=\"dsm-title\">Create a booking request<\/h3>\n\t\t\t\t<div class=\"dsm-content\"><p>If you've already made a booking, please proceed to the next step.<\/p>\n<p>If you need assistance, please contact us through any of our social media platforms<\/p><\/div>\n\t\t\t\t\n\t\t\t <\/div><\/div><\/div>\r\n\r\n<div class=\"dsm_step_flow_1 dsm_step_flow et_pb_module\"><div class=\"et_pb_module_inner\"><div class=\"dsm-step-flow-container\">\n\t\t\t    <div class=\"dsm-steps-image-icon-wrapper\">\n\t\t\t \t  \n\t\t\t\t  \n\t\t\t\t  \n\t\t\t\t  \n\t\t\t\t  <span class=\"dsm_icon\"><\/span>\n\t\t\t\t<\/div>\n\t\t\t\t<div class=\"dsm-step-badge dsm-badge-position-top_right\">Step 2<\/div>\n\t\t\t\t<h3 class=\"dsm-title\">Await email confirmation<\/h3>\n\t\t\t\t<div class=\"dsm-content\"><p><span class=\"s1\">Once you have made your booking, wait for an email from us confirming the availability of the service.<\/span><\/p>\n<p><span class=\"s1\">Confirmed bookings without payment will be canceled after 48 hours.<\/span><\/p><\/div>\n\t\t\t\t\n\t\t\t <\/div><\/div><\/div>\r\n\r\n<div class=\"dsm_step_flow_2 dsm_step_flow et_pb_module\"><div class=\"et_pb_module_inner\"><div class=\"dsm-step-flow-container\">\n\t\t\t    <div class=\"dsm-steps-image-icon-wrapper\">\n\t\t\t \t  \n\t\t\t\t  \n\t\t\t\t  \n\t\t\t\t  \n\t\t\t\t  <span class=\"dsm_icon\"><\/span>\n\t\t\t\t<\/div>\n\t\t\t\t<div class=\"dsm-step-badge dsm-badge-position-top_right\">Step 3<\/div>\n\t\t\t\t<h3 class=\"dsm-title\">Payment process<\/h3>\n\t\t\t\t<div class=\"dsm-content\"><p><span class=\"s1\">Pay only the required reservation deposit<span>\u00a0<\/span><\/span><span class=\"s2\"><b><i>(excluding the security deposit for<span>\u00a0<\/span><\/i><\/b><span class=\"s3\"><b><i>self-drive<\/i><\/b><\/span><b><i><span>\u00a0<\/span>rentals)<\/i><\/b><\/span><span class=\"s1\">.<\/span><\/p>\n<p><span class=\"s4\"><b><\/b><\/span><span class=\"s5\" style=\"color: #ff0000;\"><b>IMPORTANT:<\/b><\/span><span class=\"s2\"><span>\u00a0<\/span>Please send us a copy of your payment confirmation along with the booking number via email, Facebook Messenger, Viber, or WhatsApp.<\/span><\/p><\/div>\n\t\t\t\t\n\t\t\t <\/div><\/div><\/div>\r\n\r\n<div class=\"dsm_step_flow_3 dsm_step_flow et_pb_module\"><div class=\"et_pb_module_inner\"><div class=\"dsm-step-flow-container\">\n\t\t\t    <div class=\"dsm-steps-image-icon-wrapper\">\n\t\t\t \t  \n\t\t\t\t  \n\t\t\t\t  \n\t\t\t\t  \n\t\t\t\t  <span class=\"dsm_icon\"><\/span>\n\t\t\t\t<\/div>\n\t\t\t\t<div class=\"dsm-step-badge dsm-badge-position-top_right\">Step 4<\/div>\n\t\t\t\t<h3 class=\"dsm-title\">Booking confirmation<\/h3>\n\t\t\t\t<div class=\"dsm-content\"><p><span>After we have verified your payment, we will send you a booking confirmation via email.<\/span><\/p><\/div>\n\t\t\t\t\n\t\t\t <\/div><\/div><\/div><\/div><\/div>\r\n\r\n<div class=\"et_pb_text_0 et_pb_text et_pb_bg_layout_light et_pb_module et_block_module preset--module--divi-text--default\"><div class=\"et_pb_text_inner\"><p style=\"text-align: center;\">En proc\u00e9dant, vous confirmez avoir lu et accept\u00e9 nos instructions de r\u00e9servation ainsi que nos conditions g\u00e9n\u00e9rales.<\/p>\n<\/div><\/div>\r\n\r\n<div class=\"et_pb_module et_pb_button_module_wrapper et_pb_button_0_wrapper preset--module--divi-button--sdeoj66ad0_wrapper\"><a class=\"et_pb_button_0 et_pb_button et_pb_bg_layout_light et_pb_module et_flex_module preset--module--divi-button--sdeoj66ad0\" href=\"#payment\" data-icon=\"\uf0c1\" data-interaction-trigger=\"apnpjlu035\">Paiement des recettes<\/a><\/div><\/div><\/div><div class=\"et_pb_bottom_inside_divider et-no-transition\"><\/div><\/div>\r\n\r\n<div class=\"et_pb_section_1 et_pb_section et_section_regular et_block_section section_has_divider et_pb_top_divider et_pb_bottom_divider et-interaction-target-w760czx5i8 preset--module--divi-section--default\" data-interaction-trigger=\"ts705lozbq\" data-interaction-target=\"w760czx5i8\" id=\"payment\"><div class=\"et_pb_top_inside_divider et-no-transition\"><\/div>\r\n\r\n<div class=\"et_pb_row_2 et_pb_row et_block_row et_animated preset--module--divi-row--default\">\r\n\r\n<div class=\"et_pb_column_2 et_pb_column et_pb_column_4_4 et-last-child et_block_column et_pb_css_mix_blend_mode_passthrough preset--module--divi-column--default\">\r\n\r\n<div class=\"dsm_text_divider_1 dsm_text_divider et_pb_module preset--module--dsm-text-divider--b21ae027-3fb0-4a34-88bb-91643bf80c92\"><div class=\"et_pb_module_inner\"><div class=\"dsm-text-divider-wrapper dsm-text-divider-align-center dsm-text-divider-vertical-align-center\">\n\t\t\t   <div class=\"dsm-text-divider-before dsm-divider\"><\/div>\n                <h3 class=\"dsm-text-divider-header et_pb_module_header\">Feel free to select from our convenient payment options!<\/h3>  \n\t\t\t   <div class=\"dsm-text-divider-after dsm-divider\"><\/div>\n\t\t\t<\/div><\/div><\/div>\r\n\r\n<div class=\"et_pb_row_3 et_pb_row et_pb_row_nested et_flex_row preset--module--divi-row--hvmzcnmj61\">\r\n\r\n<div class=\"et_pb_column_3 et_pb_column et-last-child et_grid_column et_pb_css_mix_blend_mode_passthrough et_flex_column_24_24 et_flex_column_24_24_tablet et_flex_column_24_24_phone preset--module--divi-column--default\">\r\n\r\n<div class=\"et_pb_group_0 et_pb_group et_pb_module et_flex_group et_pb_css_mix_blend_mode_passthrough\">\r\n\r\n<div class=\"et_pb_icon_0 et_pb_icon et_pb_module et_flex_module preset--module--divi-icon--default\"><span class=\"et_pb_icon_wrap\"><span class=\"et-pb-icon\">\ue014<\/span><\/span><\/div>\r\n\r\n<div class=\"et_pb_text_1 et_pb_text et_pb_bg_layout_light et_pb_module et_block_module preset--module--divi-text--default\"><div class=\"et_pb_text_inner\"><h3 style=\"text-align: center;\">Carte de cr\u00e9dit<\/h3>\n<p style=\"text-align: center;\">VISA, Mastercard, Maya, GCash, QRPh et WeChatPay<\/p>\n<\/div><\/div>\r\n\r\n<div class=\"et_pb_module et_pb_button_module_wrapper et_pb_button_1_wrapper preset--module--divi-button--sdeoj66ad0_wrapper\"><a class=\"et_pb_button_1 et_pb_button et_pb_bg_layout_light et_pb_module et_flex_module preset--module--divi-button--sdeoj66ad0\" href=\"https:\/\/paymaya.me\/SAFERIDECARRENTAL4\" target=\"_blank\" data-icon=\"\uf0c1\" rel=\"noopener\">Payez maintenant<\/a><\/div><\/div>\r\n\r\n<div class=\"et_pb_group_1 et_pb_group et-last-child et_pb_module et_flex_group et_pb_css_mix_blend_mode_passthrough\">\r\n\r\n<div class=\"et_pb_icon_1 et_pb_icon et_pb_module et_flex_module preset--module--divi-icon--default\"><span class=\"et_pb_icon_wrap\"><span class=\"et-pb-icon\">\uf19c<\/span><\/span><\/div>\r\n\r\n<div class=\"et_pb_text_2 et_pb_text et_pb_bg_layout_light et_pb_module et_block_module preset--module--divi-text--default\"><div class=\"et_pb_text_inner\"><h3 style=\"text-align: center;\"><span>Virement bancaire<\/span><\/h3>\n<p style=\"text-align: center;\"><span>BDO Unibank et Union Bank des Philippines<\/span><\/p>\n<p style=\"text-align: center;\"><span><strong><span style=\"color: #ff0000;\">IMPORTANT : La v\u00e9rification des transactions peut prendre jusqu\u2019\u00e0 deux (2) jours bancaires.<\/span><\/strong><\/span><\/p>\n<\/div><\/div>\r\n\r\n<div class=\"et_pb_module et_pb_button_module_wrapper et_pb_button_2_wrapper preset--module--divi-button--sdeoj66ad0_wrapper\"><a class=\"et_pb_button_2 et_pb_button et_pb_bg_layout_light et_pb_module et_flex_module preset--module--divi-button--sdeoj66ad0\" href=\"\" data-icon=\"\uf0c1\" data-interaction-trigger=\"t6sz3t35ik\">D\u00e9tails bancaires<\/a><\/div><\/div><\/div><\/div><\/div><\/div><div class=\"et_pb_bottom_inside_divider et-no-transition\"><\/div><\/div>\r\n\r\n<div class=\"et_pb_section_2 et_pb_section et_section_regular et_flex_section section_has_divider et_pb_top_divider et_pb_bottom_divider et-interaction-target-kti4yxz6fw preset--module--divi-section--default\" data-interaction-trigger=\"kwr93hp09g\" data-interaction-target=\"kti4yxz6fw\"><div class=\"et_pb_top_inside_divider et-no-transition\"><\/div>\r\n\r\n<div class=\"et_pb_row_4 et_pb_row et_block_row et_animated preset--module--divi-row--default\">\r\n\r\n<div class=\"et_pb_column_4 et_pb_column et_pb_column_4_4 et-last-child et_block_column et_pb_css_mix_blend_mode_passthrough preset--module--divi-column--default\">\r\n\r\n<div class=\"dsm_text_divider_2 dsm_text_divider et_pb_module preset--module--dsm-text-divider--f660af90-f482-4412-a1fc-69db9c2e2f1f\"><div class=\"et_pb_module_inner\"><div class=\"dsm-text-divider-wrapper dsm-text-divider-align-center dsm-text-divider-vertical-align-center\">\n\t\t\t   <div class=\"dsm-text-divider-before dsm-divider\"><\/div>\n                <h3 class=\"dsm-text-divider-header et_pb_module_header\">Bank Transfer<\/h3>  \n\t\t\t   <div class=\"dsm-text-divider-after dsm-divider\"><\/div>\n\t\t\t<\/div><\/div><\/div>\r\n\r\n<div class=\"et_pb_row_5 et_pb_row et_pb_row_nested et_flex_row preset--module--divi-row--hvmzcnmj61\">\r\n\r\n<div class=\"et_pb_column_5 et_pb_column et-last-child et_flex_column et_pb_css_mix_blend_mode_passthrough et_flex_column_24_24 et_flex_column_24_24_tablet et_flex_column_24_24_phone preset--module--divi-column--default\">\r\n\r\n<div class=\"et_pb_blurb_0 et_pb_blurb et_pb_bg_layout_light et_pb_text_align_center et_pb_blurb_position_top et_pb_module et_block_module preset--module--divi-blurb--default\"><div class=\"et_pb_blurb_content\"><div class=\"et_pb_main_blurb_image\"><span class=\"et_pb_image_wrap et_pb_only_image_mode_wrap\"><img decoding=\"async\" src=\"https:\/\/saferide.ph\/wp-content\/uploads\/2023\/07\/bdo-bank.jpg\" class=\"et_animated\" alt=\"bdo bank\" title=\"\"><\/span><\/div><div class=\"et_pb_blurb_container\"><h3 class=\"et_pb_module_header\">Banco de Oro<\/h3><div class=\"et_pb_blurb_description\"><h5>Nom du compte :<\/h5>\n<p>Dugomon Transport Services Corp.<\/p>\n<h5>Num\u00e9ro de compte :<\/h5>\n<p>002928024706<\/p>\n<h5>Adresse bancaire :<\/h5>\n<p>Centre du Port Cor. Ave 8 Juan Luna Ave North Zone de R\u00e9clamation, Cebu City, 6000 Cebu <\/p>\n<h5>Code SWIFT :<\/h5>\n<p>BNORPHMMXXX<\/p>\n<\/div><\/div><\/div><\/div>\r\n\r\n<div class=\"et_pb_blurb_1 et_pb_blurb et_pb_bg_layout_light et_pb_text_align_center et_pb_blurb_position_top et_pb_module et_block_module preset--module--divi-blurb--default\"><div class=\"et_pb_blurb_content\"><div class=\"et_pb_main_blurb_image\"><span class=\"et_pb_image_wrap et_pb_only_image_mode_wrap\"><img decoding=\"async\" src=\"http:\/\/saferide.ph\/wp-content\/uploads\/2017\/11\/ubp.jpeg\" class=\"et_animated\" alt=\"\" title=\"\"><\/span><\/div><div class=\"et_pb_blurb_container\"><h3 class=\"et_pb_module_header\">Banque Union des Philippines<\/h3><div class=\"et_pb_blurb_description\"><h5>Nom du compte :<\/h5>\n<p>Dugomon Transport Services Corp.<\/p>\n<h5>Num\u00e9ro de compte :<\/h5>\n<p>0030 8000 0170<\/p>\n<h5>Adresse bancaire :<\/h5>\n<p>Unit\u00e9s 3 &amp; 4, G\/F, A.D. Gothong I.T. Center, rue Lopez Jaena, Mandaue City, <a class=\"wpil_keyword_link\" href=\"https:\/\/saferide.ph\/locations\/cebu-car-rental\/\" title=\"Cebu\" data-wpil-keyword-link=\"linked\" target=\"_blank\" rel=\"noopener\">Cebu<\/a>, Philippines, 6014<\/p>\n<h5>Code SWIFT :<\/h5>\n<p>UBPHPHMMXXX<\/p>\n<\/div><\/div><\/div><\/div><\/div><\/div><\/div><\/div><div class=\"et_pb_bottom_inside_divider et-no-transition\"><\/div><\/div>","protected":false},"excerpt":{"rendered":"","protected":false},"author":1,"featured_media":0,"parent":0,"menu_order":0,"comment_status":"closed","ping_status":"closed","template":"","meta":{"footnotes":""},"class_list":["post-62042","page","type-page","status-publish","hentry"],"dsm_author":{"name":"saferide","avatar_url":"https:\/\/secure.gravatar.com\/avatar\/bb7957cad8306c80171926f5ebf6330cd52c16916d2da7f696b301abbe2569ff?s=96&d=mm&r=g","archive_link":"https:\/\/www.saferide.ph\/fr\/author\/saferide\/","biodata":""},"dsm_categories":[],"dsm_attachment_categories":[],"dsm_featured_image":null,"_links":{"self":[{"href":"https:\/\/www.saferide.ph\/fr\/wp-json\/wp\/v2\/pages\/62042","targetHints":{"allow":["GET"]}}],"collection":[{"href":"https:\/\/www.saferide.ph\/fr\/wp-json\/wp\/v2\/pages"}],"about":[{"href":"https:\/\/www.saferide.ph\/fr\/wp-json\/wp\/v2\/types\/page"}],"author":[{"embeddable":true,"href":"https:\/\/www.saferide.ph\/fr\/wp-json\/wp\/v2\/users\/1"}],"replies":[{"embeddable":true,"href":"https:\/\/www.saferide.ph\/fr\/wp-json\/wp\/v2\/comments?post=62042"}],"version-history":[{"count":1,"href":"https:\/\/www.saferide.ph\/fr\/wp-json\/wp\/v2\/pages\/62042\/revisions"}],"predecessor-version":[{"id":62045,"href":"https:\/\/www.saferide.ph\/fr\/wp-json\/wp\/v2\/pages\/62042\/revisions\/62045"}],"wp:attachment":[{"href":"https:\/\/www.saferide.ph\/fr\/wp-json\/wp\/v2\/media?parent=62042"}],"curies":[{"name":"wp","href":"https:\/\/api.w.org\/{rel}","templated":true}]}}