{"id":61997,"date":"2023-05-08T13:11:20","date_gmt":"2023-05-08T05:11:20","guid":{"rendered":"https:\/\/www.saferide.ph\/forfaits-touristiques-a-iloilo\/"},"modified":"2026-04-20T17:19:49","modified_gmt":"2026-04-20T09:19:49","slug":"forfaits-touristiques-a-iloilo","status":"publish","type":"page","link":"https:\/\/www.saferide.ph\/fr\/forfaits-touristiques-a-iloilo\/","title":{"rendered":"Forfaits touristiques \u00e0 Iloilo"},"content":{"rendered":"<div class=\"et_pb_section_0 et_pb_section et_section_regular et_flex_section section_has_divider et_pb_bottom_divider preset--module--divi-section--5tgllyttr4\">\n<div class=\"et_pb_row_0 et_pb_row et_flex_row preset--module--divi-row--0rvs0g41jp\">\n<div class=\"et_pb_column_0 et_pb_column et-last-child et_flex_column et_pb_css_mix_blend_mode_passthrough et_flex_column_24_24 et_flex_column_24_24_tablet et_flex_column_24_24_phone preset--module--divi-column--default\">\n<div class=\"et_pb_group_0 et_pb_group et_pb_module et_flex_group et_pb_css_mix_blend_mode_passthrough preset--group--divi-group--divi-border--nested--zohdle16bw preset--group--divi-group--divi-spacing--nested--fbvpj2r7ha preset--module--divi-group--rv78q7sif9\">\n<div class=\"dsm_typing_effect_0 dsm_typing_effect et_pb_module preset--module--dsm-typing-effect--idldtqa5ub\"><div class=\"et_pb_module_inner\"><h1 class=\"dsm-typing-effect et_pb_module_header\">\n\t\t\t  <span class=\"dsm-before-typing-effect\">Experience the Magic of <\/span>\n\t\t\t  <span class=\"dsm-typing-wrapper\"><span class=\"dsm-typing-strings\"><\/span>\n\t\t\t<span class=\"dsm-typing\" data-dsm-typing-strings=\"Iloilo|The City of Love|Heritage &amp; Gastronomy|\"data-dsm-typing-speed=\"100ms\" data-dsm-typing-backspeed=\"50ms\" data-dsm-typing-backdelay=\"700ms\" data-dsm-typing-loop=\"on\"data-dsm-typing-remove-cursor=\"off\"data-dsm-typing-cursor=\"|\" data-dsm-typing-shuffle=\"off\" data-dsm-typing-shuffle=\"off\" data-dsm-typing-viewport=\"80%\" data-dsm-typing-repeat=\"on\" ><\/span><\/span>\n\t\t\t  \n\t\t\t<\/h1><\/div><\/div>\n\n<div class=\"et_pb_text_0 et_pb_text et_pb_bg_layout_light et_pb_module et_block_module preset--module--divi-text--default\"><div class=\"et_pb_text_inner\"><p style=\"text-align: center;\">Parcourez la riche histoire et les merveilles culinaires d\u2019Iloilo avec l\u2019esprit tranquille. Des services de transport s\u00fbrs, fiables et haut de gamme exploit\u00e9s par <b data-path-to-node=\"8,2,1,0\" data-index-in-node=\"132\">Saferide Car Rental.<\/b> <\/p>\n<\/div><\/div>\n<\/div>\n\n<div class=\"et_pb_module et_pb_button_module_wrapper et_pb_button_0_wrapper preset--module--divi-button--sdeoj66ad0_wrapper\"><a class=\"et_pb_button_0 et_pb_button et_pb_bg_layout_light et_pb_module et_flex_module preset--module--divi-button--sdeoj66ad0\" href=\"\" data-icon=\"\uf0c1\">Voir les visites disponibles<\/a><\/div>\n\n<div class=\"et_pb_code_0 et_pb_code et_pb_text_align_center-phone et_pb_module\"><div class=\"et_pb_code_inner\"><script defer async src='https:\/\/cdn.trustindex.io\/loader.js?e4eba8546b1a035315964f8b792'><\/script><\/div><\/div>\n<\/div>\n<\/div>\n<div class=\"et_pb_bottom_inside_divider et-no-transition\"><\/div><\/div>\n\n<div class=\"et_pb_section_1 et_pb_section et_section_regular et_flex_section section_has_divider et_pb_top_divider et_pb_bottom_divider preset--module--divi-section--default\"><div class=\"et_pb_top_inside_divider et-no-transition\"><\/div>\n<div class=\"et_pb_row_1 et_pb_row et_flex_row et_animated preset--module--divi-row--default\">\n<div class=\"et_pb_column_1 et_pb_column et-last-child et_flex_column et_pb_css_mix_blend_mode_passthrough et_flex_column_24_24 et_flex_column_24_24_tablet et_flex_column_24_24_phone preset--module--divi-column--default\">\n<div class=\"dsm_text_divider_0 dsm_text_divider et_pb_module preset--module--dsm-text-divider--b21ae027-3fb0-4a34-88bb-91643bf80c92\"><div class=\"et_pb_module_inner\"><div class=\"dsm-text-divider-wrapper dsm-text-divider-align-center dsm-text-divider-vertical-align-center\">\n\t\t\t   <div class=\"dsm-text-divider-before dsm-divider\"><\/div>\n                <h3 class=\"dsm-text-divider-header et_pb_module_header\">Location Overview<\/h3>  \n\t\t\t   <div class=\"dsm-text-divider-after dsm-divider\"><\/div>\n\t\t\t<\/div><\/div><\/div>\n\n<div class=\"et_pb_row_2 et_pb_row et_pb_row_nested et_flex_row preset--module--divi-row--hvmzcnmj61\">\n<div class=\"et_pb_column_2 et_pb_column et-last-child et_flex_column et_pb_css_mix_blend_mode_passthrough et_flex_column_24_24 et_flex_column_24_24_tablet et_flex_column_24_24_phone preset--module--divi-column--default\">\n<div class=\"et_pb_text_1 et_pb_text et_pb_bg_layout_light et_pb_module et_block_module preset--module--divi-text--default\"><div class=\"et_pb_text_inner\"><p data-path-to-node=\"12,0\"><b data-path-to-node=\"12,0\" data-index-in-node=\"0\">Bienvenue au c\u0153ur des Philippines<\/b> Iloilo est bien plus qu\u2019une simple porte d\u2019entr\u00e9e vers Visayas ; C\u2019est une destination riche en patrimoine culturel, en architecture coloniale et en certaines des meilleures cuisines du pays. Des majestueuses \u00e9glises de Jaro et Molo \u00e0 la brise rafra\u00eechissante de l\u2019Esplanade de la rivi\u00e8re Iloilo, la \u00ab Cit\u00e9 de l\u2019Amour \u00bb offre une exp\u00e9rience de voyage \u00e0 la fois relaxante et enrichissante. Que vous couriez apr\u00e8s l\u2019histoire dans les rues de la ville ou que vous saliez d\u2019\u00eele en \u00eele dans les \u00eeles Gigantes, Iloilo promet une aventure pour tous les types de voyageurs.  <\/p>\n<p data-path-to-node=\"12,1\"><b data-path-to-node=\"12,1\" data-index-in-node=\"0\">Un voyage sans failles avec Saferide<\/b> Naviguer dans une nouvelle ville devrait \u00eatre excitant, pas stressant. Chez Saferide.ph, nous \u00e9liminons les tracas li\u00e9s aux trajets en proposant un transport priv\u00e9 haut de gamme pour tous nos forfaits touristiques. Oubliez l\u2019appel des tricycles ou la d\u00e9cryptage des itin\u00e9raires de jeepney. Notre flotte d\u00e9di\u00e9e vous assure de vous d\u00e9placer d\u2019un point de rep\u00e8re \u00e0 l\u2019autre dans un confort climatis\u00e9, vous permettant de vous concentrer enti\u00e8rement sur la cr\u00e9ation de souvenirs.   <\/p>\n<p data-path-to-node=\"12,2\"><b data-path-to-node=\"12,2\" data-index-in-node=\"0\">S\u00e9curit\u00e9 et Fiabilit\u00e9 avant<\/b> tout Votre s\u00e9curit\u00e9 est notre priorit\u00e9 non n\u00e9gociable. Nous veillons \u00e0 ce que chaque v\u00e9hicule soit soigneusement entretenu et conduit par des conducteurs professionnels et courtois, qui connaissent Iloilo sur le bout des doigts. D\u00e9couvrez la chaleur de l\u2019hospitalit\u00e9 ilonggo d\u00e8s que vous montez dans votre v\u00e9hicule.  <\/p>\n<\/div><\/div>\n\n<div class=\"et_pb_image_0 et_pb_image et_flex_column_24_24 et_pb_module et_flex_module preset--group--divi-image--divi-border--nested--zohdle16bw preset--module--divi-image--v2xeux3uf3\"><span class=\"et_pb_image_wrap\"><img loading=\"lazy\" decoding=\"async\" src=\"https:\/\/saferide.ph\/wp-content\/uploads\/2023\/07\/2026-iloilo-tours-Half-Column.jpg\" title=\"Tourn\u00e9es Iloilo 2026 Half Column\" width=\"320\" height=\"543\" srcset=\"https:\/\/www.saferide.ph\/wp-content\/uploads\/2023\/07\/2026-iloilo-tours-Half-Column.jpg 320w, https:\/\/www.saferide.ph\/wp-content\/uploads\/2023\/07\/2026-iloilo-tours-Half-Column-177x300.jpg 177w, https:\/\/www.saferide.ph\/wp-content\/uploads\/2023\/07\/2026-iloilo-tours-Half-Column-180x306.jpg 180w, https:\/\/www.saferide.ph\/wp-content\/uploads\/2023\/07\/2026-iloilo-tours-Half-Column-314x533.jpg 314w\" sizes=\"(max-width: 320px) 100vw, 320px\" class=\"wp-image-59750\" alt=\"\"><\/span><\/div>\n<\/div>\n<\/div>\n<\/div>\n<\/div>\n\n<div class=\"et_pb_row_3 et_pb_row et_flex_row et_animated preset--module--divi-row--default\">\n<div class=\"et_pb_column_3 et_pb_column et-last-child et_flex_column et_pb_css_mix_blend_mode_passthrough et_flex_column_24_24 et_flex_column_24_24_tablet et_flex_column_24_24_phone preset--module--divi-column--default\">\n<div class=\"dsm_text_divider_1 dsm_text_divider et_pb_module preset--module--dsm-text-divider--b21ae027-3fb0-4a34-88bb-91643bf80c92\"><div class=\"et_pb_module_inner\"><div class=\"dsm-text-divider-wrapper dsm-text-divider-align-center dsm-text-divider-vertical-align-center\">\n\t\t\t   <div class=\"dsm-text-divider-before dsm-divider\"><\/div>\n                <h3 class=\"dsm-text-divider-header et_pb_module_header\">The Saferide Advantage<\/h3>  \n\t\t\t   <div class=\"dsm-text-divider-after dsm-divider\"><\/div>\n\t\t\t<\/div><\/div><\/div>\n\n<div class=\"et_pb_row_4 et_pb_row et_pb_row_nested et_flex_row preset--module--divi-row--hvmzcnmj61\">\n<div class=\"et_pb_column_4 et_pb_column et-last-child et_grid_column et_pb_css_mix_blend_mode_passthrough et_flex_column_24_24 et_flex_column_24_24_tablet et_flex_column_24_24_phone preset--module--divi-column--default\">\n<div class=\"et_pb_group_1 et_pb_group et_pb_module et_flex_group et_pb_css_mix_blend_mode_passthrough preset--group--divi-group--divi-border--nested--hpky1fq4hp preset--group--divi-group--divi-spacing--nested--fbvpj2r7ha preset--module--divi-group--6bov343h9t\">\n<div class=\"et_pb_icon_0 et_pb_icon et_pb_module et_flex_module preset--module--divi-icon--default\"><span class=\"et_pb_icon_wrap\"><span class=\"et-pb-icon\">R<\/span><\/span><\/div>\n\n<div class=\"et_pb_text_2 et_pb_text et_pb_bg_layout_light et_pb_module et_block_module preset--module--divi-text--default\"><div class=\"et_pb_text_inner\"><h3 style=\"text-align: center;\">Confirmation instantan\u00e9e<\/h3>\n<p style=\"text-align: center;\">\u00c9vitez les e-mails. R\u00e9servez votre visite d\u2019Iloilo via notre moteur en direct et soyez confirm\u00e9 instantan\u00e9ment. <\/p>\n<\/div><\/div>\n<\/div>\n\n<div class=\"et_pb_group_2 et_pb_group et_pb_module et_flex_group et_pb_css_mix_blend_mode_passthrough preset--group--divi-group--divi-border--nested--hpky1fq4hp preset--group--divi-group--divi-spacing--nested--fbvpj2r7ha preset--module--divi-group--6bov343h9t\">\n<div class=\"et_pb_icon_1 et_pb_icon et_pb_module et_flex_module preset--module--divi-icon--default\"><span class=\"et_pb_icon_wrap\"><span class=\"et-pb-icon\">\uf1b9<\/span><\/span><\/div>\n\n<div class=\"et_pb_text_3 et_pb_text et_pb_bg_layout_light et_pb_module et_block_module preset--module--divi-text--default\"><div class=\"et_pb_text_inner\"><h3 style=\"text-align: center;\">Flotte Immaculate<\/h3>\n<p style=\"text-align: center;\">Voyagez en berlines, SUV ou fourgonnettes d\u00e9sinfect\u00e9es, r\u00e9centes, adapt\u00e9es \u00e0 toutes les tailles de groupe.<\/p>\n<\/div><\/div>\n<\/div>\n\n<div class=\"et_pb_group_3 et_pb_group et-last-child et_pb_module et_flex_group et_pb_css_mix_blend_mode_passthrough preset--group--divi-group--divi-border--nested--hpky1fq4hp preset--group--divi-group--divi-spacing--nested--fbvpj2r7ha preset--module--divi-group--6bov343h9t\">\n<div class=\"et_pb_icon_2 et_pb_icon et_pb_module et_flex_module preset--module--divi-icon--default\"><span class=\"et_pb_icon_wrap\"><span class=\"et-pb-icon\">\uf59f<\/span><\/span><\/div>\n\n<div class=\"et_pb_text_4 et_pb_text et_pb_bg_layout_light et_pb_module et_block_module preset--module--divi-text--default\"><div class=\"et_pb_text_inner\"><h3 style=\"text-align: center;\">Experts locaux<\/h3>\n<p style=\"text-align: center;\">Nos conducteurs ne sont pas seulement des navigateurs ; Ce sont des locaux qui peuvent recommander le meilleur Batchoy de la ville.<\/p>\n<\/div><\/div>\n<\/div>\n<\/div>\n<\/div>\n<\/div>\n<\/div>\n\n<div class=\"et_pb_row_5 et_pb_row et_flex_row et_animated preset--module--divi-row--default\">\n<div class=\"et_pb_column_5 et_pb_column et-last-child et_flex_column et_pb_css_mix_blend_mode_passthrough et_flex_column_24_24 et_flex_column_24_24_tablet et_flex_column_24_24_phone preset--module--divi-column--default\">\n<div class=\"dsm_text_divider_2 dsm_text_divider et_pb_module preset--module--dsm-text-divider--b21ae027-3fb0-4a34-88bb-91643bf80c92\"><div class=\"et_pb_module_inner\"><div class=\"dsm-text-divider-wrapper dsm-text-divider-align-center dsm-text-divider-vertical-align-center\">\n\t\t\t   <div class=\"dsm-text-divider-before dsm-divider\"><\/div>\n                <h3 class=\"dsm-text-divider-header et_pb_module_header\">Live Booking Engine<\/h3>  \n\t\t\t   <div class=\"dsm-text-divider-after dsm-divider\"><\/div>\n\t\t\t<\/div><\/div><\/div>\n\n<div class=\"et_pb_code_1 et_pb_code et_pb_module\"><div class=\"et_pb_code_inner\"><script type=\"text\/javascript\" src=\"https:\/\/widgets.bokun.io\/assets\/javascripts\/apps\/build\/BokunWidgetsLoader.js?bookingChannelUUID=989b91ec-0b5e-4714-9140-84158e0182e7\" async=\"\"><\/script>\n     \n    <div class=\"bokunWidget\" data-src=\"https:\/\/widgets.bokun.io\/online-sales\/989b91ec-0b5e-4714-9140-84158e0182e7\/product-list\/70056\"><\/div>\n    <noscript>Veuillez activer le javascript dans votre navigateur pour r\u00e9server<\/noscript>\n<\/div><\/div>\n\n<div class=\"et_pb_cta_0 et_pb_promo et_pb_bg_layout_dark et_pb_module et_block_module preset--module--divi-cta--ltjoysbzh4\"><div class=\"et_pb_promo_description\"><h3 class=\"et_pb_module_header\">Vous n\u2019avez pas trouv\u00e9 la visite ?<\/h3><div class=\"et_pb_promo_content\"><p>Nous adaptons les itin\u00e9raires \u00e0 vos pr\u00e9f\u00e9rences. Contactez-nous pour personnaliser votre exp\u00e9rience de vacances. <\/p>\n<\/div><\/div><div class=\"et_pb_button_wrapper\"><a class=\"et_pb_button et_pb_promo_button\" href=\"https:\/\/www.saferide.ph\/contact-us\/\" data-icon=\"\uf0c1\">Contactez-nous<\/a><\/div><\/div>\n<\/div>\n<\/div>\n\n<div class=\"et_pb_row_6 et_pb_row et_flex_row et_animated preset--module--divi-row--default\">\n<div class=\"et_pb_column_6 et_pb_column et-last-child et_flex_column et_pb_css_mix_blend_mode_passthrough et_flex_column_24_24 et_flex_column_24_24_tablet et_flex_column_24_24_phone preset--module--divi-column--default\">\n<div class=\"dsm_text_divider_3 dsm_text_divider et_pb_module preset--module--dsm-text-divider--b21ae027-3fb0-4a34-88bb-91643bf80c92\"><div class=\"et_pb_module_inner\"><div class=\"dsm-text-divider-wrapper dsm-text-divider-align-center dsm-text-divider-vertical-align-center\">\n\t\t\t   <div class=\"dsm-text-divider-before dsm-divider\"><\/div>\n                <h3 class=\"dsm-text-divider-header et_pb_module_header\">Fleet Showcase<\/h3>  \n\t\t\t   <div class=\"dsm-text-divider-after dsm-divider\"><\/div>\n\t\t\t<\/div><\/div><\/div>\n\n<div class=\"dsm_card_carousel_0 dsm_card_carousel dsm_card_carousel_arrow_outside dsm_card_carousel_slider_horizontal dsm_card_carousel_layout_stacked et_pb_module preset--module--dsm-card-carousel--qau01cpqec\"><div class=\"et_pb_module_inner\"><div class=\"swiper-container dsm_card_carousel_wrapper et_pb_bg_layout_\" data-params=\"[{&quot;direction&quot;:&quot;horizontal&quot;,&quot;effect&quot;:&quot;default&quot;,&quot;slider_effect_shadows&quot;:false,&quot;slider_effect_coverflow_rotate&quot;:30,&quot;slider_effect_coverflow_depth&quot;:0,&quot;loop&quot;:true,&quot;infinite_smooth_scrolling&quot;:false,&quot;slide_to_show&quot;:&quot;3&quot;,&quot;slide_to_show_tablet&quot;:&quot;2&quot;,&quot;slide_to_show_phone&quot;:&quot;1&quot;,&quot;slide_to_scroll&quot;:1,&quot;slide_to_scroll_tablet&quot;:&quot;&quot;,&quot;slide_to_scroll_phone&quot;:&quot;&quot;,&quot;space_between&quot;:15,&quot;space_between_tablet&quot;:&quot;&quot;,&quot;space_between_phone&quot;:&quot;&quot;,&quot;centered_slides&quot;:false,&quot;multiple_slide_row&quot;:&quot;off&quot;,&quot;slide_row&quot;:&quot;1&quot;,&quot;slide_row_tablet&quot;:&quot;&quot;,&quot;slide_row_phone&quot;:&quot;&quot;,&quot;speed&quot;:300,&quot;autoplay&quot;:true,&quot;autoplay_speed&quot;:3000,&quot;autoplay_viewport&quot;:&quot;80%&quot;,&quot;touch_move&quot;:true,&quot;grab&quot;:true,&quot;pause_on_hover&quot;:false,&quot;mousewheel&quot;:false,&quot;auto_height&quot;:true,&quot;equal_height&quot;:true,&quot;equal_height_tablet&quot;:true,&quot;equal_height_phone&quot;:true}]\" dir=\"ltr\">\n\t\t\t\t<div class=\"swiper-wrapper\">\n\t\t\t\t\t\n<div class=\"dsm_card_carousel_child_0 dsm_card_carousel_child swiper-slide et_pb_module preset--module--dsm-card-carousel-child--5mhf6b4c18\"><div class=\"et_pb_module_inner\"><figure\n\t\t\tclass=\"dsm_card_carousel_child_image_wrapper  dsm_card_carousel_child_badge_top_right\"  >\n\t\t\t<div class=\"dsm_card_carousel_child_image_background dsm_card_carousel_child_img\"><\/div>\n\t\t\t<span class=\"et_overlay et_pb_inline_icon dsm-icon dsm_show_hover_overlay\"><\/span>\n\t\t\t<div class=\"dsm_card_carousel_child_badge_text\">Economy<\/div>\n\t\t<\/figure>\t\n\t\t <div class=\"dsm_card_wrapper\"  >\n\t\t    <h3 class=\"dsm_card_title\">Sedan<\/h3>\n\t\t\t\n\t\t\t<div class=\"dsm_card_carousel_child_description\"><p>Perfect for couples or solo adventurers touring the city spots and easy-access trails.<\/p><\/div>\n\t\t\t\n\t\t <\/div><\/div><\/div>\n\n<div class=\"dsm_card_carousel_child_1 dsm_card_carousel_child swiper-slide et_pb_module preset--module--dsm-card-carousel-child--5mhf6b4c18\"><div class=\"et_pb_module_inner\"><figure\n\t\t\tclass=\"dsm_card_carousel_child_image_wrapper  dsm_card_carousel_child_badge_top_right\"  >\n\t\t\t<div class=\"dsm_card_carousel_child_image_background dsm_card_carousel_child_img\"><\/div>\n\t\t\t<span class=\"et_overlay et_pb_inline_icon dsm-icon dsm_show_hover_overlay\"><\/span>\n\t\t\t<div class=\"dsm_card_carousel_child_badge_text\">The Family Comfort<\/div>\n\t\t<\/figure>\t\n\t\t <div class=\"dsm_card_wrapper\"  >\n\t\t    <h3 class=\"dsm_card_title\">MPV<\/h3>\n\t\t\t\n\t\t\t<div class=\"dsm_card_carousel_child_description\"><p>Ideal for small families or groups carrying diving gear and beach luggage.<\/p><\/div>\n\t\t\t\n\t\t <\/div><\/div><\/div>\n\n<div class=\"dsm_card_carousel_child_2 dsm_card_carousel_child swiper-slide et_pb_module preset--module--dsm-card-carousel-child--5mhf6b4c18\"><div class=\"et_pb_module_inner\"><figure\n\t\t\tclass=\"dsm_card_carousel_child_image_wrapper  dsm_card_carousel_child_badge_top_right\"  >\n\t\t\t<div class=\"dsm_card_carousel_child_image_background dsm_card_carousel_child_img\"><\/div>\n\t\t\t<span class=\"et_overlay et_pb_inline_icon dsm-icon dsm_show_hover_overlay\"><\/span>\n\t\t\t<div class=\"dsm_card_carousel_child_badge_text\">High Capacity<\/div>\n\t\t<\/figure>\t\n\t\t <div class=\"dsm_card_wrapper\"  >\n\t\t    <h3 class=\"dsm_card_title\">Van<\/h3>\n\t\t\t\n\t\t\t<div class=\"dsm_card_carousel_child_description\"><p>Spacious seating for larger groups ensuring everyone travels together comfortably.<\/p><\/div>\n\t\t\t\n\t\t <\/div><\/div><\/div>\n\n\t\t\t\t<\/div>\n\t\t    <\/div>\n\t\t\t<div class=\"swiper-button-prev dsm_card_carousel_arrow\"><\/div>\n\t\t\t <div class=\"swiper-button-next dsm_card_carousel_arrow\"><\/div>\n\t\t\t<div class=\"swiper-pagination dsm_card_carousel_pagination\"><\/div><\/div><\/div>\n<\/div>\n<\/div>\n\n<div class=\"et_pb_row_7 et_pb_row et_flex_row et_animated preset--module--divi-row--default\">\n<div class=\"et_pb_column_7 et_pb_column et-last-child et_flex_column et_pb_css_mix_blend_mode_passthrough et_flex_column_24_24 et_flex_column_24_24_tablet et_flex_column_24_24_phone preset--module--divi-column--default\">\n<div class=\"dsm_text_divider_4 dsm_text_divider et_pb_module preset--module--dsm-text-divider--b21ae027-3fb0-4a34-88bb-91643bf80c92\"><div class=\"et_pb_module_inner\"><div class=\"dsm-text-divider-wrapper dsm-text-divider-align-center dsm-text-divider-vertical-align-center\">\n\t\t\t   <div class=\"dsm-text-divider-before dsm-divider\"><\/div>\n                <h2 class=\"dsm-text-divider-header et_pb_module_header\">Frequently Asked Questions<\/h2>  \n\t\t\t   <div class=\"dsm-text-divider-after dsm-divider\"><\/div>\n\t\t\t<\/div><\/div><\/div>\n\n<div class=\"dsm_faq_0 dsm_faq et_pb_module preset--module--dsm-faq--default\"><div class=\"et_pb_module_inner\"><div class=\"dsm-faq-container dsm-front \" data-accordion=\"off\" data-open_first_item=\"off\">\n<div class=\"dsm_faq_child_0 dsm_faq_child dsm-faq-item-wrapper et_pb_module\"><div class=\"et_pb_module_inner\"><div class=\"dsm-title-wrapper\">\n\t\t\t\t <div class=\"dsm-title-inner-wrapper\">\n\t\t\t\t   <div class=\"dsm_open_icon\"><\/div>\n\t\t\t\t   <div class=\"dsm_close_icon\"><\/div>\n\t\t\t\t   \n\t\t\t\t   \n\t\t\t\t   <h5 class=\"dsm-faq-title\">Is Iloilo a safe place to visit?<\/h5>\n\t\t\t\t <\/div> \n\t\t\t\t <div class=\"dsm-faq-item-inner-wrapper\">\n\t\t\t\t   \n\t\t\t\t   \n\t\t\t\t   \n\t\t\t\t   \n\t\t\t\t <\/div>\n\t\t\t\t<\/div>\n\t\t\t\t<div class=\"dsm-faq-content\"><p><span>Yes, Iloilo is generally a safe place to visit. However, like any other destination, it\u2019s important to be mindful of your belongings and avoid crowded areas. It\u2019s also advisable to take extra precautions when traveling to the islands.<\/span><\/p><\/div><\/div><\/div>\n\n<div class=\"dsm_faq_child_1 dsm_faq_child dsm-faq-item-wrapper et_pb_module\"><div class=\"et_pb_module_inner\"><div class=\"dsm-title-wrapper\">\n\t\t\t\t <div class=\"dsm-title-inner-wrapper\">\n\t\t\t\t   <div class=\"dsm_open_icon\"><\/div>\n\t\t\t\t   <div class=\"dsm_close_icon\"><\/div>\n\t\t\t\t   \n\t\t\t\t   \n\t\t\t\t   <h5 class=\"dsm-faq-title\">What is the best time to visit Iloilo?<\/h5>\n\t\t\t\t <\/div> \n\t\t\t\t <div class=\"dsm-faq-item-inner-wrapper\">\n\t\t\t\t   \n\t\t\t\t   \n\t\t\t\t   \n\t\t\t\t   \n\t\t\t\t <\/div>\n\t\t\t\t<\/div>\n\t\t\t\t<div class=\"dsm-faq-content\"><p><span>The best time to visit Iloilo is during the dry season, which runs from November to May. This is when you can enjoy the beaches and outdoor activities without the risk of rain.<\/span><\/p><\/div><\/div><\/div>\n\n<div class=\"dsm_faq_child_2 dsm_faq_child dsm-faq-item-wrapper et_pb_module\"><div class=\"et_pb_module_inner\"><div class=\"dsm-title-wrapper\">\n\t\t\t\t <div class=\"dsm-title-inner-wrapper\">\n\t\t\t\t   <div class=\"dsm_open_icon\"><\/div>\n\t\t\t\t   <div class=\"dsm_close_icon\"><\/div>\n\t\t\t\t   \n\t\t\t\t   \n\t\t\t\t   <h5 class=\"dsm-faq-title\">What are the must-try dishes in Iloilo?<\/h5>\n\t\t\t\t <\/div> \n\t\t\t\t <div class=\"dsm-faq-item-inner-wrapper\">\n\t\t\t\t   \n\t\t\t\t   \n\t\t\t\t   \n\t\t\t\t   \n\t\t\t\t <\/div>\n\t\t\t\t<\/div>\n\t\t\t\t<div class=\"dsm-faq-content\"><p><span>Some of the must-try dishes in Iloilo include the La Paz Batchoy, Pancit Molo, and fresh seafood like scallops and oysters from Guimaras.<\/span><\/p><\/div><\/div><\/div>\n<\/div><\/div><\/div>\n<\/div>\n<\/div>\n<div class=\"et_pb_bottom_inside_divider et-no-transition\"><\/div><\/div>","protected":false},"excerpt":{"rendered":"","protected":false},"author":1,"featured_media":61999,"parent":0,"menu_order":0,"comment_status":"closed","ping_status":"closed","template":"","meta":{"footnotes":""},"class_list":["post-61997","page","type-page","status-publish","has-post-thumbnail","hentry"],"dsm_author":{"name":"saferide","avatar_url":"https:\/\/secure.gravatar.com\/avatar\/bb7957cad8306c80171926f5ebf6330cd52c16916d2da7f696b301abbe2569ff?s=96&d=mm&r=g","archive_link":"https:\/\/www.saferide.ph\/fr\/author\/saferide\/","biodata":""},"dsm_categories":[],"dsm_attachment_categories":[],"dsm_featured_image":{"thumbnail":"https:\/\/www.saferide.ph\/wp-content\/uploads\/2023\/05\/car-rental-iloilo-Facebook-Post-Landscape-150x150.jpg","medium":"https:\/\/www.saferide.ph\/wp-content\/uploads\/2023\/05\/car-rental-iloilo-Facebook-Post-Landscape-300x251.jpg","medium_large":"https:\/\/www.saferide.ph\/wp-content\/uploads\/2023\/05\/car-rental-iloilo-Facebook-Post-Landscape-768x644.jpg","large":"https:\/\/www.saferide.ph\/wp-content\/uploads\/2023\/05\/car-rental-iloilo-Facebook-Post-Landscape.jpg","1536x1536":"https:\/\/www.saferide.ph\/wp-content\/uploads\/2023\/05\/car-rental-iloilo-Facebook-Post-Landscape.jpg","2048x2048":"https:\/\/www.saferide.ph\/wp-content\/uploads\/2023\/05\/car-rental-iloilo-Facebook-Post-Landscape.jpg","et-pb-post-main-image":"https:\/\/www.saferide.ph\/wp-content\/uploads\/2023\/05\/car-rental-iloilo-Facebook-Post-Landscape-400x250.jpg","et-pb-post-main-image-fullwidth":"https:\/\/www.saferide.ph\/wp-content\/uploads\/2023\/05\/car-rental-iloilo-Facebook-Post-Landscape-940x675.jpg","et-pb-portfolio-image":"https:\/\/www.saferide.ph\/wp-content\/uploads\/2023\/05\/car-rental-iloilo-Facebook-Post-Landscape-400x284.jpg","et-pb-portfolio-module-image":"https:\/\/www.saferide.ph\/wp-content\/uploads\/2023\/05\/car-rental-iloilo-Facebook-Post-Landscape-510x382.jpg","et-pb-portfolio-image-single":"https:\/\/www.saferide.ph\/wp-content\/uploads\/2023\/05\/car-rental-iloilo-Facebook-Post-Landscape.jpg","et-pb-gallery-module-image-portrait":"https:\/\/www.saferide.ph\/wp-content\/uploads\/2023\/05\/car-rental-iloilo-Facebook-Post-Landscape-400x516.jpg","et-pb-post-main-image-fullwidth-large":"https:\/\/www.saferide.ph\/wp-content\/uploads\/2023\/05\/car-rental-iloilo-Facebook-Post-Landscape.jpg","et-pb-image--responsive--desktop":"https:\/\/www.saferide.ph\/wp-content\/uploads\/2023\/05\/car-rental-iloilo-Facebook-Post-Landscape.jpg","et-pb-image--responsive--tablet":"https:\/\/www.saferide.ph\/wp-content\/uploads\/2023\/05\/car-rental-iloilo-Facebook-Post-Landscape.jpg","et-pb-image--responsive--phone":"https:\/\/www.saferide.ph\/wp-content\/uploads\/2023\/05\/car-rental-iloilo-Facebook-Post-Landscape-480x402.jpg","chbs_vehicle":"https:\/\/www.saferide.ph\/wp-content\/uploads\/2023\/05\/car-rental-iloilo-Facebook-Post-Landscape-365x306.jpg","chbs_vehicle_2":"https:\/\/www.saferide.ph\/wp-content\/uploads\/2023\/05\/car-rental-iloilo-Facebook-Post-Landscape-636x533.jpg","woocommerce_thumbnail":"https:\/\/www.saferide.ph\/wp-content\/uploads\/2023\/05\/car-rental-iloilo-Facebook-Post-Landscape-300x300.jpg","woocommerce_single":"https:\/\/www.saferide.ph\/wp-content\/uploads\/2023\/05\/car-rental-iloilo-Facebook-Post-Landscape.jpg","woocommerce_gallery_thumbnail":"https:\/\/www.saferide.ph\/wp-content\/uploads\/2023\/05\/car-rental-iloilo-Facebook-Post-Landscape-100x100.jpg","full":"https:\/\/www.saferide.ph\/wp-content\/uploads\/2023\/05\/car-rental-iloilo-Facebook-Post-Landscape.jpg"},"_links":{"self":[{"href":"https:\/\/www.saferide.ph\/fr\/wp-json\/wp\/v2\/pages\/61997","targetHints":{"allow":["GET"]}}],"collection":[{"href":"https:\/\/www.saferide.ph\/fr\/wp-json\/wp\/v2\/pages"}],"about":[{"href":"https:\/\/www.saferide.ph\/fr\/wp-json\/wp\/v2\/types\/page"}],"author":[{"embeddable":true,"href":"https:\/\/www.saferide.ph\/fr\/wp-json\/wp\/v2\/users\/1"}],"replies":[{"embeddable":true,"href":"https:\/\/www.saferide.ph\/fr\/wp-json\/wp\/v2\/comments?post=61997"}],"version-history":[{"count":1,"href":"https:\/\/www.saferide.ph\/fr\/wp-json\/wp\/v2\/pages\/61997\/revisions"}],"predecessor-version":[{"id":62002,"href":"https:\/\/www.saferide.ph\/fr\/wp-json\/wp\/v2\/pages\/61997\/revisions\/62002"}],"wp:featuredmedia":[{"embeddable":true,"href":"https:\/\/www.saferide.ph\/fr\/wp-json\/wp\/v2\/media\/61999"}],"wp:attachment":[{"href":"https:\/\/www.saferide.ph\/fr\/wp-json\/wp\/v2\/media?parent=61997"}],"curies":[{"name":"wp","href":"https:\/\/api.w.org\/{rel}","templated":true}]}}