{"id":61987,"date":"2024-02-16T13:52:30","date_gmt":"2024-02-16T05:52:30","guid":{"rendered":"https:\/\/www.saferide.ph\/forfaits-touristiques-a-bohol\/"},"modified":"2026-04-20T17:18:40","modified_gmt":"2026-04-20T09:18:40","slug":"forfaits-touristiques-a-bohol","status":"publish","type":"page","link":"https:\/\/www.saferide.ph\/fr\/voyages-et-visites\/forfaits-touristiques-a-bohol\/","title":{"rendered":"Forfaits touristiques \u00e0 Bohol"},"content":{"rendered":"<div class=\"et_pb_section_0 et_pb_section et_section_regular et_flex_section section_has_divider et_pb_bottom_divider preset--module--divi-section--5tgllyttr4\">\n<div class=\"et_pb_row_0 et_pb_row et_flex_row preset--module--divi-row--0rvs0g41jp\">\n<div class=\"et_pb_column_0 et_pb_column et-last-child et_flex_column et_pb_css_mix_blend_mode_passthrough et_flex_column_24_24 et_flex_column_24_24_tablet et_flex_column_24_24_phone preset--module--divi-column--default\">\n<div class=\"et_pb_group_0 et_pb_group et_pb_module et_flex_group et_pb_css_mix_blend_mode_passthrough preset--group--divi-group--divi-border--nested--zohdle16bw preset--group--divi-group--divi-spacing--nested--fbvpj2r7ha preset--module--divi-group--rv78q7sif9\">\n<div class=\"dsm_typing_effect_0 dsm_typing_effect et_pb_module preset--module--dsm-typing-effect--idldtqa5ub\"><div class=\"et_pb_module_inner\"><h1 class=\"dsm-typing-effect et_pb_module_header\">\n\t\t\t  <span class=\"dsm-before-typing-effect\">Experience the Magic of <\/span>\n\t\t\t  <span class=\"dsm-typing-wrapper\"><span class=\"dsm-typing-strings\"><\/span>\n\t\t\t<span class=\"dsm-typing\" data-dsm-typing-strings=\"Bohol Countryside|Panglao Island Hopping|Anda White Beaches|\"data-dsm-typing-speed=\"100ms\" data-dsm-typing-backspeed=\"50ms\" data-dsm-typing-backdelay=\"700ms\" data-dsm-typing-loop=\"on\"data-dsm-typing-cursor=\"|\" data-dsm-typing-viewport=\"80%\" ><\/span><\/span>\n\t\t\t  \n\t\t\t<\/h1><\/div><\/div>\n\n<div class=\"et_pb_text_0 et_pb_text et_pb_bg_layout_light et_pb_module et_block_module preset--module--divi-text--default\"><div class=\"et_pb_text_inner\"><p style=\"text-align: center;\">Excursions premium avec un transport s\u00fbr et fiable via Saferide Car Rental Votre voyage \u00e0 travers Bohol commence par un trajet de confiance.<\/p>\n<\/div><\/div>\n<\/div>\n\n<div class=\"et_pb_code_0 et_pb_code et_pb_text_align_center-phone et_pb_module\"><div class=\"et_pb_code_inner\"><script defer async src='https:\/\/cdn.trustindex.io\/loader.js?e4eba8546b1a035315964f8b792'><\/script><\/div><\/div>\n\n<div class=\"et_pb_module et_pb_button_module_wrapper et_pb_button_0_wrapper preset--module--divi-button--sle1iq2ms8_wrapper\"><a class=\"et_pb_button_0 et_pb_button et_pb_bg_layout_light et_pb_module et_flex_module preset--module--divi-button--sle1iq2ms8\" href=\"\" data-icon=\"\uf0c1\">Voir toutes les visites<\/a><\/div>\n<\/div>\n<\/div>\n<div class=\"et_pb_bottom_inside_divider et-no-transition\"><\/div><\/div>\n\n<div class=\"et_pb_section_1 et_pb_section et_section_regular et_flex_section section_has_divider et_pb_top_divider et_pb_bottom_divider preset--module--divi-section--default\"><div class=\"et_pb_top_inside_divider et-no-transition\"><\/div>\n<div class=\"et_pb_row_1 et_pb_row et_flex_row et_animated preset--module--divi-row--default\">\n<div class=\"et_pb_column_1 et_pb_column et-last-child et_flex_column et_pb_css_mix_blend_mode_passthrough et_flex_column_24_24 et_flex_column_24_24_tablet et_flex_column_24_24_phone preset--module--divi-column--default\">\n<div class=\"dsm_text_divider_0 dsm_text_divider et_pb_module preset--module--dsm-text-divider--b21ae027-3fb0-4a34-88bb-91643bf80c92\"><div class=\"et_pb_module_inner\"><div class=\"dsm-text-divider-wrapper dsm-text-divider-align-center dsm-text-divider-vertical-align-center\">\n\t\t\t   <div class=\"dsm-text-divider-before dsm-divider\"><\/div>\n                <h3 class=\"dsm-text-divider-header et_pb_module_header\">Location Overview<\/h3>  \n\t\t\t   <div class=\"dsm-text-divider-after dsm-divider\"><\/div>\n\t\t\t<\/div><\/div><\/div>\n\n<div class=\"et_pb_row_2 et_pb_row et_pb_row_nested et_flex_row preset--module--divi-row--hvmzcnmj61\">\n<div class=\"et_pb_column_2 et_pb_column et-last-child et_flex_column et_pb_css_mix_blend_mode_passthrough et_flex_column_24_24 et_flex_column_24_24_tablet et_flex_column_24_24_phone preset--module--divi-column--default\">\n<div class=\"et_pb_text_1 et_pb_text et_pb_bg_layout_light et_pb_module et_block_module et_flex_column_24_24 et_flex_column_24_24_tablet et_flex_column_24_24_phone preset--module--divi-text--default\"><div class=\"et_pb_text_inner\"><p data-path-to-node=\"11,0\"><b data-path-to-node=\"11,0\" data-index-in-node=\"0\">D\u00e9couvrez les merveilles de Bohol<\/b> Bohol est bien plus qu\u2019une simple destination ; C\u2019est une exp\u00e9rience des plus grands desseins de la nature. Des c\u00e9l\u00e8bres collines de chocolat \u00e0 Carmen aux sables blancs immacul\u00e9s de l\u2019\u00eele de Panglao, cette province offre un parfait m\u00e9lange d\u2019aventure et de d\u00e9tente. Que vous visitiez le charmant sanctuaire philippin du tarsier ou que vous plongiez dans les r\u00e9cifs coralliens vibrants de Balicasag, Bohol promet des souvenirs qui dureront toute une vie.  <\/p>\n<p data-path-to-node=\"11,1\"><b data-path-to-node=\"11,1\" data-index-in-node=\"0\">Un voyage sans failles avec Saferide<\/b> Naviguer sur une \u00eele riche en attractions vari\u00e9es n\u00e9cessite une logistique fiable. \u00c0 Saferide.ph, nous \u00e9liminons le stress des trajets domicile-travail. Notre partenariat avec Dugomon Transport Services Corp garantit que chaque \u00e9tape de votre tourn\u00e9e se d\u00e9roule avec professionnalisme. Nous proposons des v\u00e9hicules propres et bien entretenus ainsi que des conducteurs courtois qui connaissent les itin\u00e9raires locaux sur le bout des doigts, vous permettant de vous concentrer enti\u00e8rement sur le paysage, pas sur la route.   <\/p>\n<\/div><\/div>\n\n<div class=\"et_pb_image_0 et_pb_image et_flex_column_12_24 et_pb_module et_flex_module preset--group--divi-image--divi-border--nested--zohdle16bw preset--module--divi-image--v2xeux3uf3\"><span class=\"et_pb_image_wrap\"><img loading=\"lazy\" decoding=\"async\" src=\"https:\/\/saferide.ph\/wp-content\/uploads\/2023\/07\/2026-Bohol-Tour-Package-Half-Column.jpg\" title=\"Demi-colonne du forfait tourn\u00e9e Bohol 2026\" width=\"510\" height=\"384\" srcset=\"https:\/\/saferide.ph\/wp-content\/uploads\/2023\/07\/2026-Bohol-Tour-Package-Half-Column.jpg 510w, https:\/\/saferide.ph\/wp-content\/uploads\/2023\/07\/2026-Bohol-Tour-Package-Half-Column-480x361.jpg 480w\" sizes=\"(min-width: 0px) and (max-width: 480px) 480px, (min-width: 481px) 510px, 100vw\" class=\"wp-image-59730\" alt=\"\"><\/span><\/div>\n<\/div>\n<\/div>\n<\/div>\n<\/div>\n\n<div class=\"et_pb_row_3 et_pb_row et_flex_row et_animated preset--module--divi-row--default\">\n<div class=\"et_pb_column_3 et_pb_column et-last-child et_grid_column et_pb_css_mix_blend_mode_passthrough et_flex_column_24_24 et_flex_column_24_24_tablet et_flex_column_24_24_phone preset--module--divi-column--default\">\n<div class=\"dsm_text_divider_1 dsm_text_divider et_pb_module preset--module--dsm-text-divider--b21ae027-3fb0-4a34-88bb-91643bf80c92\"><div class=\"et_pb_module_inner\"><div class=\"dsm-text-divider-wrapper dsm-text-divider-align-center dsm-text-divider-vertical-align-center\">\n\t\t\t   <div class=\"dsm-text-divider-before dsm-divider\"><\/div>\n                <h3 class=\"dsm-text-divider-header et_pb_module_header\">The Saferide Advantag<\/h3>  \n\t\t\t   <div class=\"dsm-text-divider-after dsm-divider\"><\/div>\n\t\t\t<\/div><\/div><\/div>\n\n<div class=\"et_pb_row_4 et_pb_row et_pb_row_nested et_flex_row preset--module--divi-row--hvmzcnmj61\">\n<div class=\"et_pb_column_4 et_pb_column et-last-child et_grid_column et_pb_css_mix_blend_mode_passthrough et_flex_column_24_24 et_flex_column_24_24_tablet et_flex_column_24_24_phone preset--module--divi-column--default\">\n<div class=\"et_pb_group_1 et_pb_group et_pb_module et_flex_group et_pb_css_mix_blend_mode_passthrough preset--group--divi-group--divi-border--nested--hpky1fq4hp preset--group--divi-group--divi-spacing--nested--fbvpj2r7ha preset--module--divi-group--6bov343h9t\">\n<div class=\"et_pb_icon_0 et_pb_icon et_pb_module et_flex_module preset--module--divi-icon--default\"><span class=\"et_pb_icon_wrap\"><span class=\"et-pb-icon\">R<\/span><\/span><\/div>\n\n<div class=\"et_pb_text_2 et_pb_text et_pb_bg_layout_light et_pb_module et_block_module preset--module--divi-text--default\"><div class=\"et_pb_text_inner\"><h3 style=\"text-align: center;\">Confirmation instantan\u00e9e<\/h3>\n<p style=\"text-align: center;\">L\u2019int\u00e9gration des r\u00e9servations en temps r\u00e9el garantit que votre si\u00e8ge est s\u00e9curis\u00e9 d\u00e8s que vous cliquez sur place.<\/p>\n<\/div><\/div>\n<\/div>\n\n<div class=\"et_pb_group_2 et_pb_group et_pb_module et_flex_group et_pb_css_mix_blend_mode_passthrough preset--group--divi-group--divi-border--nested--hpky1fq4hp preset--group--divi-group--divi-spacing--nested--fbvpj2r7ha preset--module--divi-group--6bov343h9t\">\n<div class=\"et_pb_icon_1 et_pb_icon et_pb_module et_flex_module preset--module--divi-icon--default\"><span class=\"et_pb_icon_wrap\"><span class=\"et-pb-icon\">\uf1b9<\/span><\/span><\/div>\n\n<div class=\"et_pb_text_3 et_pb_text et_pb_bg_layout_light et_pb_module et_block_module preset--module--divi-text--default\"><div class=\"et_pb_text_inner\"><h3 style=\"text-align: center;\">Flotte Premium<\/h3>\n<p style=\"text-align: center;\">Voyagez confortablement avec notre flotte de berlines, SUV et fourgonnettes impeccables.<\/p>\n<\/div><\/div>\n<\/div>\n\n<div class=\"et_pb_group_3 et_pb_group et-last-child et_pb_module et_flex_group et_pb_css_mix_blend_mode_passthrough preset--group--divi-group--divi-border--nested--hpky1fq4hp preset--group--divi-group--divi-spacing--nested--fbvpj2r7ha preset--module--divi-group--6bov343h9t\">\n<div class=\"et_pb_icon_2 et_pb_icon et_pb_module et_flex_module preset--module--divi-icon--default\"><span class=\"et_pb_icon_wrap\"><span class=\"et-pb-icon\">\uf5a0<\/span><\/span><\/div>\n\n<div class=\"et_pb_text_4 et_pb_text et_pb_bg_layout_light et_pb_module et_block_module preset--module--divi-text--default\"><div class=\"et_pb_text_inner\"><h3 style=\"text-align: center;\">Expertise locale<\/h3>\n<p style=\"text-align: center;\">Nos chauffeurs sont des locaux qui privil\u00e9gient votre s\u00e9curit\u00e9 et votre ponctualit\u00e9 avant tout.<\/p>\n<\/div><\/div>\n<\/div>\n<\/div>\n<\/div>\n<\/div>\n<\/div>\n\n<div class=\"et_pb_row_5 et_pb_row et_flex_row et_animated preset--module--divi-row--default\">\n<div class=\"et_pb_column_5 et_pb_column et-last-child et_flex_column et_pb_css_mix_blend_mode_passthrough et_flex_column_24_24 et_flex_column_24_24_tablet et_flex_column_24_24_phone preset--module--divi-column--default\">\n<div class=\"dsm_text_divider_2 dsm_text_divider et_pb_module preset--module--dsm-text-divider--b21ae027-3fb0-4a34-88bb-91643bf80c92\"><div class=\"et_pb_module_inner\"><div class=\"dsm-text-divider-wrapper dsm-text-divider-align-center dsm-text-divider-vertical-align-center\">\n\t\t\t   <div class=\"dsm-text-divider-before dsm-divider\"><\/div>\n                <h3 class=\"dsm-text-divider-header et_pb_module_header\">Live Booking Engine<\/h3>  \n\t\t\t   <div class=\"dsm-text-divider-after dsm-divider\"><\/div>\n\t\t\t<\/div><\/div><\/div>\n\n<div class=\"et_pb_code_1 et_pb_code et_pb_module\"><div class=\"et_pb_code_inner\"><script type=\"text\/javascript\" src=\"https:\/\/widgets.bokun.io\/assets\/javascripts\/apps\/build\/BokunWidgetsLoader.js?bookingChannelUUID=989b91ec-0b5e-4714-9140-84158e0182e7\" async=\"\"><\/script>\n     \n    <div class=\"bokunWidget\" data-src=\"https:\/\/widgets.bokun.io\/online-sales\/989b91ec-0b5e-4714-9140-84158e0182e7\/product-list\/103562\"><\/div>\n    <noscript>Veuillez activer le javascript dans votre navigateur pour r\u00e9server<\/noscript>\n<\/div><\/div>\n\n<div class=\"et_pb_cta_0 et_pb_promo et_pb_bg_layout_dark et_pb_module et_block_module preset--module--divi-cta--ltjoysbzh4\"><div class=\"et_pb_promo_description\"><h3 class=\"et_pb_module_header\">Vous n\u2019avez pas trouv\u00e9 la visite ?<\/h3><div class=\"et_pb_promo_content\"><p>Nous adaptons les itin\u00e9raires \u00e0 vos pr\u00e9f\u00e9rences. Contactez-nous pour personnaliser votre exp\u00e9rience de vacances. <\/p>\n<\/div><\/div><div class=\"et_pb_button_wrapper\"><a class=\"et_pb_button et_pb_promo_button\" href=\"https:\/\/www.saferide.ph\/contact-us\/\" data-icon=\"\uf0c1\">Contactez-nous<\/a><\/div><\/div>\n<\/div>\n<\/div>\n\n<div class=\"et_pb_row_6 et_pb_row et_flex_row et_animated preset--module--divi-row--default\">\n<div class=\"et_pb_column_6 et_pb_column et-last-child et_flex_column et_pb_css_mix_blend_mode_passthrough et_flex_column_24_24 et_flex_column_24_24_tablet et_flex_column_24_24_phone preset--module--divi-column--default\">\n<div class=\"dsm_text_divider_3 dsm_text_divider et_pb_module preset--module--dsm-text-divider--b21ae027-3fb0-4a34-88bb-91643bf80c92\"><div class=\"et_pb_module_inner\"><div class=\"dsm-text-divider-wrapper dsm-text-divider-align-center dsm-text-divider-vertical-align-center\">\n\t\t\t   <div class=\"dsm-text-divider-before dsm-divider\"><\/div>\n                <h2 class=\"dsm-text-divider-header et_pb_module_header\">Frequently Asked Questions about Bohol Travel<\/h2>  \n\t\t\t   <div class=\"dsm-text-divider-after dsm-divider\"><\/div>\n\t\t\t<\/div><\/div><\/div>\n\n<div class=\"dsm_faq_0 dsm_faq et_pb_module preset--module--dsm-faq--default\"><div class=\"et_pb_module_inner\"><div class=\"dsm-faq-container dsm-front \" data-accordion=\"on\" data-open_first_item=\"on\">\n<div class=\"dsm_faq_child_0 dsm_faq_child dsm-faq-item-wrapper et_pb_module\"><div class=\"et_pb_module_inner\"><div class=\"dsm-title-wrapper\">\n\t\t\t\t <div class=\"dsm-title-inner-wrapper\">\n\t\t\t\t   \n\t\t\t\t   \n\t\t\t\t   \n\t\t\t\t   \n\t\t\t\t   <h5 class=\"dsm-faq-title\">What is the best time to visit Bohol?<\/h5>\n\t\t\t\t <\/div> \n\t\t\t\t <div class=\"dsm-faq-item-inner-wrapper\">\n\t\t\t\t   <div class=\"dsm_open_icon\"><\/div>\n\t\t\t\t   <div class=\"dsm_close_icon\"><\/div>\n\t\t\t\t   \n\t\t\t\t   \n\t\t\t\t <\/div>\n\t\t\t\t<\/div>\n\t\t\t\t<div class=\"dsm-faq-content\"><p>The best time to visit Bohol is during the dry season from November to May. However, the countryside remains beautiful year-round.<\/p><\/div><\/div><\/div>\n\n<div class=\"dsm_faq_child_1 dsm_faq_child dsm-faq-item-wrapper et_pb_module\"><div class=\"et_pb_module_inner\"><div class=\"dsm-title-wrapper\">\n\t\t\t\t <div class=\"dsm-title-inner-wrapper\">\n\t\t\t\t   \n\t\t\t\t   \n\t\t\t\t   \n\t\t\t\t   \n\t\t\t\t   <h5 class=\"dsm-faq-title\">Where do you pick up guests for the tours?<\/h5>\n\t\t\t\t <\/div> \n\t\t\t\t <div class=\"dsm-faq-item-inner-wrapper\">\n\t\t\t\t   <div class=\"dsm_open_icon\"><\/div>\n\t\t\t\t   <div class=\"dsm_close_icon\"><\/div>\n\t\t\t\t   \n\t\t\t\t   \n\t\t\t\t <\/div>\n\t\t\t\t<\/div>\n\t\t\t\t<div class=\"dsm-faq-content\"><p>We offer convenient pickup from Tagbilaran Sea Port, Bohol-Panglao International Airport, and major hotels within Tagbilaran and Panglao areas.<\/p><\/div><\/div><\/div>\n\n<div class=\"dsm_faq_child_2 dsm_faq_child dsm-faq-item-wrapper et_pb_module\"><div class=\"et_pb_module_inner\"><div class=\"dsm-title-wrapper\">\n\t\t\t\t <div class=\"dsm-title-inner-wrapper\">\n\t\t\t\t   \n\t\t\t\t   \n\t\t\t\t   \n\t\t\t\t   \n\t\t\t\t   <h5 class=\"dsm-faq-title\">Are entrance fees included in the tour packages?<\/h5>\n\t\t\t\t <\/div> \n\t\t\t\t <div class=\"dsm-faq-item-inner-wrapper\">\n\t\t\t\t   <div class=\"dsm_open_icon\"><\/div>\n\t\t\t\t   <div class=\"dsm_close_icon\"><\/div>\n\t\t\t\t   \n\t\t\t\t   \n\t\t\t\t <\/div>\n\t\t\t\t<\/div>\n\t\t\t\t<div class=\"dsm-faq-content\"><p>Packages vary. Please check the specific inclusion list on the booking card above. Saferide ensures transparency\u2014no hidden transport fees.<\/p><\/div><\/div><\/div>\n<\/div><script type=\"application\/ld+json\">{\"@context\":\"https:\\\/\\\/schema.org\",\"@type\":\"FAQPage\",\"mainEntity\":[{\"@type\":\"Question\",\"name\":\"What is the best time to visit Bohol?\",\"acceptedAnswer\":{\"@type\":\"Answer\",\"text\":\"The best time to visit Bohol is during the dry season from November to May. However, the countryside remains beautiful year-round.\"}},{\"@type\":\"Question\",\"name\":\"Where do you pick up guests for the tours?\",\"acceptedAnswer\":{\"@type\":\"Answer\",\"text\":\"We offer convenient pickup from Tagbilaran Sea Port, Bohol-Panglao International Airport, and major hotels within Tagbilaran and Panglao areas.\"}},{\"@type\":\"Question\",\"name\":\"Are entrance fees included in the tour packages?\",\"acceptedAnswer\":{\"@type\":\"Answer\",\"text\":\"Packages vary. Please check the specific inclusion list on the booking card above. Saferide ensures transparency\\u2014no hidden transport fees.\"}}]}<\/script><\/div><\/div>\n<\/div>\n<\/div>\n<div class=\"et_pb_bottom_inside_divider et-no-transition\"><\/div><\/div>","protected":false},"excerpt":{"rendered":"","protected":false},"author":1,"featured_media":61988,"parent":61992,"menu_order":0,"comment_status":"closed","ping_status":"closed","template":"","meta":{"footnotes":""},"class_list":["post-61987","page","type-page","status-publish","has-post-thumbnail","hentry"],"dsm_author":{"name":"saferide","avatar_url":"https:\/\/secure.gravatar.com\/avatar\/bb7957cad8306c80171926f5ebf6330cd52c16916d2da7f696b301abbe2569ff?s=96&d=mm&r=g","archive_link":"https:\/\/www.saferide.ph\/fr\/author\/saferide\/","biodata":""},"dsm_categories":[],"dsm_attachment_categories":[],"dsm_featured_image":{"thumbnail":"https:\/\/www.saferide.ph\/wp-content\/uploads\/2022\/10\/BOHOL-TOURS-150x150.jpg","medium":"https:\/\/www.saferide.ph\/wp-content\/uploads\/2022\/10\/BOHOL-TOURS-300x251.jpg","medium_large":"https:\/\/www.saferide.ph\/wp-content\/uploads\/2022\/10\/BOHOL-TOURS-768x644.jpg","large":"https:\/\/www.saferide.ph\/wp-content\/uploads\/2022\/10\/BOHOL-TOURS.jpg","1536x1536":"https:\/\/www.saferide.ph\/wp-content\/uploads\/2022\/10\/BOHOL-TOURS.jpg","2048x2048":"https:\/\/www.saferide.ph\/wp-content\/uploads\/2022\/10\/BOHOL-TOURS.jpg","et-pb-post-main-image":"https:\/\/www.saferide.ph\/wp-content\/uploads\/2022\/10\/BOHOL-TOURS-400x250.jpg","et-pb-post-main-image-fullwidth":"https:\/\/www.saferide.ph\/wp-content\/uploads\/2022\/10\/BOHOL-TOURS-940x675.jpg","et-pb-portfolio-image":"https:\/\/www.saferide.ph\/wp-content\/uploads\/2022\/10\/BOHOL-TOURS-400x284.jpg","et-pb-portfolio-module-image":"https:\/\/www.saferide.ph\/wp-content\/uploads\/2022\/10\/BOHOL-TOURS-510x382.jpg","et-pb-portfolio-image-single":"https:\/\/www.saferide.ph\/wp-content\/uploads\/2022\/10\/BOHOL-TOURS.jpg","et-pb-gallery-module-image-portrait":"https:\/\/www.saferide.ph\/wp-content\/uploads\/2022\/10\/BOHOL-TOURS-400x516.jpg","et-pb-post-main-image-fullwidth-large":"https:\/\/www.saferide.ph\/wp-content\/uploads\/2022\/10\/BOHOL-TOURS.jpg","et-pb-image--responsive--desktop":"https:\/\/www.saferide.ph\/wp-content\/uploads\/2022\/10\/BOHOL-TOURS.jpg","et-pb-image--responsive--tablet":"https:\/\/www.saferide.ph\/wp-content\/uploads\/2022\/10\/BOHOL-TOURS.jpg","et-pb-image--responsive--phone":"https:\/\/www.saferide.ph\/wp-content\/uploads\/2022\/10\/BOHOL-TOURS-480x402.jpg","chbs_vehicle":"https:\/\/www.saferide.ph\/wp-content\/uploads\/2022\/10\/BOHOL-TOURS-365x306.jpg","chbs_vehicle_2":"https:\/\/www.saferide.ph\/wp-content\/uploads\/2022\/10\/BOHOL-TOURS-636x533.jpg","woocommerce_thumbnail":"https:\/\/www.saferide.ph\/wp-content\/uploads\/2022\/10\/BOHOL-TOURS-300x300.jpg","woocommerce_single":"https:\/\/www.saferide.ph\/wp-content\/uploads\/2022\/10\/BOHOL-TOURS.jpg","woocommerce_gallery_thumbnail":"https:\/\/www.saferide.ph\/wp-content\/uploads\/2022\/10\/BOHOL-TOURS-100x100.jpg","full":"https:\/\/www.saferide.ph\/wp-content\/uploads\/2022\/10\/BOHOL-TOURS.jpg"},"_links":{"self":[{"href":"https:\/\/www.saferide.ph\/fr\/wp-json\/wp\/v2\/pages\/61987","targetHints":{"allow":["GET"]}}],"collection":[{"href":"https:\/\/www.saferide.ph\/fr\/wp-json\/wp\/v2\/pages"}],"about":[{"href":"https:\/\/www.saferide.ph\/fr\/wp-json\/wp\/v2\/types\/page"}],"author":[{"embeddable":true,"href":"https:\/\/www.saferide.ph\/fr\/wp-json\/wp\/v2\/users\/1"}],"replies":[{"embeddable":true,"href":"https:\/\/www.saferide.ph\/fr\/wp-json\/wp\/v2\/comments?post=61987"}],"version-history":[{"count":1,"href":"https:\/\/www.saferide.ph\/fr\/wp-json\/wp\/v2\/pages\/61987\/revisions"}],"predecessor-version":[{"id":61990,"href":"https:\/\/www.saferide.ph\/fr\/wp-json\/wp\/v2\/pages\/61987\/revisions\/61990"}],"up":[{"embeddable":true,"href":"https:\/\/www.saferide.ph\/fr\/wp-json\/wp\/v2\/pages\/61992"}],"wp:featuredmedia":[{"embeddable":true,"href":"https:\/\/www.saferide.ph\/fr\/wp-json\/wp\/v2\/media\/61988"}],"wp:attachment":[{"href":"https:\/\/www.saferide.ph\/fr\/wp-json\/wp\/v2\/media?parent=61987"}],"curies":[{"name":"wp","href":"https:\/\/api.w.org\/{rel}","templated":true}]}}