{"id":61277,"date":"2024-02-16T13:54:21","date_gmt":"2024-02-16T05:54:21","guid":{"rendered":"https:\/\/www.saferide.ph\/autovermietung-mit-fahrer\/"},"modified":"2026-02-10T01:38:42","modified_gmt":"2026-02-09T17:38:42","slug":"autovermietung-mit-fahrer","status":"publish","type":"page","link":"https:\/\/www.saferide.ph\/de\/autovermietung-mit-fahrer\/","title":{"rendered":"Autovermietung mit Fahrer"},"content":{"rendered":"\r\n\r\n<div class=\"et_pb_section_0 et_pb_section et_section_regular et_flex_section section_has_divider et_pb_bottom_divider preset--module--divi-section--5tgllyttr4\">\r\n\r\n<div class=\"et_pb_row_0 et_pb_row et_flex_row preset--module--divi-row--0rvs0g41jp\">\r\n\r\n<div class=\"et_pb_column_0 et_pb_column et-last-child et_flex_column et_pb_css_mix_blend_mode_passthrough et_flex_column_24_24 et_flex_column_24_24_tablet et_flex_column_24_24_phone preset--module--divi-column--default\">\r\n\r\n<div class=\"et_pb_text_0 et_pb_text et_pb_bg_layout_light et_pb_module et_block_module preset--group--divi-text--divi-border--zohdle16bw preset--group--divi-text--divi-spacing--fbvpj2r7ha preset--module--divi-text--rd7g5y36xf\"><div class=\"et_pb_text_inner\"><h1 style=\"text-align: center;\"><span style=\"color: #f99b1f;\">Premium-Autoverleih mit Fahrer<\/span> auf den Philippinen<\/h1>\n<p style=\"text-align: center;\">Erleben Sie sichere, stressfreie und professionelle Reisen. Egal, ob Sie einen Chauffeurservice in Cebu oder eine private Automietung in Bohol ben\u00f6tigen \u2013 unsere professionellen Fahrer sorgen daf\u00fcr, dass Sie p\u00fcnktlich und stilvoll ankommen. <\/p>\n<\/div><\/div>\r\n\r\n<div class=\"et_pb_module et_pb_button_module_wrapper et_pb_button_0_wrapper preset--module--divi-button--sdeoj66ad0_wrapper\"><a class=\"et_pb_button_0 et_pb_button et_pb_bg_layout_light et_pb_module et_flex_module preset--module--divi-button--sdeoj66ad0\" href=\"\" data-icon=\"\uf0c1\" data-interaction-trigger=\"t9ocx5z0vp\">Dienstleistungen ausw\u00e4hlen<\/a><\/div>\r\n\r\n<div class=\"et_pb_code_0 et_pb_code et_pb_text_align_center-phone et_pb_module\"><div class=\"et_pb_code_inner\"><script defer async src='https:\/\/cdn.trustindex.io\/loader.js?e4eba8546b1a035315964f8b792'><\/script><\/div><\/div><\/div><\/div><div class=\"et_pb_bottom_inside_divider et-no-transition\"><\/div><\/div>\r\n\r\n<div class=\"et_pb_section_1 et_pb_section et_section_regular et_flex_section section_has_divider et_pb_top_divider et_pb_bottom_divider preset--module--divi-section--default\"><div class=\"et_pb_top_inside_divider et-no-transition\"><\/div>\r\n\r\n<div class=\"et_pb_row_1 et_pb_row et_flex_row et_animated preset--module--divi-row--default\">\r\n\r\n<div class=\"et_pb_column_1 et_pb_column et-last-child et_flex_column et_pb_css_mix_blend_mode_passthrough et_flex_column_24_24 et_flex_column_24_24_tablet et_flex_column_24_24_phone preset--module--divi-column--default\">\r\n\r\n<div class=\"dsm_text_divider_0 dsm_text_divider et_pb_module preset--module--dsm-text-divider--b21ae027-3fb0-4a34-88bb-91643bf80c92\"><div class=\"et_pb_module_inner\"><div class=\"dsm-text-divider-wrapper dsm-text-divider-align-center dsm-text-divider-vertical-align-center\">\n\t\t\t   <div class=\"dsm-text-divider-before dsm-divider\"><\/div>\n                <h3 class=\"dsm-text-divider-header et_pb_module_header\">Why Choose Us<\/h3>  \n\t\t\t   <div class=\"dsm-text-divider-after dsm-divider\"><\/div>\n\t\t\t<\/div><\/div><\/div>\r\n\r\n<div class=\"et_pb_row_2 et_pb_row et_pb_row_nested et_flex_row preset--module--divi-row--hvmzcnmj61\">\r\n\r\n<div class=\"et_pb_column_2 et_pb_column et-last-child et_grid_column et_pb_css_mix_blend_mode_passthrough et_flex_column_24_24 et_flex_column_24_24_tablet et_flex_column_24_24_phone preset--module--divi-column--default\">\r\n\r\n<div class=\"et_pb_group_0 et_pb_group et_pb_module et_flex_group et_pb_css_mix_blend_mode_passthrough preset--group--divi-group--divi-border--nested--hpky1fq4hp preset--group--divi-group--divi-spacing--nested--fbvpj2r7ha preset--module--divi-group--6bov343h9t\">\r\n\r\n<div class=\"et_pb_icon_0 et_pb_icon et_pb_module et_flex_module preset--module--divi-icon--default\"><span class=\"et_pb_icon_wrap\"><span class=\"et-pb-icon\">\uf4fc<\/span><\/span><\/div>\r\n\r\n<div class=\"et_pb_text_1 et_pb_text et_pb_bg_layout_light et_pb_module et_block_module preset--module--divi-text--default\"><div class=\"et_pb_text_inner\"><h3 style=\"text-align: center;\">Berufskraftfahrer<\/h3>\n<p style=\"text-align: center;\">Unsere uniformierten Fahrer sind streng in defensivem Fahren und lokaler Navigation ausgebildet. Wir stellen Ihre Sicherheit und H\u00f6flichkeit an erste Stelle. <\/p>\n<\/div><\/div><\/div>\r\n\r\n<div class=\"et_pb_group_1 et_pb_group et_pb_module et_flex_group et_pb_css_mix_blend_mode_passthrough preset--group--divi-group--divi-border--nested--hpky1fq4hp preset--group--divi-group--divi-spacing--nested--fbvpj2r7ha preset--module--divi-group--6bov343h9t\">\r\n\r\n<div class=\"et_pb_icon_1 et_pb_icon et_pb_module et_flex_module preset--module--divi-icon--default\"><span class=\"et_pb_icon_wrap\"><span class=\"et-pb-icon\">\uf1b9<\/span><\/span><\/div>\r\n\r\n<div class=\"et_pb_text_2 et_pb_text et_pb_bg_layout_light et_pb_module et_block_module preset--module--divi-text--default\"><div class=\"et_pb_text_inner\"><h3 style=\"text-align: center;\">Desinfizierte und saubere Fahrzeuge<\/h3>\n<p style=\"text-align: center;\">Jede Einheit durchl\u00e4uft vor dem Einsatz ein strenges Reinigungsprotokoll. Fahren Sie komfortabel mit unserer gut gepflegten, rauchfreien Flotte. <\/p>\n<\/div><\/div><\/div>\r\n\r\n<div class=\"et_pb_group_2 et_pb_group et-last-child et_pb_module et_flex_group et_pb_css_mix_blend_mode_passthrough preset--group--divi-group--divi-border--nested--hpky1fq4hp preset--group--divi-group--divi-spacing--nested--fbvpj2r7ha preset--module--divi-group--6bov343h9t\">\r\n\r\n<div class=\"et_pb_icon_2 et_pb_icon et_pb_module et_flex_module preset--module--divi-icon--default\"><span class=\"et_pb_icon_wrap\"><span class=\"et-pb-icon\">}<\/span><\/span><\/div>\r\n\r\n<div class=\"et_pb_text_3 et_pb_text et_pb_bg_layout_light et_pb_module et_block_module preset--module--divi-text--default\"><div class=\"et_pb_text_inner\"><h3 style=\"text-align: center;\">P\u00fcnktlicher Dienst<\/h3>\n<p style=\"text-align: center;\">Wir sch\u00e4tzen Ihren Zeitplan. Erwarten Sie p\u00fcnktliche Ank\u00fcnfte f\u00fcr Flughafentransfers, Gesch\u00e4ftstreffen und Stadtf\u00fchrungen. <\/p>\n<\/div><\/div><\/div><\/div><\/div><\/div><\/div>\r\n\r\n<div class=\"et_pb_row_3 et_pb_row et_flex_row et_animated et-interaction-target-vtdj8zerxi preset--module--divi-row--default\" data-interaction-target=\"vtdj8zerxi\" id=\"reservenow\">\r\n\r\n<div class=\"et_pb_column_3 et_pb_column et-last-child et_flex_column et_pb_css_mix_blend_mode_passthrough et_flex_column_24_24 et_flex_column_24_24_tablet et_flex_column_24_24_phone preset--module--divi-column--default\">\r\n\r\n<div class=\"dsm_text_divider_1 dsm_text_divider et_pb_module preset--module--dsm-text-divider--b21ae027-3fb0-4a34-88bb-91643bf80c92\"><div class=\"et_pb_module_inner\"><div class=\"dsm-text-divider-wrapper dsm-text-divider-align-center dsm-text-divider-vertical-align-center\">\n\t\t\t   <div class=\"dsm-text-divider-before dsm-divider\"><\/div>\n                <h2 class=\"dsm-text-divider-header et_pb_module_header\">Car Rental with Driver Services<\/h2>  \n\t\t\t   <div class=\"dsm-text-divider-after dsm-divider\"><\/div>\n\t\t\t<\/div><\/div><\/div>\r\n\r\n<div class=\"et_pb_text_4 et_pb_text et_pb_bg_layout_light et_pb_module et_block_module preset--module--divi-text--default\"><div class=\"et_pb_text_inner\"><p style=\"text-align: center;\">Entdecken Sie die m\u00fchelose Autovermietung mit Fahrer auf den Philippinen. Genie\u00dfen Sie einen zuverl\u00e4ssigen Transport f\u00fcr gesch\u00e4ftliche oder private Zwecke, mit professionellen Fahrern, die sich auf Ihre Reisebed\u00fcrfnisse einstellen. Buchen Sie jetzt f\u00fcr eine reibungslose Reise mit <a class=\"wpil_keyword_link\" href=\"https:\/\/saferide.ph\/\" target=\"_blank\" rel=\"noopener\" title=\"Saferide Autovermietung\" data-wpil-keyword-link=\"linked\" data-wpil-monitor-id=\"238\">Saferide Autovermietung<\/a>.<\/p>\n<\/div><\/div>\r\n\r\n<div class=\"et_pb_row_4 et_pb_row et_pb_row_nested et_flex_row preset--module--divi-row--hvmzcnmj61\">\r\n\r\n<div class=\"et_pb_column_4 et_pb_column et-last-child et_grid_column et_pb_css_mix_blend_mode_passthrough et_flex_column_24_24 et_flex_column_24_24_tablet et_flex_column_24_24_phone preset--module--divi-column--default\">\r\n\r\n<div class=\"et_pb_group_3 et_pb_group et_pb_module et_flex_group et_pb_css_mix_blend_mode_passthrough preset--group--divi-group--divi-border--hpky1fq4hp preset--group--divi-group--divi-spacing--fbvpj2r7ha\">\r\n\r\n<div class=\"et_pb_icon_3 et_pb_icon et_pb_module et_flex_module preset--module--divi-icon--default\"><span class=\"et_pb_icon_wrap\"><span class=\"et-pb-icon\">}<\/span><\/span><\/div>\r\n\r\n<div class=\"et_pb_text_5 et_pb_text et_pb_bg_layout_light et_pb_module et_block_module preset--module--divi-text--default\"><div class=\"et_pb_text_inner\"><h3 style=\"text-align: left;\">City Drive &amp; Touren<\/h3>\n<p style=\"text-align: left;\"><strong>Am besten f\u00fcr: <\/strong>Meetings, Einkaufen oder Essen.<\/p>\n<p style=\"text-align: left;\">Mieten Sie ein Auto mit Fahrer f\u00fcr Ihre t\u00e4glichen Aufgaben. Perfekt f\u00fcr mehrere Stationen innerhalb der Stadtgrenzen, ohne sich um das Parken sorgen zu m\u00fcssen. <\/p>\n<\/div><\/div>\r\n\r\n<div class=\"et_pb_module et_pb_button_module_wrapper et_pb_button_1_wrapper preset--module--divi-button--sle1iq2ms8_wrapper\"><a class=\"et_pb_button_1 et_pb_button et_pb_bg_layout_light et_pb_module et_flex_module preset--module--divi-button--sle1iq2ms8\" href=\"https:\/\/www.saferide.ph\/de\/city-drive-autovermietung-mit-fahrer\/\" data-icon=\"\uf0c1\">St\u00fcndlich buchen<\/a><\/div><\/div>\r\n\r\n<div class=\"et_pb_group_4 et_pb_group et_pb_module et_flex_group et_pb_css_mix_blend_mode_passthrough preset--group--divi-group--divi-border--hpky1fq4hp preset--group--divi-group--divi-spacing--fbvpj2r7ha\">\r\n\r\n<div class=\"et_pb_icon_4 et_pb_icon et_pb_module et_flex_module preset--module--divi-icon--default\"><span class=\"et_pb_icon_wrap\"><span class=\"et-pb-icon\">\uf018<\/span><\/span><\/div>\r\n\r\n<div class=\"et_pb_text_6 et_pb_text et_pb_bg_layout_light et_pb_module et_block_module preset--module--divi-text--default\"><div class=\"et_pb_text_inner\"><h3 style=\"text-align: left;\">10-Stunden-Tagverkehr<\/h3>\n<p style=\"text-align: left;\"><b data-path-to-node=\"9,1,0\" data-index-in-node=\"0\">Am besten f\u00fcr:<\/b> <b data-path-to-node=\"9,1,0\" data-index-in-node=\"10\">Multidestination-Reisen<\/b> au\u00dferhalb der Stadt (Provinz).<\/p>\n<p style=\"text-align: left;\">Besuchst du die Provinz? Miete ein Fahrzeug f\u00fcr 10 Stunden, um mehrere Ziele zu erreichen. Du kontrollierst den Zeitplan.  <\/p>\n<p style=\"text-align: left;\"><strong>Hinweis: Der Treibstoff geht auf das Mieterkonto.<\/strong><\/p>\n<\/div><\/div>\r\n\r\n<div class=\"et_pb_module et_pb_button_module_wrapper et_pb_button_2_wrapper preset--module--divi-button--sle1iq2ms8_wrapper\"><a class=\"et_pb_button_2 et_pb_button et_pb_bg_layout_light et_pb_module et_flex_module preset--module--divi-button--sle1iq2ms8\" href=\"https:\/\/www.saferide.ph\/de\/fuel-exclusive-autovermietung-mit-fahrer\/\" data-icon=\"\uf0c1\">Buch-Tages-Rate<\/a><\/div><\/div>\r\n\r\n<div class=\"et_pb_group_5 et_pb_group et-last-child et_pb_module et_flex_group et_pb_css_mix_blend_mode_passthrough preset--group--divi-group--divi-border--hpky1fq4hp preset--group--divi-group--divi-spacing--fbvpj2r7ha\">\r\n\r\n<div class=\"et_pb_icon_5 et_pb_icon et_pb_module et_flex_module preset--module--divi-icon--default\"><span class=\"et_pb_icon_wrap\"><span class=\"et-pb-icon\">\uf061<\/span><\/span><\/div>\r\n\r\n<div class=\"et_pb_text_7 et_pb_text et_pb_bg_layout_light et_pb_module et_block_module preset--module--divi-text--default\"><div class=\"et_pb_text_inner\"><h3>Flughafen &amp; Transfers<\/h3>\n<p><b data-path-to-node=\"11,1,0\" data-index-in-node=\"0\">Am besten f\u00fcr:<\/b> Ank\u00fcnfte, Abfl\u00fcge oder Einweg-Lieferungen.<\/p>\n<p>Direkter Transfer zum Flughafen Mactan (MCIA), Hotels oder Piers. Keine Abstecher. <\/p>\n<\/div><\/div>\r\n\r\n<div class=\"et_pb_module et_pb_button_module_wrapper et_pb_button_3_wrapper preset--module--divi-button--sle1iq2ms8_wrapper\"><a class=\"et_pb_button_3 et_pb_button et_pb_bg_layout_light et_pb_module et_flex_module preset--module--divi-button--sle1iq2ms8\" href=\"https:\/\/www.saferide.ph\/de\/ueberweisungen\/\" data-icon=\"\uf0c1\">Buchtransfer<\/a><\/div><\/div><\/div><\/div><\/div><\/div>\r\n\r\n<div class=\"et_pb_row_5 et_pb_row et_flex_row et_animated preset--module--divi-row--default\">\r\n\r\n<div class=\"et_pb_column_5 et_pb_column et-last-child et_flex_column et_pb_css_mix_blend_mode_passthrough et_flex_column_24_24 et_flex_column_24_24_tablet et_flex_column_24_24_phone preset--module--divi-column--default\">\r\n\r\n<div class=\"dsm_text_divider_2 dsm_text_divider et_pb_module preset--module--dsm-text-divider--b21ae027-3fb0-4a34-88bb-91643bf80c92\"><div class=\"et_pb_module_inner\"><div class=\"dsm-text-divider-wrapper dsm-text-divider-align-center dsm-text-divider-vertical-align-center\">\n\t\t\t   <div class=\"dsm-text-divider-before dsm-divider\"><\/div>\n                <h3 class=\"dsm-text-divider-header et_pb_module_header\">Frequently Asked Questions<\/h3>  \n\t\t\t   <div class=\"dsm-text-divider-after dsm-divider\"><\/div>\n\t\t\t<\/div><\/div><\/div>\r\n\r\n<div class=\"dsm_faq_0 dsm_faq et_pb_module preset--module--dsm-faq--default\"><div class=\"et_pb_module_inner\"><div class=\"dsm-faq-container dsm-front \" data-accordion=\"on\" data-open_first_item=\"on\">\r\n\r\n<div class=\"dsm_faq_child_0 dsm_faq_child dsm-faq-item-wrapper et_pb_module\"><div class=\"et_pb_module_inner\"><div class=\"dsm-title-wrapper\">\n\t\t\t\t <div class=\"dsm-title-inner-wrapper\">\n\t\t\t\t   \n\t\t\t\t   \n\t\t\t\t   \n\t\t\t\t   \n\t\t\t\t   <h5 class=\"dsm-faq-title\">Does the 10-hour car rental include gas?<\/h5>\n\t\t\t\t <\/div> \n\t\t\t\t <div class=\"dsm-faq-item-inner-wrapper\">\n\t\t\t\t   <div class=\"dsm_open_icon\"><\/div>\n\t\t\t\t   <div class=\"dsm_close_icon\"><\/div>\n\t\t\t\t   \n\t\t\t\t   \n\t\t\t\t <\/div>\n\t\t\t\t<\/div>\n\t\t\t\t<div class=\"dsm-faq-content\"><p>No, the 10-hour car rental with driver package is exclusive of fuel. The vehicle is provided with a full tank, and the renter must replenish the fuel used at the end of the trip. This ensures you only pay for what you consume.<\/p><\/div><\/div><\/div>\r\n\r\n<div class=\"dsm_faq_child_1 dsm_faq_child dsm-faq-item-wrapper et_pb_module\"><div class=\"et_pb_module_inner\"><div class=\"dsm-title-wrapper\">\n\t\t\t\t <div class=\"dsm-title-inner-wrapper\">\n\t\t\t\t   \n\t\t\t\t   \n\t\t\t\t   \n\t\t\t\t   \n\t\t\t\t   <h5 class=\"dsm-faq-title\">Do you offer airport pickups in Cebu and Dumaguete?<\/h5>\n\t\t\t\t <\/div> \n\t\t\t\t <div class=\"dsm-faq-item-inner-wrapper\">\n\t\t\t\t   <div class=\"dsm_open_icon\"><\/div>\n\t\t\t\t   <div class=\"dsm_close_icon\"><\/div>\n\t\t\t\t   \n\t\t\t\t   \n\t\t\t\t <\/div>\n\t\t\t\t<\/div>\n\t\t\t\t<div class=\"dsm-faq-content\"><p>Yes, we provide reliable airport ground transfers in both Cebu (Mactan-Cebu International Airport) and Dumaguete (Sibulan-Dumaguete Airport). Our driver will wait for you at the arrival bay with a welcome sign.<\/p><\/div><\/div><\/div>\r\n\r\n<div class=\"dsm_faq_child_2 dsm_faq_child dsm-faq-item-wrapper et_pb_module\"><div class=\"et_pb_module_inner\"><div class=\"dsm-title-wrapper\">\n\t\t\t\t <div class=\"dsm-title-inner-wrapper\">\n\t\t\t\t   \n\t\t\t\t   \n\t\t\t\t   \n\t\t\t\t   \n\t\t\t\t   <h5 class=\"dsm-faq-title\">Is this a safe car rental option for tourists in the Philippines?<\/h5>\n\t\t\t\t <\/div> \n\t\t\t\t <div class=\"dsm-faq-item-inner-wrapper\">\n\t\t\t\t   <div class=\"dsm_open_icon\"><\/div>\n\t\t\t\t   <div class=\"dsm_close_icon\"><\/div>\n\t\t\t\t   \n\t\t\t\t   \n\t\t\t\t <\/div>\n\t\t\t\t<\/div>\n\t\t\t\t<div class=\"dsm-faq-content\"><p>Absolutely. We are a premier safe car rental provider in the Philippines. All our vehicles are GPS-tracked, and our drivers are professionally vetted and trained to assist international and local travelers securely.<\/p><\/div><\/div><\/div><\/div><script type=\"application\/ld+json\">{\"@context\":\"https:\\\/\\\/schema.org\",\"@type\":\"FAQPage\",\"mainEntity\":[{\"@type\":\"Question\",\"name\":\"Does the 10-hour car rental include gas?\",\"acceptedAnswer\":{\"@type\":\"Answer\",\"text\":\"No, the 10-hour car rental with driver package is exclusive of fuel. The vehicle is provided with a full tank, and the renter must replenish the fuel used at the end of the trip. This ensures you only pay for what you consume.\"}},{\"@type\":\"Question\",\"name\":\"Do you offer airport pickups in Cebu and Dumaguete?\",\"acceptedAnswer\":{\"@type\":\"Answer\",\"text\":\"Yes, we provide reliable airport ground transfers in both Cebu (Mactan-Cebu International Airport) and Dumaguete (Sibulan-Dumaguete Airport). Our driver will wait for you at the arrival bay with a welcome sign.\"}},{\"@type\":\"Question\",\"name\":\"Is this a safe car rental option for tourists in the Philippines?\",\"acceptedAnswer\":{\"@type\":\"Answer\",\"text\":\"Absolutely. We are a premier safe car rental provider in the Philippines. All our vehicles are GPS-tracked, and our drivers are professionally vetted and trained to assist international and local travelers securely.\"}}]}<\/script><\/div><\/div><\/div><\/div><div class=\"et_pb_bottom_inside_divider et-no-transition\"><\/div><\/div>","protected":false},"excerpt":{"rendered":"","protected":false},"author":1,"featured_media":61278,"parent":0,"menu_order":0,"comment_status":"closed","ping_status":"closed","template":"","meta":{"footnotes":""},"class_list":["post-61277","page","type-page","status-publish","has-post-thumbnail","hentry"],"dsm_author":{"name":"saferide","avatar_url":"https:\/\/secure.gravatar.com\/avatar\/bb7957cad8306c80171926f5ebf6330cd52c16916d2da7f696b301abbe2569ff?s=96&d=mm&r=g","archive_link":"https:\/\/www.saferide.ph\/de\/author\/saferide\/","biodata":""},"dsm_categories":[],"dsm_attachment_categories":[],"dsm_featured_image":{"thumbnail":"https:\/\/www.saferide.ph\/wp-content\/uploads\/2022\/09\/Saferide-With-Driver-150x150.jpg","medium":"https:\/\/www.saferide.ph\/wp-content\/uploads\/2022\/09\/Saferide-With-Driver-300x158.jpg","medium_large":"https:\/\/www.saferide.ph\/wp-content\/uploads\/2022\/09\/Saferide-With-Driver-768x403.jpg","large":"https:\/\/www.saferide.ph\/wp-content\/uploads\/2022\/09\/Saferide-With-Driver-1024x538.jpg","1536x1536":"https:\/\/www.saferide.ph\/wp-content\/uploads\/2022\/09\/Saferide-With-Driver.jpg","2048x2048":"https:\/\/www.saferide.ph\/wp-content\/uploads\/2022\/09\/Saferide-With-Driver.jpg","et-pb-post-main-image":"https:\/\/www.saferide.ph\/wp-content\/uploads\/2022\/09\/Saferide-With-Driver-400x250.jpg","et-pb-post-main-image-fullwidth":"https:\/\/www.saferide.ph\/wp-content\/uploads\/2022\/09\/Saferide-With-Driver-1080x630.jpg","et-pb-portfolio-image":"https:\/\/www.saferide.ph\/wp-content\/uploads\/2022\/09\/Saferide-With-Driver-400x284.jpg","et-pb-portfolio-module-image":"https:\/\/www.saferide.ph\/wp-content\/uploads\/2022\/09\/Saferide-With-Driver-510x382.jpg","et-pb-portfolio-image-single":"https:\/\/www.saferide.ph\/wp-content\/uploads\/2022\/09\/Saferide-With-Driver-1080x567.jpg","et-pb-gallery-module-image-portrait":"https:\/\/www.saferide.ph\/wp-content\/uploads\/2022\/09\/Saferide-With-Driver-400x516.jpg","et-pb-post-main-image-fullwidth-large":"https:\/\/www.saferide.ph\/wp-content\/uploads\/2022\/09\/Saferide-With-Driver.jpg","et-pb-image--responsive--desktop":"https:\/\/www.saferide.ph\/wp-content\/uploads\/2022\/09\/Saferide-With-Driver.jpg","et-pb-image--responsive--tablet":"https:\/\/www.saferide.ph\/wp-content\/uploads\/2022\/09\/Saferide-With-Driver-980x515.jpg","et-pb-image--responsive--phone":"https:\/\/www.saferide.ph\/wp-content\/uploads\/2022\/09\/Saferide-With-Driver-480x252.jpg","chbs_vehicle":"https:\/\/www.saferide.ph\/wp-content\/uploads\/2022\/09\/Saferide-With-Driver-460x242.jpg","chbs_vehicle_2":"https:\/\/www.saferide.ph\/wp-content\/uploads\/2022\/09\/Saferide-With-Driver-800x420.jpg","woocommerce_thumbnail":"https:\/\/www.saferide.ph\/wp-content\/uploads\/2022\/09\/Saferide-With-Driver-300x300.jpg","woocommerce_single":"https:\/\/www.saferide.ph\/wp-content\/uploads\/2022\/09\/Saferide-With-Driver.jpg","woocommerce_gallery_thumbnail":"https:\/\/www.saferide.ph\/wp-content\/uploads\/2022\/09\/Saferide-With-Driver-100x100.jpg","full":"https:\/\/www.saferide.ph\/wp-content\/uploads\/2022\/09\/Saferide-With-Driver.jpg"},"_links":{"self":[{"href":"https:\/\/www.saferide.ph\/de\/wp-json\/wp\/v2\/pages\/61277","targetHints":{"allow":["GET"]}}],"collection":[{"href":"https:\/\/www.saferide.ph\/de\/wp-json\/wp\/v2\/pages"}],"about":[{"href":"https:\/\/www.saferide.ph\/de\/wp-json\/wp\/v2\/types\/page"}],"author":[{"embeddable":true,"href":"https:\/\/www.saferide.ph\/de\/wp-json\/wp\/v2\/users\/1"}],"replies":[{"embeddable":true,"href":"https:\/\/www.saferide.ph\/de\/wp-json\/wp\/v2\/comments?post=61277"}],"version-history":[{"count":0,"href":"https:\/\/www.saferide.ph\/de\/wp-json\/wp\/v2\/pages\/61277\/revisions"}],"wp:featuredmedia":[{"embeddable":true,"href":"https:\/\/www.saferide.ph\/de\/wp-json\/wp\/v2\/media\/61278"}],"wp:attachment":[{"href":"https:\/\/www.saferide.ph\/de\/wp-json\/wp\/v2\/media?parent=61277"}],"curies":[{"name":"wp","href":"https:\/\/api.w.org\/{rel}","templated":true}]}}