{"id":61228,"date":"2024-02-16T13:52:23","date_gmt":"2024-02-16T05:52:23","guid":{"rendered":"https:\/\/www.saferide.ph\/cebu-tour-pakete\/"},"modified":"2026-02-10T01:37:35","modified_gmt":"2026-02-09T17:37:35","slug":"cebu-tour-pakete","status":"publish","type":"page","link":"https:\/\/www.saferide.ph\/de\/reisen-und-touren\/cebu-tour-pakete\/","title":{"rendered":"Cebu Tour-Pakete"},"content":{"rendered":"<div class=\"et_pb_section_0 et_pb_section et_section_regular et_flex_section section_has_divider et_pb_bottom_divider preset--module--divi-section--5tgllyttr4\">\n<div class=\"et_pb_row_0 et_pb_row et_flex_row preset--module--divi-row--0rvs0g41jp\">\n<div class=\"et_pb_column_0 et_pb_column et-last-child et_flex_column et_pb_css_mix_blend_mode_passthrough et_flex_column_24_24 et_flex_column_24_24_tablet et_flex_column_24_24_phone preset--module--divi-column--default\">\n<div class=\"et_pb_group_0 et_pb_group et_pb_module et_flex_group et_pb_css_mix_blend_mode_passthrough preset--group--divi-group--divi-border--nested--zohdle16bw preset--group--divi-group--divi-spacing--nested--fbvpj2r7ha preset--module--divi-group--rv78q7sif9\">\n<div class=\"dsm_typing_effect_0 dsm_typing_effect et_pb_module\"><div class=\"et_pb_module_inner\"><h1 class=\"dsm-typing-effect et_pb_module_header\">\n\t\t\t  <span class=\"dsm-before-typing-effect\">Explore the Wonders of <\/span>\n\t\t\t  <span class=\"dsm-typing-wrapper\"><span class=\"dsm-typing-strings\"><\/span>\n\t\t\t<span class=\"dsm-typing\" data-dsm-typing-strings=\"Cebu City!|Moalboal!|Oslob!|\"data-dsm-typing-speed=\"100ms\" data-dsm-typing-backspeed=\"50ms\" data-dsm-typing-backdelay=\"700ms\" data-dsm-typing-loop=\"on\"data-dsm-typing-remove-cursor=\"off\"data-dsm-typing-cursor=\"|\" data-dsm-typing-shuffle=\"off\" data-dsm-typing-shuffle=\"off\" data-dsm-typing-viewport=\"80%\" data-dsm-typing-repeat=\"on\" ><\/span><\/span>\n\t\t\t  \n\t\t\t<\/h1><\/div><\/div>\n\n<div class=\"et_pb_text_0 et_pb_text et_pb_bg_layout_light et_pb_module et_block_module preset--module--divi-text--default\"><div class=\"et_pb_text_inner\"><p style=\"text-align: center;\">Erleben Sie erstklassigen Komfort und Seelenfrieden. Ihre Reise wird von <b data-path-to-node=\"7,2,0\" data-index-in-node=\"84\">Saferide Car Rental<\/b> erm\u00f6glicht, der sicheren und zuverl\u00e4ssigen Transport durch die Queen City des S\u00fcdens gew\u00e4hrleistet. <\/p>\n<\/div><\/div>\n<\/div>\n\n<div class=\"et_pb_module et_pb_button_module_wrapper et_pb_button_0_wrapper preset--module--divi-button--sdeoj66ad0_wrapper\"><a class=\"et_pb_button_0 et_pb_button et_pb_bg_layout_light et_pb_module et_flex_module preset--module--divi-button--sdeoj66ad0\" href=\"\" data-icon=\"\uf0c1\">Alle Touren ansehen<\/a><\/div>\n\n<div class=\"et_pb_code_0 et_pb_code et_pb_text_align_center-phone et_pb_module\"><div class=\"et_pb_code_inner\"><script defer async src='https:\/\/cdn.trustindex.io\/loader.js?e4eba8546b1a035315964f8b792'><\/script><\/div><\/div>\n<\/div>\n<\/div>\n<div class=\"et_pb_bottom_inside_divider et-no-transition\"><\/div><\/div>\n\n<div class=\"et_pb_section_1 et_pb_section et_section_regular et_flex_section section_has_divider et_pb_top_divider et_pb_bottom_divider preset--module--divi-section--default\"><div class=\"et_pb_top_inside_divider et-no-transition\"><\/div>\n<div class=\"et_pb_row_1 et_pb_row et_flex_row et_animated preset--module--divi-row--default\">\n<div class=\"et_pb_column_1 et_pb_column et-last-child et_grid_column et_pb_css_mix_blend_mode_passthrough et_flex_column_24_24 et_flex_column_24_24_tablet et_flex_column_24_24_phone preset--module--divi-column--default\">\n<div class=\"dsm_text_divider_0 dsm_text_divider et_pb_module preset--module--dsm-text-divider--b21ae027-3fb0-4a34-88bb-91643bf80c92\"><div class=\"et_pb_module_inner\"><div class=\"dsm-text-divider-wrapper dsm-text-divider-align-center dsm-text-divider-vertical-align-center\">\n\t\t\t   <div class=\"dsm-text-divider-before dsm-divider\"><\/div>\n                <h3 class=\"dsm-text-divider-header et_pb_module_header\">Location Overview<\/h3>  \n\t\t\t   <div class=\"dsm-text-divider-after dsm-divider\"><\/div>\n\t\t\t<\/div><\/div><\/div>\n\n<div class=\"et_pb_row_2 et_pb_row et_pb_row_nested et_flex_row preset--module--divi-row--hvmzcnmj61\">\n<div class=\"et_pb_column_2 et_pb_column et-last-child et_flex_column et_pb_css_mix_blend_mode_passthrough et_flex_column_24_24 et_flex_column_24_24_tablet et_flex_column_24_24_phone preset--module--divi-column--default\">\n<div class=\"et_pb_text_1 et_pb_text et_pb_bg_layout_light et_pb_module et_flex_module et_flex_column_24_24 et_flex_column_24_24_tablet et_flex_column_24_24_phone preset--module--divi-text--default\"><div class=\"et_pb_text_inner\"><p data-path-to-node=\"10\">Discover the Heart of the Philippines Cebu ist ein erstklassiges Ziel, an dem urbane Raffinesse auf tropisches Paradies trifft. Als \u00e4lteste Stadt der Philippinen bietet sie ein reiches Geflecht historischer Wahrzeichen wie das <b data-path-to-node=\"10\" data-index-in-node=\"319\">Magellan-Kreuz<\/b> und <b data-path-to-node=\"10\" data-index-in-node=\"340\">Fort San Pedro<\/b>, erg\u00e4nzt durch erstklassige Tauchpl\u00e4tze in <b data-path-to-node=\"10\" data-index-in-node=\"396\">Moalboal<\/b> und die ber\u00fchmten Begegnungen mit Walhaien in <b data-path-to-node=\"10\" data-index-in-node=\"446\">Oslob<\/b>. <\/p>\n<p data-path-to-node=\"11\">Egal, ob Sie f\u00fcr eine Gesch\u00e4ftsreise oder einen Familienurlaub hier sind \u2013 um sich in der vielf\u00e4ltigen Landschaft Cebus zurechtzufinden, braucht man einen Transportpartner, der lokale Feinheiten versteht. Unsere kuratierten <b data-path-to-node=\"11\" data-index-in-node=\"172\">Cebu-Tourpakete<\/b> sind darauf ausgelegt, Ihnen ein nahtloses Erlebnis zu bieten, das Sie von den wei\u00dfen Sandstr\u00e4nden von Mactan in die malerischen Hochl\u00e4nder von Busay in absoluter Komfortzone f\u00fchrt. <\/p>\n<\/div><\/div>\n\n<div class=\"et_pb_image_0 et_pb_image et_flex_column_12_24 et_pb_module et_flex_module preset--group--divi-image--divi-border--hfy01g7--nested--zohdle16bw preset--module--divi-image--v2xeux3uf3\"><span class=\"et_pb_image_wrap\"><img loading=\"lazy\" decoding=\"async\" src=\"https:\/\/saferide.ph\/wp-content\/uploads\/2023\/07\/2026-Cebu-Tour-Package-Half-Column.jpg\" alt=\"2026 Cebu Tour Package Half Column\" title=\"2026 Cebu Tour Package Half Column\" width=\"510\" height=\"384\" srcset=\"https:\/\/saferide.ph\/wp-content\/uploads\/2023\/07\/2026-Cebu-Tour-Package-Half-Column.jpg 510w, https:\/\/saferide.ph\/wp-content\/uploads\/2023\/07\/2026-Cebu-Tour-Package-Half-Column-480x361.jpg 480w\" sizes=\"(min-width: 0px) and (max-width: 480px) 480px, (min-width: 481px) 510px, 100vw\" class=\"wp-image-59711\" \/><\/span><\/div>\n<\/div>\n<\/div>\n<\/div>\n<\/div>\n\n<div class=\"et_pb_row_3 et_pb_row et_flex_row et_animated preset--module--divi-row--default\">\n<div class=\"et_pb_column_3 et_pb_column et-last-child et_flex_column et_pb_css_mix_blend_mode_passthrough et_flex_column_24_24 et_flex_column_24_24_tablet et_flex_column_24_24_phone preset--module--divi-column--default\">\n<div class=\"dsm_text_divider_1 dsm_text_divider et_pb_module preset--module--dsm-text-divider--b21ae027-3fb0-4a34-88bb-91643bf80c92\"><div class=\"et_pb_module_inner\"><div class=\"dsm-text-divider-wrapper dsm-text-divider-align-center dsm-text-divider-vertical-align-center\">\n\t\t\t   <div class=\"dsm-text-divider-before dsm-divider\"><\/div>\n                <h3 class=\"dsm-text-divider-header et_pb_module_header\">The Saferide Advantage<\/h3>  \n\t\t\t   <div class=\"dsm-text-divider-after dsm-divider\"><\/div>\n\t\t\t<\/div><\/div><\/div>\n\n<div class=\"et_pb_row_4 et_pb_row et_pb_row_nested et_flex_row preset--module--divi-row--hvmzcnmj61\">\n<div class=\"et_pb_column_4 et_pb_column et-last-child et_grid_column et_pb_css_mix_blend_mode_passthrough et_flex_column_24_24 et_flex_column_24_24_tablet et_flex_column_24_24_phone preset--module--divi-column--default\">\n<div class=\"et_pb_group_1 et_pb_group et_pb_module et_flex_group et_pb_css_mix_blend_mode_passthrough preset--group--divi-group--divi-border--nested--hpky1fq4hp preset--group--divi-group--divi-spacing--nested--fbvpj2r7ha preset--module--divi-group--6bov343h9t\">\n<div class=\"et_pb_icon_0 et_pb_icon et_pb_module et_flex_module preset--module--divi-icon--default\"><span class=\"et_pb_icon_wrap\"><span class=\"et-pb-icon\">R<\/span><\/span><\/div>\n\n<div class=\"et_pb_text_2 et_pb_text et_pb_bg_layout_light et_pb_module et_block_module preset--module--divi-text--default\"><div class=\"et_pb_text_inner\"><h3 style=\"text-align: center;\">Sofortige Best\u00e4tigung<\/h3>\n<p style=\"text-align: center;\">Kein Warten mehr auf \"Zitat\"-E-Mails. Sichern Sie sich Ihren Slot in Echtzeit. <\/p>\n<\/div><\/div>\n<\/div>\n\n<div class=\"et_pb_group_2 et_pb_group et_pb_module et_flex_group et_pb_css_mix_blend_mode_passthrough preset--group--divi-group--divi-border--nested--hpky1fq4hp preset--group--divi-group--divi-spacing--nested--fbvpj2r7ha preset--module--divi-group--6bov343h9t\">\n<div class=\"et_pb_icon_1 et_pb_icon et_pb_module et_flex_module preset--module--divi-icon--default\"><span class=\"et_pb_icon_wrap\"><span class=\"et-pb-icon\">\uf505<\/span><\/span><\/div>\n\n<div class=\"et_pb_text_3 et_pb_text et_pb_bg_layout_light et_pb_module et_block_module preset--module--divi-text--default\"><div class=\"et_pb_text_inner\"><h3 style=\"text-align: center;\">Zertifizierte Sicherheit<\/h3>\n<p style=\"text-align: center;\">Alle Touren werden von Saferide-Flotten und Profifahrern betreut.<\/p>\n<\/div><\/div>\n<\/div>\n\n<div class=\"et_pb_group_3 et_pb_group et_pb_module et_flex_group et_pb_css_mix_blend_mode_passthrough preset--group--divi-group--divi-border--nested--hpky1fq4hp preset--group--divi-group--divi-spacing--nested--fbvpj2r7ha preset--module--divi-group--6bov343h9t\">\n<div class=\"et_pb_icon_2 et_pb_icon et_pb_module et_flex_module preset--module--divi-icon--default\"><span class=\"et_pb_icon_wrap\"><span class=\"et-pb-icon\">\uf1b9<\/span><\/span><\/div>\n\n<div class=\"et_pb_text_4 et_pb_text et_pb_bg_layout_light et_pb_module et_block_module preset--module--divi-text--default\"><div class=\"et_pb_text_inner\"><h3 style=\"text-align: center;\">Saubere und neue Fahrzeuge<\/h3>\n<p style=\"text-align: center;\">Fahren Sie in neueren, klimatisierten Limousinen, SUVs oder Vans.<\/p>\n<\/div><\/div>\n<\/div>\n\n<div class=\"et_pb_group_4 et_pb_group et-last-child et_pb_module et_flex_group et_pb_css_mix_blend_mode_passthrough preset--group--divi-group--divi-border--nested--hpky1fq4hp preset--group--divi-group--divi-spacing--nested--fbvpj2r7ha preset--module--divi-group--6bov343h9t\">\n<div class=\"et_pb_icon_3 et_pb_icon et_pb_module et_flex_module preset--module--divi-icon--default\"><span class=\"et_pb_icon_wrap\"><span class=\"et-pb-icon\">\uf59f<\/span><\/span><\/div>\n\n<div class=\"et_pb_text_5 et_pb_text et_pb_bg_layout_light et_pb_module et_block_module preset--module--divi-text--default\"><div class=\"et_pb_text_inner\"><h3 style=\"text-align: center;\">Lokales Fachwissen<\/h3>\n<p style=\"text-align: center;\">P\u00fcnktliche Fahrer, die Cebus Verkehrsmuster und Abk\u00fcrzungen kennen.<\/p>\n<\/div><\/div>\n<\/div>\n<\/div>\n<\/div>\n<\/div>\n<\/div>\n\n<div class=\"et_pb_row_5 et_pb_row et_flex_row et_animated preset--module--divi-row--default\">\n<div class=\"et_pb_column_5 et_pb_column et-last-child et_flex_column et_pb_css_mix_blend_mode_passthrough et_flex_column_24_24 et_flex_column_24_24_tablet et_flex_column_24_24_phone preset--module--divi-column--default\">\n<div class=\"dsm_text_divider_2 dsm_text_divider et_pb_module preset--module--dsm-text-divider--b21ae027-3fb0-4a34-88bb-91643bf80c92\"><div class=\"et_pb_module_inner\"><div class=\"dsm-text-divider-wrapper dsm-text-divider-align-center dsm-text-divider-vertical-align-center\">\n\t\t\t   <div class=\"dsm-text-divider-before dsm-divider\"><\/div>\n                <h3 class=\"dsm-text-divider-header et_pb_module_header\">Live Booking Engine<\/h3>  \n\t\t\t   <div class=\"dsm-text-divider-after dsm-divider\"><\/div>\n\t\t\t<\/div><\/div><\/div>\n\n<div class=\"et_pb_code_1 et_pb_code et_pb_module\"><div class=\"et_pb_code_inner\"><script type=\"text\/javascript\" src=\"https:\/\/widgets.bokun.io\/assets\/javascripts\/apps\/build\/BokunWidgetsLoader.js?bookingChannelUUID=989b91ec-0b5e-4714-9140-84158e0182e7\" async=\"\"><\/script>\n     \n    <div class=\"bokunWidget\" data-src=\"https:\/\/widgets.bokun.io\/online-sales\/989b91ec-0b5e-4714-9140-84158e0182e7\/product-list\/6792\"><\/div>\n    <noscript>Bitte aktivieren Sie Javascript in Ihrem Browser, um zu buchen<\/noscript>\n<\/div><\/div>\n\n<div class=\"et_pb_cta_0 et_pb_promo et_pb_bg_layout_dark et_pb_module et_block_module preset--module--divi-cta--ltjoysbzh4\"><div class=\"et_pb_promo_description\"><h3 class=\"et_pb_module_header\">Sie haben die Tour nicht gefunden?<\/h3><div class=\"et_pb_promo_content\"><p><span>Wir schneidern die Reiserouten nach Ihren W\u00fcnschen. Setzen Sie sich mit uns in Verbindung, um Ihr Urlaubserlebnis zu personalisieren.<\/span><\/p>\n<\/div><\/div><div class=\"et_pb_button_wrapper\"><a class=\"et_pb_button et_pb_promo_button\" href=\"https:\/\/www.saferide.ph\/de\/kontakt\/\" data-icon=\"\uf0c1\">Kontaktieren Sie uns<\/a><\/div><\/div>\n<\/div>\n<\/div>\n\n<div class=\"et_pb_row_6 et_pb_row et_flex_row et_animated preset--module--divi-row--default\">\n<div class=\"et_pb_column_6 et_pb_column et-last-child et_flex_column et_pb_css_mix_blend_mode_passthrough et_flex_column_24_24 et_flex_column_24_24_tablet et_flex_column_24_24_phone preset--module--divi-column--default\">\n<div class=\"dsm_text_divider_3 dsm_text_divider et_pb_module preset--module--dsm-text-divider--b21ae027-3fb0-4a34-88bb-91643bf80c92\"><div class=\"et_pb_module_inner\"><div class=\"dsm-text-divider-wrapper dsm-text-divider-align-center dsm-text-divider-vertical-align-center\">\n\t\t\t   <div class=\"dsm-text-divider-before dsm-divider\"><\/div>\n                <h3 class=\"dsm-text-divider-header et_pb_module_header\">Fleet Showcase<\/h3>  \n\t\t\t   <div class=\"dsm-text-divider-after dsm-divider\"><\/div>\n\t\t\t<\/div><\/div><\/div>\n\n<div class=\"dsm_card_carousel_0 dsm_card_carousel dsm_card_carousel_arrow_outside dsm_card_carousel_slider_horizontal dsm_card_carousel_layout_stacked et_pb_module preset--module--dsm-card-carousel--qau01cpqec\"><div class=\"et_pb_module_inner\"><div class=\"swiper-container dsm_card_carousel_wrapper et_pb_bg_layout_\" data-params=\"[{&quot;direction&quot;:&quot;horizontal&quot;,&quot;effect&quot;:&quot;default&quot;,&quot;slider_effect_shadows&quot;:false,&quot;slider_effect_coverflow_rotate&quot;:30,&quot;slider_effect_coverflow_depth&quot;:0,&quot;loop&quot;:true,&quot;infinite_smooth_scrolling&quot;:false,&quot;slide_to_show&quot;:&quot;3&quot;,&quot;slide_to_show_tablet&quot;:&quot;2&quot;,&quot;slide_to_show_phone&quot;:&quot;1&quot;,&quot;slide_to_scroll&quot;:1,&quot;slide_to_scroll_tablet&quot;:&quot;&quot;,&quot;slide_to_scroll_phone&quot;:&quot;&quot;,&quot;space_between&quot;:15,&quot;space_between_tablet&quot;:&quot;&quot;,&quot;space_between_phone&quot;:&quot;&quot;,&quot;centered_slides&quot;:false,&quot;multiple_slide_row&quot;:&quot;off&quot;,&quot;slide_row&quot;:&quot;1&quot;,&quot;slide_row_tablet&quot;:&quot;&quot;,&quot;slide_row_phone&quot;:&quot;&quot;,&quot;speed&quot;:300,&quot;autoplay&quot;:true,&quot;autoplay_speed&quot;:3000,&quot;autoplay_viewport&quot;:&quot;80%&quot;,&quot;touch_move&quot;:true,&quot;grab&quot;:true,&quot;pause_on_hover&quot;:false,&quot;mousewheel&quot;:false,&quot;auto_height&quot;:true,&quot;equal_height&quot;:true,&quot;equal_height_tablet&quot;:true,&quot;equal_height_phone&quot;:true}]\" dir=\"ltr\">\n\t\t\t\t<div class=\"swiper-wrapper\">\n\t\t\t\t\t\n<div class=\"dsm_card_carousel_child_0 dsm_card_carousel_child swiper-slide et_pb_module preset--module--dsm-card-carousel-child--5mhf6b4c18\"><div class=\"et_pb_module_inner\"><figure\n\t\t\tclass=\"dsm_card_carousel_child_image_wrapper  dsm_card_carousel_child_badge_top_right\"  >\n\t\t\t<div class=\"dsm_card_carousel_child_image_background dsm_card_carousel_child_img\"><\/div>\n\t\t\t<span class=\"et_overlay et_pb_inline_icon dsm-icon dsm_show_hover_overlay\"><\/span>\n\t\t\t\n\t\t<\/figure>\t\n\t\t <div class=\"dsm_card_wrapper\"  >\n\t\t    <h3 class=\"dsm_card_title\">Sedan<\/h3>\n\t\t\t\n\t\t\t<div class=\"dsm_card_carousel_child_description\"><p>Perfect for couples or solo travelers.<\/p><\/div>\n\t\t\t\n\t\t <\/div><\/div><\/div>\n\n<div class=\"dsm_card_carousel_child_1 dsm_card_carousel_child swiper-slide et_pb_module preset--module--dsm-card-carousel-child--5mhf6b4c18\"><div class=\"et_pb_module_inner\"><figure\n\t\t\tclass=\"dsm_card_carousel_child_image_wrapper  dsm_card_carousel_child_badge_top_right\"  >\n\t\t\t<div class=\"dsm_card_carousel_child_image_background dsm_card_carousel_child_img\"><\/div>\n\t\t\t<span class=\"et_overlay et_pb_inline_icon dsm-icon dsm_show_hover_overlay\"><\/span>\n\t\t\t\n\t\t<\/figure>\t\n\t\t <div class=\"dsm_card_wrapper\"  >\n\t\t    <h3 class=\"dsm_card_title\">Minivan<\/h3>\n\t\t\t\n\t\t\t<div class=\"dsm_card_carousel_child_description\"><p>Ideal for small families and rugged terrain.<\/p><\/div>\n\t\t\t\n\t\t <\/div><\/div><\/div>\n\n<div class=\"dsm_card_carousel_child_2 dsm_card_carousel_child swiper-slide et_pb_module preset--module--dsm-card-carousel-child--5mhf6b4c18\"><div class=\"et_pb_module_inner\"><figure\n\t\t\tclass=\"dsm_card_carousel_child_image_wrapper  dsm_card_carousel_child_badge_top_right\"  >\n\t\t\t<div class=\"dsm_card_carousel_child_image_background dsm_card_carousel_child_img\"><\/div>\n\t\t\t<span class=\"et_overlay et_pb_inline_icon dsm-icon dsm_show_hover_overlay\"><\/span>\n\t\t\t\n\t\t<\/figure>\t\n\t\t <div class=\"dsm_card_wrapper\"  >\n\t\t    <h3 class=\"dsm_card_title\">Van<\/h3>\n\t\t\t\n\t\t\t<div class=\"dsm_card_carousel_child_description\"><p>The best choice for group tours and airport transfers.<\/p><\/div>\n\t\t\t\n\t\t <\/div><\/div><\/div>\n\n\t\t\t\t<\/div>\n\t\t    <\/div>\n\t\t\t<div class=\"swiper-button-prev dsm_card_carousel_arrow\"><\/div>\n\t\t\t <div class=\"swiper-button-next dsm_card_carousel_arrow\"><\/div>\n\t\t\t<\/div><\/div>\n<\/div>\n<\/div>\n\n<div class=\"et_pb_row_7 et_pb_row et_flex_row et_animated preset--module--divi-row--default\">\n<div class=\"et_pb_column_7 et_pb_column et-last-child et_flex_column et_pb_css_mix_blend_mode_passthrough et_flex_column_24_24 et_flex_column_24_24_tablet et_flex_column_24_24_phone preset--module--divi-column--default\">\n<div class=\"dsm_text_divider_4 dsm_text_divider et_pb_module preset--module--dsm-text-divider--b21ae027-3fb0-4a34-88bb-91643bf80c92\"><div class=\"et_pb_module_inner\"><div class=\"dsm-text-divider-wrapper dsm-text-divider-align-center dsm-text-divider-vertical-align-center\">\n\t\t\t   <div class=\"dsm-text-divider-before dsm-divider\"><\/div>\n                <h2 class=\"dsm-text-divider-header et_pb_module_header\">Frequently Asked Questions<\/h2>  \n\t\t\t   <div class=\"dsm-text-divider-after dsm-divider\"><\/div>\n\t\t\t<\/div><\/div><\/div>\n\n<div class=\"dsm_faq_0 dsm_faq et_pb_module preset--module--dsm-faq--default\"><div class=\"et_pb_module_inner\"><div class=\"dsm-faq-container dsm-front \" data-accordion=\"on\" data-open_first_item=\"on\">\n<div class=\"dsm_faq_child_0 dsm_faq_child dsm-faq-item-wrapper et_pb_module\"><div class=\"et_pb_module_inner\"><div class=\"dsm-title-wrapper\">\n\t\t\t\t <div class=\"dsm-title-inner-wrapper\">\n\t\t\t\t   \n\t\t\t\t   \n\t\t\t\t   \n\t\t\t\t   \n\t\t\t\t   <h5 class=\"dsm-faq-title\">What is the best time to visit Cebu?<\/h5>\n\t\t\t\t <\/div> \n\t\t\t\t <div class=\"dsm-faq-item-inner-wrapper\">\n\t\t\t\t   <div class=\"dsm_open_icon\"><\/div>\n\t\t\t\t   <div class=\"dsm_close_icon\"><\/div>\n\t\t\t\t   \n\t\t\t\t   \n\t\t\t\t <\/div>\n\t\t\t\t<\/div>\n\t\t\t\t<div class=\"dsm-faq-content\"><p>The dry season from January to May is ideal. However, Cebu is a year-round destination; just be mindful of the Sinulog Festival in January when crowds are at their peak.<\/p><\/div><\/div><\/div>\n\n<div class=\"dsm_faq_child_1 dsm_faq_child dsm-faq-item-wrapper et_pb_module\"><div class=\"et_pb_module_inner\"><div class=\"dsm-title-wrapper\">\n\t\t\t\t <div class=\"dsm-title-inner-wrapper\">\n\t\t\t\t   \n\t\t\t\t   \n\t\t\t\t   \n\t\t\t\t   \n\t\t\t\t   <h5 class=\"dsm-faq-title\">Where are the pickup points for Saferide tours?<\/h5>\n\t\t\t\t <\/div> \n\t\t\t\t <div class=\"dsm-faq-item-inner-wrapper\">\n\t\t\t\t   <div class=\"dsm_open_icon\"><\/div>\n\t\t\t\t   <div class=\"dsm_close_icon\"><\/div>\n\t\t\t\t   \n\t\t\t\t   \n\t\t\t\t <\/div>\n\t\t\t\t<\/div>\n\t\t\t\t<div class=\"dsm-faq-content\"><p>We provide door-to-door pickup from any hotel in Cebu City, Mandaue, or Lapu-Lapu City, as well as the Mactan-Cebu International Airport (MCIA).<\/p><\/div><\/div><\/div>\n\n<div class=\"dsm_faq_child_2 dsm_faq_child dsm-faq-item-wrapper et_pb_module\"><div class=\"et_pb_module_inner\"><div class=\"dsm-title-wrapper\">\n\t\t\t\t <div class=\"dsm-title-inner-wrapper\">\n\t\t\t\t   \n\t\t\t\t   \n\t\t\t\t   \n\t\t\t\t   \n\t\t\t\t   <h5 class=\"dsm-faq-title\">Are entrance fees included in the tour packages?<\/h5>\n\t\t\t\t <\/div> \n\t\t\t\t <div class=\"dsm-faq-item-inner-wrapper\">\n\t\t\t\t   <div class=\"dsm_open_icon\"><\/div>\n\t\t\t\t   <div class=\"dsm_close_icon\"><\/div>\n\t\t\t\t   \n\t\t\t\t   \n\t\t\t\t <\/div>\n\t\t\t\t<\/div>\n\t\t\t\t<div class=\"dsm-faq-content\"><p>Most of our packages include transport and driver services. Specific entrance fees and meal inclusions are listed clearly within each tour product description.<\/p><\/div><\/div><\/div>\n<\/div><script type=\"application\/ld+json\">{\"@context\":\"https:\\\/\\\/schema.org\",\"@type\":\"FAQPage\",\"mainEntity\":[{\"@type\":\"Question\",\"name\":\"What is the best time to visit Cebu?\",\"acceptedAnswer\":{\"@type\":\"Answer\",\"text\":\"The dry season from January to May is ideal. However, Cebu is a year-round destination; just be mindful of the Sinulog Festival in January when crowds are at their peak.\"}},{\"@type\":\"Question\",\"name\":\"Where are the pickup points for Saferide tours?\",\"acceptedAnswer\":{\"@type\":\"Answer\",\"text\":\"We provide door-to-door pickup from any hotel in Cebu City, Mandaue, or Lapu-Lapu City, as well as the Mactan-Cebu International Airport (MCIA).\"}},{\"@type\":\"Question\",\"name\":\"Are entrance fees included in the tour packages?\",\"acceptedAnswer\":{\"@type\":\"Answer\",\"text\":\"Most of our packages include transport and driver services. Specific entrance fees and meal inclusions are listed clearly within each tour product description.\"}}]}<\/script><\/div><\/div>\n<\/div>\n<\/div>\n<div class=\"et_pb_bottom_inside_divider et-no-transition\"><\/div><\/div>","protected":false},"excerpt":{"rendered":"","protected":false},"author":1,"featured_media":61229,"parent":61237,"menu_order":0,"comment_status":"closed","ping_status":"closed","template":"","meta":{"footnotes":""},"class_list":["post-61228","page","type-page","status-publish","has-post-thumbnail","hentry"],"dsm_author":{"name":"saferide","avatar_url":"https:\/\/secure.gravatar.com\/avatar\/bb7957cad8306c80171926f5ebf6330cd52c16916d2da7f696b301abbe2569ff?s=96&d=mm&r=g","archive_link":"https:\/\/www.saferide.ph\/de\/author\/saferide\/","biodata":""},"dsm_categories":[],"dsm_attachment_categories":[],"dsm_featured_image":{"thumbnail":"https:\/\/www.saferide.ph\/wp-content\/uploads\/2022\/02\/CEBU-TOUR123-1-150x150.jpeg","medium":"https:\/\/www.saferide.ph\/wp-content\/uploads\/2022\/02\/CEBU-TOUR123-1-300x158.jpeg","medium_large":"https:\/\/www.saferide.ph\/wp-content\/uploads\/2022\/02\/CEBU-TOUR123-1.jpeg","large":"https:\/\/www.saferide.ph\/wp-content\/uploads\/2022\/02\/CEBU-TOUR123-1.jpeg","1536x1536":"https:\/\/www.saferide.ph\/wp-content\/uploads\/2022\/02\/CEBU-TOUR123-1.jpeg","2048x2048":"https:\/\/www.saferide.ph\/wp-content\/uploads\/2022\/02\/CEBU-TOUR123-1.jpeg","et-pb-post-main-image":"https:\/\/www.saferide.ph\/wp-content\/uploads\/2022\/02\/CEBU-TOUR123-1-400x250.jpeg","et-pb-post-main-image-fullwidth":"https:\/\/www.saferide.ph\/wp-content\/uploads\/2022\/02\/CEBU-TOUR123-1.jpeg","et-pb-portfolio-image":"https:\/\/www.saferide.ph\/wp-content\/uploads\/2022\/02\/CEBU-TOUR123-1-400x284.jpeg","et-pb-portfolio-module-image":"https:\/\/www.saferide.ph\/wp-content\/uploads\/2022\/02\/CEBU-TOUR123-1-510x315.jpeg","et-pb-portfolio-image-single":"https:\/\/www.saferide.ph\/wp-content\/uploads\/2022\/02\/CEBU-TOUR123-1.jpeg","et-pb-gallery-module-image-portrait":"https:\/\/www.saferide.ph\/wp-content\/uploads\/2022\/02\/CEBU-TOUR123-1-400x315.jpeg","et-pb-post-main-image-fullwidth-large":"https:\/\/www.saferide.ph\/wp-content\/uploads\/2022\/02\/CEBU-TOUR123-1.jpeg","et-pb-image--responsive--desktop":"https:\/\/www.saferide.ph\/wp-content\/uploads\/2022\/02\/CEBU-TOUR123-1.jpeg","et-pb-image--responsive--tablet":"https:\/\/www.saferide.ph\/wp-content\/uploads\/2022\/02\/CEBU-TOUR123-1.jpeg","et-pb-image--responsive--phone":"https:\/\/www.saferide.ph\/wp-content\/uploads\/2022\/02\/CEBU-TOUR123-1-480x252.jpeg","chbs_vehicle":"https:\/\/www.saferide.ph\/wp-content\/uploads\/2022\/02\/CEBU-TOUR123-1-460x242.jpeg","chbs_vehicle_2":"https:\/\/www.saferide.ph\/wp-content\/uploads\/2022\/02\/CEBU-TOUR123-1.jpeg","woocommerce_thumbnail":"https:\/\/www.saferide.ph\/wp-content\/uploads\/2022\/02\/CEBU-TOUR123-1-300x300.jpeg","woocommerce_single":"https:\/\/www.saferide.ph\/wp-content\/uploads\/2022\/02\/CEBU-TOUR123-1.jpeg","woocommerce_gallery_thumbnail":"https:\/\/www.saferide.ph\/wp-content\/uploads\/2022\/02\/CEBU-TOUR123-1-100x100.jpeg","full":"https:\/\/www.saferide.ph\/wp-content\/uploads\/2022\/02\/CEBU-TOUR123-1.jpeg"},"_links":{"self":[{"href":"https:\/\/www.saferide.ph\/de\/wp-json\/wp\/v2\/pages\/61228","targetHints":{"allow":["GET"]}}],"collection":[{"href":"https:\/\/www.saferide.ph\/de\/wp-json\/wp\/v2\/pages"}],"about":[{"href":"https:\/\/www.saferide.ph\/de\/wp-json\/wp\/v2\/types\/page"}],"author":[{"embeddable":true,"href":"https:\/\/www.saferide.ph\/de\/wp-json\/wp\/v2\/users\/1"}],"replies":[{"embeddable":true,"href":"https:\/\/www.saferide.ph\/de\/wp-json\/wp\/v2\/comments?post=61228"}],"version-history":[{"count":0,"href":"https:\/\/www.saferide.ph\/de\/wp-json\/wp\/v2\/pages\/61228\/revisions"}],"up":[{"embeddable":true,"href":"https:\/\/www.saferide.ph\/de\/wp-json\/wp\/v2\/pages\/61237"}],"wp:featuredmedia":[{"embeddable":true,"href":"https:\/\/www.saferide.ph\/de\/wp-json\/wp\/v2\/media\/61229"}],"wp:attachment":[{"href":"https:\/\/www.saferide.ph\/de\/wp-json\/wp\/v2\/media?parent=61228"}],"curies":[{"name":"wp","href":"https:\/\/api.w.org\/{rel}","templated":true}]}}