{"id":61217,"date":"2023-05-08T13:11:20","date_gmt":"2023-05-08T05:11:20","guid":{"rendered":"https:\/\/www.saferide.ph\/iloilo-tour-pakete\/"},"modified":"2026-02-10T01:38:43","modified_gmt":"2026-02-09T17:38:43","slug":"iloilo-tour-pakete","status":"publish","type":"page","link":"https:\/\/www.saferide.ph\/de\/reisen-und-touren\/iloilo-tour-pakete\/","title":{"rendered":"Iloilo Tour Pakete"},"content":{"rendered":"<div class=\"et_pb_section_0 et_pb_section et_section_regular et_flex_section section_has_divider et_pb_bottom_divider preset--module--divi-section--5tgllyttr4\">\n<div class=\"et_pb_row_0 et_pb_row et_flex_row preset--module--divi-row--0rvs0g41jp\">\n<div class=\"et_pb_column_0 et_pb_column et-last-child et_flex_column et_pb_css_mix_blend_mode_passthrough et_flex_column_24_24 et_flex_column_24_24_tablet et_flex_column_24_24_phone preset--module--divi-column--default\">\n<div class=\"et_pb_group_0 et_pb_group et_pb_module et_flex_group et_pb_css_mix_blend_mode_passthrough preset--group--divi-group--divi-border--nested--zohdle16bw preset--group--divi-group--divi-spacing--nested--fbvpj2r7ha preset--module--divi-group--rv78q7sif9\">\n<div class=\"dsm_typing_effect_0 dsm_typing_effect et_pb_module preset--module--dsm-typing-effect--idldtqa5ub\"><div class=\"et_pb_module_inner\"><h1 class=\"dsm-typing-effect et_pb_module_header\">\n\t\t\t  <span class=\"dsm-before-typing-effect\">Experience the Magic of <\/span>\n\t\t\t  <span class=\"dsm-typing-wrapper\"><span class=\"dsm-typing-strings\"><\/span>\n\t\t\t<span class=\"dsm-typing\" data-dsm-typing-strings=\"Iloilo|The City of Love|Heritage &amp; Gastronomy|\"data-dsm-typing-speed=\"100ms\" data-dsm-typing-backspeed=\"50ms\" data-dsm-typing-backdelay=\"700ms\" data-dsm-typing-loop=\"on\"data-dsm-typing-remove-cursor=\"off\"data-dsm-typing-cursor=\"|\" data-dsm-typing-shuffle=\"off\" data-dsm-typing-shuffle=\"off\" data-dsm-typing-viewport=\"80%\" data-dsm-typing-repeat=\"on\" ><\/span><\/span>\n\t\t\t  \n\t\t\t<\/h1><\/div><\/div>\n\n<div class=\"et_pb_text_0 et_pb_text et_pb_bg_layout_light et_pb_module et_block_module preset--module--divi-text--default\"><div class=\"et_pb_text_inner\"><p style=\"text-align: center;\">Erleben Sie Iloilos reiche Geschichte und kulinarische Wunder mit beruhigter Ruhe. Sichere, zuverl\u00e4ssige und erstklassige Transportdienste werden von <b data-path-to-node=\"8,2,1,0\" data-index-in-node=\"132\">Saferide Car Rental betrieben.<\/b> <\/p>\n<\/div><\/div>\n<\/div>\n\n<div class=\"et_pb_module et_pb_button_module_wrapper et_pb_button_0_wrapper preset--module--divi-button--sdeoj66ad0_wrapper\"><a class=\"et_pb_button_0 et_pb_button et_pb_bg_layout_light et_pb_module et_flex_module preset--module--divi-button--sdeoj66ad0\" href=\"\" data-icon=\"\uf0c1\">Verf\u00fcgbare Touren ansehen<\/a><\/div>\n\n<div class=\"et_pb_code_0 et_pb_code et_pb_text_align_center-phone et_pb_module\"><div class=\"et_pb_code_inner\"><script defer async src='https:\/\/cdn.trustindex.io\/loader.js?e4eba8546b1a035315964f8b792'><\/script><\/div><\/div>\n<\/div>\n<\/div>\n<div class=\"et_pb_bottom_inside_divider et-no-transition\"><\/div><\/div>\n\n<div class=\"et_pb_section_1 et_pb_section et_section_regular et_flex_section section_has_divider et_pb_top_divider et_pb_bottom_divider preset--module--divi-section--default\"><div class=\"et_pb_top_inside_divider et-no-transition\"><\/div>\n<div class=\"et_pb_row_1 et_pb_row et_flex_row et_animated preset--module--divi-row--default\">\n<div class=\"et_pb_column_1 et_pb_column et-last-child et_flex_column et_pb_css_mix_blend_mode_passthrough et_flex_column_24_24 et_flex_column_24_24_tablet et_flex_column_24_24_phone preset--module--divi-column--default\">\n<div class=\"dsm_text_divider_0 dsm_text_divider et_pb_module preset--module--dsm-text-divider--b21ae027-3fb0-4a34-88bb-91643bf80c92\"><div class=\"et_pb_module_inner\"><div class=\"dsm-text-divider-wrapper dsm-text-divider-align-center dsm-text-divider-vertical-align-center\">\n\t\t\t   <div class=\"dsm-text-divider-before dsm-divider\"><\/div>\n                <h3 class=\"dsm-text-divider-header et_pb_module_header\">Location Overview<\/h3>  \n\t\t\t   <div class=\"dsm-text-divider-after dsm-divider\"><\/div>\n\t\t\t<\/div><\/div><\/div>\n\n<div class=\"et_pb_row_2 et_pb_row et_pb_row_nested et_flex_row preset--module--divi-row--hvmzcnmj61\">\n<div class=\"et_pb_column_2 et_pb_column et-last-child et_flex_column et_pb_css_mix_blend_mode_passthrough et_flex_column_24_24 et_flex_column_24_24_tablet et_flex_column_24_24_phone preset--module--divi-column--default\">\n<div class=\"et_pb_text_1 et_pb_text et_pb_bg_layout_light et_pb_module et_block_module preset--module--divi-text--default\"><div class=\"et_pb_text_inner\"><p data-path-to-node=\"12,0\"><b data-path-to-node=\"12,0\" data-index-in-node=\"0\">Willkommen im Herzen der Philippinen<\/b> Iloilo ist mehr als nur ein Tor zu Visayas; Es ist ein Reiseziel voller kulturellem Erbe, kolonialer Architektur und einer der besten K\u00fcchen des Landes. Von den majest\u00e4tischen Kirchen von Jaro und Molo bis zur erfrischenden Brise der Iloilo-Fluss-Esplanade bietet die \"Stadt der Liebe\" ein Reiseerlebnis, das sowohl entspannend als auch bereichernd ist. Egal, ob Sie Geschichte auf den Stra\u00dfen der Stadt verfolgen oder auf den Gigantes-Inseln von Insel zu Inseln reisen \u2013 Iloilo verspricht f\u00fcr jeden Typ von Reisenden ein Abenteuer.  <\/p>\n<p data-path-to-node=\"12,1\"><b data-path-to-node=\"12,1\" data-index-in-node=\"0\">Nahtloses Reisen mit Saferide<\/b> Die Navigation in einer neuen Stadt sollte aufregend sein, nicht stressig. Bei Saferide.ph beseitigen wir den Aufwand des Pendelns, indem wir exklusiven privaten Transport f\u00fcr alle unsere Reisepakete anbieten. Vergiss das Rufen von Dreir\u00e4dern oder das Entziffern von Jeepney-Routen. Unsere spezialisierte Flotte sorgt daf\u00fcr, dass Sie von einem Wahrzeichen zum n\u00e4chsten in klimatisiertem Komfort wechseln und sich ganz auf das Schaffen von Erinnerungen konzentrieren k\u00f6nnen.   <\/p>\n<p data-path-to-node=\"12,2\"><b data-path-to-node=\"12,2\" data-index-in-node=\"0\">Sicherheit und Zuverl\u00e4ssigkeit an erster Stelle<\/b> Ihre Sicherheit ist unsere nicht verhandelbare Priorit\u00e4t. Wir sorgen daf\u00fcr, dass jedes Fahrzeug sorgf\u00e4ltig gewartet und von professionellen, h\u00f6flichen Fahrern gefahren wird, die Iloilo in- und auswendig kennen. Erleben Sie die W\u00e4rme der Ilonggo-Gastfreundschaft ab dem Moment, in dem Sie in Ihr Fahrzeug einsteigen.  <\/p>\n<\/div><\/div>\n\n<div class=\"et_pb_image_0 et_pb_image et_flex_column_24_24 et_pb_module et_flex_module preset--group--divi-image--divi-border--nested--zohdle16bw preset--module--divi-image--v2xeux3uf3\"><span class=\"et_pb_image_wrap\"><img loading=\"lazy\" decoding=\"async\" src=\"https:\/\/saferide.ph\/wp-content\/uploads\/2023\/07\/2026-iloilo-tours-Half-Column.jpg\" title=\"2026 iloilo tours Half Column\" width=\"320\" height=\"543\" srcset=\"https:\/\/www.saferide.ph\/wp-content\/uploads\/2023\/07\/2026-iloilo-tours-Half-Column.jpg 320w, https:\/\/www.saferide.ph\/wp-content\/uploads\/2023\/07\/2026-iloilo-tours-Half-Column-177x300.jpg 177w, https:\/\/www.saferide.ph\/wp-content\/uploads\/2023\/07\/2026-iloilo-tours-Half-Column-180x306.jpg 180w, https:\/\/www.saferide.ph\/wp-content\/uploads\/2023\/07\/2026-iloilo-tours-Half-Column-314x533.jpg 314w\" sizes=\"(max-width: 320px) 100vw, 320px\" class=\"wp-image-59750\" alt=\"\"><\/span><\/div>\n<\/div>\n<\/div>\n<\/div>\n<\/div>\n\n<div class=\"et_pb_row_3 et_pb_row et_flex_row et_animated preset--module--divi-row--default\">\n<div class=\"et_pb_column_3 et_pb_column et-last-child et_flex_column et_pb_css_mix_blend_mode_passthrough et_flex_column_24_24 et_flex_column_24_24_tablet et_flex_column_24_24_phone preset--module--divi-column--default\">\n<div class=\"dsm_text_divider_1 dsm_text_divider et_pb_module preset--module--dsm-text-divider--b21ae027-3fb0-4a34-88bb-91643bf80c92\"><div class=\"et_pb_module_inner\"><div class=\"dsm-text-divider-wrapper dsm-text-divider-align-center dsm-text-divider-vertical-align-center\">\n\t\t\t   <div class=\"dsm-text-divider-before dsm-divider\"><\/div>\n                <h3 class=\"dsm-text-divider-header et_pb_module_header\">The Saferide Advantage<\/h3>  \n\t\t\t   <div class=\"dsm-text-divider-after dsm-divider\"><\/div>\n\t\t\t<\/div><\/div><\/div>\n\n<div class=\"et_pb_row_4 et_pb_row et_pb_row_nested et_flex_row preset--module--divi-row--hvmzcnmj61\">\n<div class=\"et_pb_column_4 et_pb_column et-last-child et_grid_column et_pb_css_mix_blend_mode_passthrough et_flex_column_24_24 et_flex_column_24_24_tablet et_flex_column_24_24_phone preset--module--divi-column--default\">\n<div class=\"et_pb_group_1 et_pb_group et_pb_module et_flex_group et_pb_css_mix_blend_mode_passthrough preset--group--divi-group--divi-border--nested--hpky1fq4hp preset--group--divi-group--divi-spacing--nested--fbvpj2r7ha preset--module--divi-group--6bov343h9t\">\n<div class=\"et_pb_icon_0 et_pb_icon et_pb_module et_flex_module preset--module--divi-icon--default\"><span class=\"et_pb_icon_wrap\"><span class=\"et-pb-icon\">R<\/span><\/span><\/div>\n\n<div class=\"et_pb_text_2 et_pb_text et_pb_bg_layout_light et_pb_module et_block_module preset--module--divi-text--default\"><div class=\"et_pb_text_inner\"><h3 style=\"text-align: center;\">Sofortige Best\u00e4tigung<\/h3>\n<p style=\"text-align: center;\">\u00dcberspringen Sie die E-Mails. Buchen Sie Ihre Iloilo-Tour \u00fcber unsere Live-Engine und lassen Sie sich sofort best\u00e4tigen. <\/p>\n<\/div><\/div>\n<\/div>\n\n<div class=\"et_pb_group_2 et_pb_group et_pb_module et_flex_group et_pb_css_mix_blend_mode_passthrough preset--group--divi-group--divi-border--nested--hpky1fq4hp preset--group--divi-group--divi-spacing--nested--fbvpj2r7ha preset--module--divi-group--6bov343h9t\">\n<div class=\"et_pb_icon_1 et_pb_icon et_pb_module et_flex_module preset--module--divi-icon--default\"><span class=\"et_pb_icon_wrap\"><span class=\"et-pb-icon\">\uf1b9<\/span><\/span><\/div>\n\n<div class=\"et_pb_text_3 et_pb_text et_pb_bg_layout_light et_pb_module et_block_module preset--module--divi-text--default\"><div class=\"et_pb_text_inner\"><h3 style=\"text-align: center;\">Unber\u00fchrte Flotte<\/h3>\n<p style=\"text-align: center;\">Reisen Sie in desinfizierten, neueren Limousinen, SUVs oder Vans, die f\u00fcr jede Gruppengr\u00f6\u00dfe geeignet sind.<\/p>\n<\/div><\/div>\n<\/div>\n\n<div class=\"et_pb_group_3 et_pb_group et-last-child et_pb_module et_flex_group et_pb_css_mix_blend_mode_passthrough preset--group--divi-group--divi-border--nested--hpky1fq4hp preset--group--divi-group--divi-spacing--nested--fbvpj2r7ha preset--module--divi-group--6bov343h9t\">\n<div class=\"et_pb_icon_2 et_pb_icon et_pb_module et_flex_module preset--module--divi-icon--default\"><span class=\"et_pb_icon_wrap\"><span class=\"et-pb-icon\">\uf59f<\/span><\/span><\/div>\n\n<div class=\"et_pb_text_4 et_pb_text et_pb_bg_layout_light et_pb_module et_block_module preset--module--divi-text--default\"><div class=\"et_pb_text_inner\"><h3 style=\"text-align: center;\">Lokale Experten<\/h3>\n<p style=\"text-align: center;\">Unsere Fahrer sind nicht nur Navigatoren; Sie sind Einheimische, die das beste Batchoy der Stadt empfehlen k\u00f6nnen.<\/p>\n<\/div><\/div>\n<\/div>\n<\/div>\n<\/div>\n<\/div>\n<\/div>\n\n<div class=\"et_pb_row_5 et_pb_row et_flex_row et_animated preset--module--divi-row--default\">\n<div class=\"et_pb_column_5 et_pb_column et-last-child et_flex_column et_pb_css_mix_blend_mode_passthrough et_flex_column_24_24 et_flex_column_24_24_tablet et_flex_column_24_24_phone preset--module--divi-column--default\">\n<div class=\"dsm_text_divider_2 dsm_text_divider et_pb_module preset--module--dsm-text-divider--b21ae027-3fb0-4a34-88bb-91643bf80c92\"><div class=\"et_pb_module_inner\"><div class=\"dsm-text-divider-wrapper dsm-text-divider-align-center dsm-text-divider-vertical-align-center\">\n\t\t\t   <div class=\"dsm-text-divider-before dsm-divider\"><\/div>\n                <h3 class=\"dsm-text-divider-header et_pb_module_header\">Live Booking Engine<\/h3>  \n\t\t\t   <div class=\"dsm-text-divider-after dsm-divider\"><\/div>\n\t\t\t<\/div><\/div><\/div>\n\n<div class=\"et_pb_code_1 et_pb_code et_pb_module\"><div class=\"et_pb_code_inner\"><script type=\"text\/javascript\" src=\"https:\/\/widgets.bokun.io\/assets\/javascripts\/apps\/build\/BokunWidgetsLoader.js?bookingChannelUUID=989b91ec-0b5e-4714-9140-84158e0182e7\" async=\"\"><\/script>\n     \n    <div class=\"bokunWidget\" data-src=\"https:\/\/widgets.bokun.io\/online-sales\/989b91ec-0b5e-4714-9140-84158e0182e7\/product-list\/70056\"><\/div>\n    <noscript>Bitte aktivieren Sie Javascript in Ihrem Browser, um zu buchen<\/noscript>\n<\/div><\/div>\n\n<div class=\"et_pb_cta_0 et_pb_promo et_pb_bg_layout_dark et_pb_module et_block_module preset--module--divi-cta--ltjoysbzh4\"><div class=\"et_pb_promo_description\"><h3 class=\"et_pb_module_header\">Sie haben die Tour nicht gefunden?<\/h3><div class=\"et_pb_promo_content\"><p>Wir schneidern die Reiserouten nach Ihren W\u00fcnschen. Setzen Sie sich mit uns in Verbindung, um Ihr Urlaubserlebnis zu personalisieren.<\/p>\n<\/div><\/div><div class=\"et_pb_button_wrapper\"><a class=\"et_pb_button et_pb_promo_button\" href=\"https:\/\/www.saferide.ph\/contact-us\/\" data-icon=\"\uf0c1\">Kontakt<\/a><\/div><\/div>\n<\/div>\n<\/div>\n\n<div class=\"et_pb_row_6 et_pb_row et_flex_row et_animated preset--module--divi-row--default\">\n<div class=\"et_pb_column_6 et_pb_column et-last-child et_flex_column et_pb_css_mix_blend_mode_passthrough et_flex_column_24_24 et_flex_column_24_24_tablet et_flex_column_24_24_phone preset--module--divi-column--default\">\n<div class=\"dsm_text_divider_3 dsm_text_divider et_pb_module preset--module--dsm-text-divider--b21ae027-3fb0-4a34-88bb-91643bf80c92\"><div class=\"et_pb_module_inner\"><div class=\"dsm-text-divider-wrapper dsm-text-divider-align-center dsm-text-divider-vertical-align-center\">\n\t\t\t   <div class=\"dsm-text-divider-before dsm-divider\"><\/div>\n                <h3 class=\"dsm-text-divider-header et_pb_module_header\">Fleet Showcase<\/h3>  \n\t\t\t   <div class=\"dsm-text-divider-after dsm-divider\"><\/div>\n\t\t\t<\/div><\/div><\/div>\n\n<div class=\"dsm_card_carousel_0 dsm_card_carousel dsm_card_carousel_arrow_outside dsm_card_carousel_slider_horizontal dsm_card_carousel_layout_stacked et_pb_module preset--module--dsm-card-carousel--qau01cpqec\"><div class=\"et_pb_module_inner\"><div class=\"swiper-container dsm_card_carousel_wrapper et_pb_bg_layout_\" data-params=\"[{&quot;direction&quot;:&quot;horizontal&quot;,&quot;effect&quot;:&quot;default&quot;,&quot;slider_effect_shadows&quot;:false,&quot;slider_effect_coverflow_rotate&quot;:30,&quot;slider_effect_coverflow_depth&quot;:0,&quot;loop&quot;:true,&quot;infinite_smooth_scrolling&quot;:false,&quot;slide_to_show&quot;:&quot;3&quot;,&quot;slide_to_show_tablet&quot;:&quot;2&quot;,&quot;slide_to_show_phone&quot;:&quot;1&quot;,&quot;slide_to_scroll&quot;:1,&quot;slide_to_scroll_tablet&quot;:&quot;&quot;,&quot;slide_to_scroll_phone&quot;:&quot;&quot;,&quot;space_between&quot;:15,&quot;space_between_tablet&quot;:&quot;&quot;,&quot;space_between_phone&quot;:&quot;&quot;,&quot;centered_slides&quot;:false,&quot;multiple_slide_row&quot;:&quot;off&quot;,&quot;slide_row&quot;:&quot;1&quot;,&quot;slide_row_tablet&quot;:&quot;&quot;,&quot;slide_row_phone&quot;:&quot;&quot;,&quot;speed&quot;:300,&quot;autoplay&quot;:true,&quot;autoplay_speed&quot;:3000,&quot;autoplay_viewport&quot;:&quot;80%&quot;,&quot;touch_move&quot;:true,&quot;grab&quot;:true,&quot;pause_on_hover&quot;:false,&quot;mousewheel&quot;:false,&quot;auto_height&quot;:true,&quot;equal_height&quot;:true,&quot;equal_height_tablet&quot;:true,&quot;equal_height_phone&quot;:true}]\" dir=\"ltr\">\n\t\t\t\t<div class=\"swiper-wrapper\">\n\t\t\t\t\t\n<div class=\"dsm_card_carousel_child_0 dsm_card_carousel_child swiper-slide et_pb_module preset--module--dsm-card-carousel-child--5mhf6b4c18\"><div class=\"et_pb_module_inner\"><figure\n\t\t\tclass=\"dsm_card_carousel_child_image_wrapper  dsm_card_carousel_child_badge_top_right\"  >\n\t\t\t<div class=\"dsm_card_carousel_child_image_background dsm_card_carousel_child_img\"><\/div>\n\t\t\t<span class=\"et_overlay et_pb_inline_icon dsm-icon dsm_show_hover_overlay\"><\/span>\n\t\t\t<div class=\"dsm_card_carousel_child_badge_text\">Economy<\/div>\n\t\t<\/figure>\t\n\t\t <div class=\"dsm_card_wrapper\"  >\n\t\t    <h3 class=\"dsm_card_title\">Sedan<\/h3>\n\t\t\t\n\t\t\t<div class=\"dsm_card_carousel_child_description\"><p>Perfect for couples or solo adventurers touring the city spots and easy-access trails.<\/p><\/div>\n\t\t\t\n\t\t <\/div><\/div><\/div>\n\n<div class=\"dsm_card_carousel_child_1 dsm_card_carousel_child swiper-slide et_pb_module preset--module--dsm-card-carousel-child--5mhf6b4c18\"><div class=\"et_pb_module_inner\"><figure\n\t\t\tclass=\"dsm_card_carousel_child_image_wrapper  dsm_card_carousel_child_badge_top_right\"  >\n\t\t\t<div class=\"dsm_card_carousel_child_image_background dsm_card_carousel_child_img\"><\/div>\n\t\t\t<span class=\"et_overlay et_pb_inline_icon dsm-icon dsm_show_hover_overlay\"><\/span>\n\t\t\t<div class=\"dsm_card_carousel_child_badge_text\">The Family Comfort<\/div>\n\t\t<\/figure>\t\n\t\t <div class=\"dsm_card_wrapper\"  >\n\t\t    <h3 class=\"dsm_card_title\">MPV<\/h3>\n\t\t\t\n\t\t\t<div class=\"dsm_card_carousel_child_description\"><p>Ideal for small families or groups carrying diving gear and beach luggage.<\/p><\/div>\n\t\t\t\n\t\t <\/div><\/div><\/div>\n\n<div class=\"dsm_card_carousel_child_2 dsm_card_carousel_child swiper-slide et_pb_module preset--module--dsm-card-carousel-child--5mhf6b4c18\"><div class=\"et_pb_module_inner\"><figure\n\t\t\tclass=\"dsm_card_carousel_child_image_wrapper  dsm_card_carousel_child_badge_top_right\"  >\n\t\t\t<div class=\"dsm_card_carousel_child_image_background dsm_card_carousel_child_img\"><\/div>\n\t\t\t<span class=\"et_overlay et_pb_inline_icon dsm-icon dsm_show_hover_overlay\"><\/span>\n\t\t\t<div class=\"dsm_card_carousel_child_badge_text\">High Capacity<\/div>\n\t\t<\/figure>\t\n\t\t <div class=\"dsm_card_wrapper\"  >\n\t\t    <h3 class=\"dsm_card_title\">Van<\/h3>\n\t\t\t\n\t\t\t<div class=\"dsm_card_carousel_child_description\"><p>Spacious seating for larger groups ensuring everyone travels together comfortably.<\/p><\/div>\n\t\t\t\n\t\t <\/div><\/div><\/div>\n\n\t\t\t\t<\/div>\n\t\t    <\/div>\n\t\t\t<div class=\"swiper-button-prev dsm_card_carousel_arrow\"><\/div>\n\t\t\t <div class=\"swiper-button-next dsm_card_carousel_arrow\"><\/div>\n\t\t\t<div class=\"swiper-pagination dsm_card_carousel_pagination\"><\/div><\/div><\/div>\n<\/div>\n<\/div>\n\n<div class=\"et_pb_row_7 et_pb_row et_flex_row et_animated preset--module--divi-row--default\">\n<div class=\"et_pb_column_7 et_pb_column et-last-child et_flex_column et_pb_css_mix_blend_mode_passthrough et_flex_column_24_24 et_flex_column_24_24_tablet et_flex_column_24_24_phone preset--module--divi-column--default\">\n<div class=\"dsm_text_divider_4 dsm_text_divider et_pb_module preset--module--dsm-text-divider--b21ae027-3fb0-4a34-88bb-91643bf80c92\"><div class=\"et_pb_module_inner\"><div class=\"dsm-text-divider-wrapper dsm-text-divider-align-center dsm-text-divider-vertical-align-center\">\n\t\t\t   <div class=\"dsm-text-divider-before dsm-divider\"><\/div>\n                <h2 class=\"dsm-text-divider-header et_pb_module_header\">Frequently Asked Questions<\/h2>  \n\t\t\t   <div class=\"dsm-text-divider-after dsm-divider\"><\/div>\n\t\t\t<\/div><\/div><\/div>\n\n<div class=\"dsm_faq_0 dsm_faq et_pb_module preset--module--dsm-faq--default\"><div class=\"et_pb_module_inner\"><div class=\"dsm-faq-container dsm-front \" data-accordion=\"off\" data-open_first_item=\"off\">\n<div class=\"dsm_faq_child_0 dsm_faq_child dsm-faq-item-wrapper et_pb_module\"><div class=\"et_pb_module_inner\"><div class=\"dsm-title-wrapper\">\n\t\t\t\t <div class=\"dsm-title-inner-wrapper\">\n\t\t\t\t   <div class=\"dsm_open_icon\"><\/div>\n\t\t\t\t   <div class=\"dsm_close_icon\"><\/div>\n\t\t\t\t   \n\t\t\t\t   \n\t\t\t\t   <h5 class=\"dsm-faq-title\">Is Iloilo a safe place to visit?<\/h5>\n\t\t\t\t <\/div> \n\t\t\t\t <div class=\"dsm-faq-item-inner-wrapper\">\n\t\t\t\t   \n\t\t\t\t   \n\t\t\t\t   \n\t\t\t\t   \n\t\t\t\t <\/div>\n\t\t\t\t<\/div>\n\t\t\t\t<div class=\"dsm-faq-content\"><p><span>Yes, Iloilo is generally a safe place to visit. However, like any other destination, it\u2019s important to be mindful of your belongings and avoid crowded areas. It\u2019s also advisable to take extra precautions when traveling to the islands.<\/span><\/p><\/div><\/div><\/div>\n\n<div class=\"dsm_faq_child_1 dsm_faq_child dsm-faq-item-wrapper et_pb_module\"><div class=\"et_pb_module_inner\"><div class=\"dsm-title-wrapper\">\n\t\t\t\t <div class=\"dsm-title-inner-wrapper\">\n\t\t\t\t   <div class=\"dsm_open_icon\"><\/div>\n\t\t\t\t   <div class=\"dsm_close_icon\"><\/div>\n\t\t\t\t   \n\t\t\t\t   \n\t\t\t\t   <h5 class=\"dsm-faq-title\">What is the best time to visit Iloilo?<\/h5>\n\t\t\t\t <\/div> \n\t\t\t\t <div class=\"dsm-faq-item-inner-wrapper\">\n\t\t\t\t   \n\t\t\t\t   \n\t\t\t\t   \n\t\t\t\t   \n\t\t\t\t <\/div>\n\t\t\t\t<\/div>\n\t\t\t\t<div class=\"dsm-faq-content\"><p><span>The best time to visit Iloilo is during the dry season, which runs from November to May. This is when you can enjoy the beaches and outdoor activities without the risk of rain.<\/span><\/p><\/div><\/div><\/div>\n\n<div class=\"dsm_faq_child_2 dsm_faq_child dsm-faq-item-wrapper et_pb_module\"><div class=\"et_pb_module_inner\"><div class=\"dsm-title-wrapper\">\n\t\t\t\t <div class=\"dsm-title-inner-wrapper\">\n\t\t\t\t   <div class=\"dsm_open_icon\"><\/div>\n\t\t\t\t   <div class=\"dsm_close_icon\"><\/div>\n\t\t\t\t   \n\t\t\t\t   \n\t\t\t\t   <h5 class=\"dsm-faq-title\">What are the must-try dishes in Iloilo?<\/h5>\n\t\t\t\t <\/div> \n\t\t\t\t <div class=\"dsm-faq-item-inner-wrapper\">\n\t\t\t\t   \n\t\t\t\t   \n\t\t\t\t   \n\t\t\t\t   \n\t\t\t\t <\/div>\n\t\t\t\t<\/div>\n\t\t\t\t<div class=\"dsm-faq-content\"><p><span>Some of the must-try dishes in Iloilo include the La Paz Batchoy, Pancit Molo, and fresh seafood like scallops and oysters from Guimaras.<\/span><\/p><\/div><\/div><\/div>\n<\/div><\/div><\/div>\n<\/div>\n<\/div>\n<div class=\"et_pb_bottom_inside_divider et-no-transition\"><\/div><\/div>","protected":false},"excerpt":{"rendered":"","protected":false},"author":1,"featured_media":61219,"parent":61237,"menu_order":0,"comment_status":"closed","ping_status":"closed","template":"","meta":{"footnotes":""},"class_list":["post-61217","page","type-page","status-publish","has-post-thumbnail","hentry"],"dsm_author":{"name":"saferide","avatar_url":"https:\/\/secure.gravatar.com\/avatar\/bb7957cad8306c80171926f5ebf6330cd52c16916d2da7f696b301abbe2569ff?s=96&d=mm&r=g","archive_link":"https:\/\/www.saferide.ph\/de\/author\/saferide\/","biodata":""},"dsm_categories":[],"dsm_attachment_categories":[],"dsm_featured_image":{"thumbnail":"https:\/\/www.saferide.ph\/wp-content\/uploads\/2023\/05\/car-rental-iloilo-Facebook-Post-Landscape-150x150.jpg","medium":"https:\/\/www.saferide.ph\/wp-content\/uploads\/2023\/05\/car-rental-iloilo-Facebook-Post-Landscape-300x251.jpg","medium_large":"https:\/\/www.saferide.ph\/wp-content\/uploads\/2023\/05\/car-rental-iloilo-Facebook-Post-Landscape-768x644.jpg","large":"https:\/\/www.saferide.ph\/wp-content\/uploads\/2023\/05\/car-rental-iloilo-Facebook-Post-Landscape.jpg","1536x1536":"https:\/\/www.saferide.ph\/wp-content\/uploads\/2023\/05\/car-rental-iloilo-Facebook-Post-Landscape.jpg","2048x2048":"https:\/\/www.saferide.ph\/wp-content\/uploads\/2023\/05\/car-rental-iloilo-Facebook-Post-Landscape.jpg","et-pb-post-main-image":"https:\/\/www.saferide.ph\/wp-content\/uploads\/2023\/05\/car-rental-iloilo-Facebook-Post-Landscape-400x250.jpg","et-pb-post-main-image-fullwidth":"https:\/\/www.saferide.ph\/wp-content\/uploads\/2023\/05\/car-rental-iloilo-Facebook-Post-Landscape-940x675.jpg","et-pb-portfolio-image":"https:\/\/www.saferide.ph\/wp-content\/uploads\/2023\/05\/car-rental-iloilo-Facebook-Post-Landscape-400x284.jpg","et-pb-portfolio-module-image":"https:\/\/www.saferide.ph\/wp-content\/uploads\/2023\/05\/car-rental-iloilo-Facebook-Post-Landscape-510x382.jpg","et-pb-portfolio-image-single":"https:\/\/www.saferide.ph\/wp-content\/uploads\/2023\/05\/car-rental-iloilo-Facebook-Post-Landscape.jpg","et-pb-gallery-module-image-portrait":"https:\/\/www.saferide.ph\/wp-content\/uploads\/2023\/05\/car-rental-iloilo-Facebook-Post-Landscape-400x516.jpg","et-pb-post-main-image-fullwidth-large":"https:\/\/www.saferide.ph\/wp-content\/uploads\/2023\/05\/car-rental-iloilo-Facebook-Post-Landscape.jpg","et-pb-image--responsive--desktop":"https:\/\/www.saferide.ph\/wp-content\/uploads\/2023\/05\/car-rental-iloilo-Facebook-Post-Landscape.jpg","et-pb-image--responsive--tablet":"https:\/\/www.saferide.ph\/wp-content\/uploads\/2023\/05\/car-rental-iloilo-Facebook-Post-Landscape.jpg","et-pb-image--responsive--phone":"https:\/\/www.saferide.ph\/wp-content\/uploads\/2023\/05\/car-rental-iloilo-Facebook-Post-Landscape-480x402.jpg","chbs_vehicle":"https:\/\/www.saferide.ph\/wp-content\/uploads\/2023\/05\/car-rental-iloilo-Facebook-Post-Landscape-365x306.jpg","chbs_vehicle_2":"https:\/\/www.saferide.ph\/wp-content\/uploads\/2023\/05\/car-rental-iloilo-Facebook-Post-Landscape-636x533.jpg","woocommerce_thumbnail":"https:\/\/www.saferide.ph\/wp-content\/uploads\/2023\/05\/car-rental-iloilo-Facebook-Post-Landscape-300x300.jpg","woocommerce_single":"https:\/\/www.saferide.ph\/wp-content\/uploads\/2023\/05\/car-rental-iloilo-Facebook-Post-Landscape.jpg","woocommerce_gallery_thumbnail":"https:\/\/www.saferide.ph\/wp-content\/uploads\/2023\/05\/car-rental-iloilo-Facebook-Post-Landscape-100x100.jpg","full":"https:\/\/www.saferide.ph\/wp-content\/uploads\/2023\/05\/car-rental-iloilo-Facebook-Post-Landscape.jpg"},"_links":{"self":[{"href":"https:\/\/www.saferide.ph\/de\/wp-json\/wp\/v2\/pages\/61217","targetHints":{"allow":["GET"]}}],"collection":[{"href":"https:\/\/www.saferide.ph\/de\/wp-json\/wp\/v2\/pages"}],"about":[{"href":"https:\/\/www.saferide.ph\/de\/wp-json\/wp\/v2\/types\/page"}],"author":[{"embeddable":true,"href":"https:\/\/www.saferide.ph\/de\/wp-json\/wp\/v2\/users\/1"}],"replies":[{"embeddable":true,"href":"https:\/\/www.saferide.ph\/de\/wp-json\/wp\/v2\/comments?post=61217"}],"version-history":[{"count":0,"href":"https:\/\/www.saferide.ph\/de\/wp-json\/wp\/v2\/pages\/61217\/revisions"}],"up":[{"embeddable":true,"href":"https:\/\/www.saferide.ph\/de\/wp-json\/wp\/v2\/pages\/61237"}],"wp:featuredmedia":[{"embeddable":true,"href":"https:\/\/www.saferide.ph\/de\/wp-json\/wp\/v2\/media\/61219"}],"wp:attachment":[{"href":"https:\/\/www.saferide.ph\/de\/wp-json\/wp\/v2\/media?parent=61217"}],"curies":[{"name":"wp","href":"https:\/\/api.w.org\/{rel}","templated":true}]}}